{"id":1182,"date":"2024-02-23T11:10:15","date_gmt":"2024-02-23T10:10:15","guid":{"rendered":"https:\/\/www.monplaisir.geek-tonic.dev\/besichtigung-von-saint-trojan-les-bains\/"},"modified":"2024-04-04T14:24:10","modified_gmt":"2024-04-04T12:24:10","slug":"besichtigung-von-saint-trojan-les-bains","status":"publish","type":"page","link":"https:\/\/monplaisir.geek-tonic.dev\/de\/besichtigung-von-saint-trojan-les-bains\/","title":{"rendered":"Saint-Trojan-les-Bains"},"content":{"rendered":"<section id=\"ls-section-block_94623c3b5e8821eb98fbfd9a7f223a74\" class=\"ls-section  page-one has-background has-color-4-background-color has-m-t m-t-0 has-m-b m-b-0 has-p-t p-t-14 has-p-b p-b-14\" >\r\n        <div class=\"container container--wide\">\r\n        \n\n<div class=\"wp-block-columns is-layout-flex wp-container-core-columns-is-layout-1 wp-block-columns-is-layout-flex\">\n<div class=\"wp-block-column animated fadeInLeft delay-100ms slow is-layout-flow wp-block-column-is-layout-flow\" style=\"flex-basis:45%\">\n<figure class=\"wp-block-image size-full\"><a href=\"https:\/\/www.monplaisir.geek-tonic.dev\/wp-content\/uploads\/sites\/12\/2024\/02\/chateau-cable-saint-trojan-les-bains-camping-il-d-oleron.webp\"><img decoding=\"async\" width=\"1200\" height=\"800\" src=\"https:\/\/www.monplaisir.geek-tonic.dev\/wp-content\/uploads\/sites\/12\/2024\/02\/chateau-cable-saint-trojan-les-bains-camping-il-d-oleron.webp\" alt=\"chateau cable saint trojan les bains camping il d'oleron\" class=\"wp-image-852\" srcset=\"https:\/\/monplaisir.geek-tonic.dev\/wp-content\/uploads\/sites\/12\/2024\/02\/chateau-cable-saint-trojan-les-bains-camping-il-d-oleron.webp 1200w, https:\/\/monplaisir.geek-tonic.dev\/wp-content\/uploads\/sites\/12\/2024\/02\/chateau-cable-saint-trojan-les-bains-camping-il-d-oleron-300x200.webp 300w, https:\/\/monplaisir.geek-tonic.dev\/wp-content\/uploads\/sites\/12\/2024\/02\/chateau-cable-saint-trojan-les-bains-camping-il-d-oleron-1024x683.webp 1024w, https:\/\/monplaisir.geek-tonic.dev\/wp-content\/uploads\/sites\/12\/2024\/02\/chateau-cable-saint-trojan-les-bains-camping-il-d-oleron-768x512.webp 768w\" sizes=\"(max-width: 1200px) 100vw, 1200px\" \/><\/a><\/figure>\n<\/div>\n\n\n\n<div class=\"wp-block-column is-vertically-aligned-center animated fadeInRight slow is-layout-flow wp-block-column-is-layout-flow\" style=\"flex-basis:55%\">\n<h1 class=\"ls__heading wp-block-heading\">Campingplatz in der N\u00e4he von Saint-Trojan-les-Bains<\/h1>\n\n\n\n<h2 class=\"ls__heading wp-block-heading\">Campingplatz 10 min vom Petite Plage entfernt<\/h2>\n\n\n\n<p class=\"ls-paragraph\"><strong>La Petite Plage<\/strong> liegt nur 10 Gehminuten von Ihrem Campingplatz entfernt und ist ein idealer Ort f\u00fcr alle, die das Meer und die Sonne lieben. Dieser Strand bietet einen idyllischen Rahmen, um sich zu entspannen und die Atlantikk\u00fcste zu genie\u00dfen. Mit seinem feinen, goldenen Sand und dem klaren, flachen Wasser ist er perfekt f\u00fcr das <strong>Baden mit der ganzen Familie<\/strong>.  <\/p>\n\n\n\n<p class=\"ls-paragraph\">Ob Sie in der Sonne liegen, mit den Kindern <strong>Sandburgen<\/strong> bauen oder <strong>Wassersportaktivit\u00e4ten<\/strong> nachgehen wollen, La Petite Plage empf\u00e4ngt Sie in einer authentischen Atmosph\u00e4re. Ein Abstecher zu diesem Strand ist ein Muss f\u00fcr Ihren Aufenthalt.<\/p>\n<\/div>\n<\/div>\n\n\r\n    <\/div>\r\n<\/section><section id=\"ls-section-block_4d73de59b5e12cd597fb1a7dceadf9ab\" class=\"ls-section  home-gallery has-background has-color-4-background-color has-m-t m-t-0 has-p-t p-t-0\" >\r\n        <div class=\"container container--full\">\r\n        \n\n<figure class=\"wp-block-gallery has-nested-images columns-1 is-cropped galerie-slider-container wp-block-gallery-1 is-layout-flex wp-block-gallery-is-layout-flex\">\n<figure class=\"wp-block-image size-full\"><a href=\"https:\/\/www.monplaisir.geek-tonic.dev\/wp-content\/uploads\/sites\/12\/2024\/02\/kayak-camping-ile-d-oleron.webp\"><img decoding=\"async\" width=\"1200\" height=\"800\" src=\"https:\/\/www.monplaisir.geek-tonic.dev\/wp-content\/uploads\/sites\/12\/2024\/02\/kayak-camping-ile-d-oleron.webp\" alt=\"kajak camping ile d oleron\" class=\"wp-image-795\" srcset=\"https:\/\/monplaisir.geek-tonic.dev\/wp-content\/uploads\/sites\/12\/2024\/02\/kayak-camping-ile-d-oleron.webp 1200w, https:\/\/monplaisir.geek-tonic.dev\/wp-content\/uploads\/sites\/12\/2024\/02\/kayak-camping-ile-d-oleron-300x200.webp 300w, https:\/\/monplaisir.geek-tonic.dev\/wp-content\/uploads\/sites\/12\/2024\/02\/kayak-camping-ile-d-oleron-1024x683.webp 1024w, https:\/\/monplaisir.geek-tonic.dev\/wp-content\/uploads\/sites\/12\/2024\/02\/kayak-camping-ile-d-oleron-768x512.webp 768w\" sizes=\"(max-width: 1200px) 100vw, 1200px\" \/><\/a><\/figure>\n\n\n\n<figure class=\"wp-block-image size-full\"><a href=\"https:\/\/www.monplaisir.geek-tonic.dev\/wp-content\/uploads\/sites\/12\/2024\/02\/promotions-couple-camping-il-d-oleron.webp\"><img decoding=\"async\" width=\"1200\" height=\"800\" src=\"https:\/\/www.monplaisir.geek-tonic.dev\/wp-content\/uploads\/sites\/12\/2024\/02\/promotions-couple-camping-il-d-oleron.webp\" alt=\"paar promotions camping il d'oleron\" class=\"wp-image-755\" srcset=\"https:\/\/monplaisir.geek-tonic.dev\/wp-content\/uploads\/sites\/12\/2024\/02\/promotions-couple-camping-il-d-oleron.webp 1200w, https:\/\/monplaisir.geek-tonic.dev\/wp-content\/uploads\/sites\/12\/2024\/02\/promotions-couple-camping-il-d-oleron-300x200.webp 300w, https:\/\/monplaisir.geek-tonic.dev\/wp-content\/uploads\/sites\/12\/2024\/02\/promotions-couple-camping-il-d-oleron-1024x683.webp 1024w, https:\/\/monplaisir.geek-tonic.dev\/wp-content\/uploads\/sites\/12\/2024\/02\/promotions-couple-camping-il-d-oleron-768x512.webp 768w\" sizes=\"(max-width: 1200px) 100vw, 1200px\" \/><\/a><\/figure>\n\n\n\n<figure class=\"wp-block-image size-full\"><a href=\"https:\/\/www.monplaisir.geek-tonic.dev\/wp-content\/uploads\/sites\/12\/2024\/01\/avis-camping-oleron.webp\"><img decoding=\"async\" width=\"1435\" height=\"1000\" src=\"https:\/\/www.monplaisir.geek-tonic.dev\/wp-content\/uploads\/sites\/12\/2024\/01\/avis-camping-oleron.webp\" alt=\"bewertung camping oleron\" class=\"wp-image-584\" srcset=\"https:\/\/monplaisir.geek-tonic.dev\/wp-content\/uploads\/sites\/12\/2024\/01\/avis-camping-oleron.webp 1435w, https:\/\/monplaisir.geek-tonic.dev\/wp-content\/uploads\/sites\/12\/2024\/01\/avis-camping-oleron-300x209.webp 300w, https:\/\/monplaisir.geek-tonic.dev\/wp-content\/uploads\/sites\/12\/2024\/01\/avis-camping-oleron-1024x714.webp 1024w, https:\/\/monplaisir.geek-tonic.dev\/wp-content\/uploads\/sites\/12\/2024\/01\/avis-camping-oleron-768x535.webp 768w\" sizes=\"(max-width: 1435px) 100vw, 1435px\" \/><\/a><\/figure>\n<\/figure>\n\n\r\n    <\/div>\r\n<\/section><section id=\"ls-section-block_db840d43db19f2b95633c7fbf67010d7\" class=\"ls-section  page-one aventure\" >\r\n        <div class=\"container container--wide\">\r\n        \n\n<div class=\"wp-block-columns is-layout-flex wp-container-core-columns-is-layout-2 wp-block-columns-is-layout-flex\">\n<div class=\"wp-block-column first animated fadeInLeft delay-100ms slow is-layout-flow wp-block-column-is-layout-flow\" style=\"flex-basis:45%\">\n<figure class=\"wp-block-image size-full\"><a href=\"https:\/\/www.monplaisir.geek-tonic.dev\/wp-content\/uploads\/sites\/12\/2024\/01\/camping-famille-ile-d-oleron.webp\"><img decoding=\"async\" width=\"1500\" height=\"1000\" src=\"https:\/\/www.monplaisir.geek-tonic.dev\/wp-content\/uploads\/sites\/12\/2024\/01\/camping-famille-ile-d-oleron.webp\" alt=\"familiencamping ile d'oleron\" class=\"wp-image-586\" srcset=\"https:\/\/monplaisir.geek-tonic.dev\/wp-content\/uploads\/sites\/12\/2024\/01\/camping-famille-ile-d-oleron.webp 1500w, https:\/\/monplaisir.geek-tonic.dev\/wp-content\/uploads\/sites\/12\/2024\/01\/camping-famille-ile-d-oleron-300x200.webp 300w, https:\/\/monplaisir.geek-tonic.dev\/wp-content\/uploads\/sites\/12\/2024\/01\/camping-famille-ile-d-oleron-1024x683.webp 1024w, https:\/\/monplaisir.geek-tonic.dev\/wp-content\/uploads\/sites\/12\/2024\/01\/camping-famille-ile-d-oleron-768x512.webp 768w\" sizes=\"(max-width: 1500px) 100vw, 1500px\" \/><\/a><\/figure>\n<\/div>\n\n\n\n<div class=\"wp-block-column is-vertically-aligned-center second animated fadeInRight slow is-layout-flow wp-block-column-is-layout-flow\" style=\"flex-basis:55%\">\n<h2 class=\"ls__heading wp-block-heading has-text-align-left\">Was man in Saint-Trojan-les-Bains unternehmen kann<\/h2>\n\n\n\n<p class=\"ls-paragraph\">Schlendern Sie zum <strong>Hafen von Saint-Trojan-les-Bains<\/strong> mit der <strong>typischen<\/strong> <strong>Atmosph\u00e4re<\/strong> <strong>eines Fischerdorfes<\/strong>. Es ist ein lebhafter Ort, an dem Sie in den \u00f6rtlichen Restaurants<strong> frische Meeresfr\u00fcchte genie\u00dfen <\/strong>oder an den Kais entlang schlendern und die <strong>Sportboote<\/strong> beobachten k\u00f6nnen.<\/p>\n\n\n\n<p class=\"ls-paragraph\">F\u00fcr einen Hauch von Unterhaltung sorgt das<strong> Casino in Saint-Trojan<\/strong>, das Gl\u00fccksspiele, Abendshows und eine unterhaltsame Atmosph\u00e4re bietet. In der <strong>Sommersaison<\/strong> werden auf dem <strong>farbenfrohen<\/strong> <strong>Markt<\/strong> jeden Tag eine Vielzahl von <strong>lokalen<\/strong> <strong>Produkten<\/strong>, <strong>Kunsthandwerk<\/strong> und regionalen <strong>Spezialit\u00e4ten<\/strong> angeboten. Dies ist der ideale Ort, um Souvenirs und <strong>gastronomische<\/strong> Produkte zu entdecken. Au\u00dferdem ist es der Ausgangspunkt f\u00fcr zahlreiche <strong>Bootsausfl\u00fcge<\/strong>, um die Umgebung zu erkunden.<\/p>\n\n\n\n<p class=\"ls-paragraph\">Der Hafen von Saint-Trojan-les-Bains ist von Ihrem Campingplatz aus leicht zu erreichen. Vom Bahnhof im S\u00fcden der Insel Ol\u00e9ron aus f\u00fchrt Sie der <strong>P&#8217;tit Train de Saint-Trojan<\/strong> auf einer Strecke von 12 km hin und zur\u00fcck zu wundersch\u00f6nen Landschaften mit feinem Sand und Pinienw\u00e4ldern, die auf der Stra\u00dfe nicht erreichbar sind. Er bedient insbesondere die Str\u00e4nde von Gatseau und Maumusson an der C\u00f4te Sauvage. Im Juli und August bietet er Ihnen mit seinen <strong>&#8222;Trains du soleil Couchant&#8220; (Z\u00fcge des Sonnenuntergangs<\/strong>) magische Spazierg\u00e4nge an.<\/p>\n<\/div>\n<\/div>\n\n\r\n    <\/div>\r\n<\/section><section id=\"ls-section-block_8371256f98023943112230782d08dcb4\" class=\"ls-section  page-maillage experience has-m-t m-t-0 has-p-t p-t-10\" >\r\n        <div class=\"container container--wide\">\r\n        \n\n<div id=\"ls-heading ls-titre-div-block_efce23616413128a09fa15fda81ada30\" class=\"ls-titre-div aligncenter h2-like\" >\n    <strong>Entdecken Sie die<\/strong> Umgebung<\/div>\n\n\n<div id=\"ls-maillage-block_b29e31bf703dd9b6eb398697037b3a81\" class=\"ls-maillage cta-style-normal\" data-rows=\"3\">\n    <div class=\"wp-block-columns\"><div class=\"wp-block-column\"><div id=\"destinations\" class=\"ls-cta\">\n\n<a href=\"https:\/\/monplaisir.geek-tonic.dev\/de\/tourismus-ile-doleron\/\" target=\"\" rel=\"noopener\" class=\"ls-cta__link\">\n\n\t<div class=\"ls-cta__image\"><img decoding=\"async\" src=\"https:\/\/monplaisir.geek-tonic.dev\/wp-content\/uploads\/sites\/12\/2024\/02\/tourisme-ile-d-oleron-1.webp\" alt=\"tourismus ile d oleron\"><\/div>\n\t<div class=\"ls-cta__title\">\n\t\tBesuchen Sie die Insel Ol\u00e9ron\t<\/div>\n\n\t\t\n<\/a><\/div><\/div><div class=\"wp-block-column\"><div id=\"destinations\" class=\"ls-cta\">\n\n<a href=\"https:\/\/monplaisir.geek-tonic.dev\/de\/tourismus-in-saint-denis-doleron\/\" target=\"\" rel=\"noopener\" class=\"ls-cta__link\">\n\n\t<div class=\"ls-cta__image\"><img decoding=\"async\" src=\"https:\/\/monplaisir.geek-tonic.dev\/wp-content\/uploads\/sites\/12\/2024\/02\/tourisme-saint-denis-d-oleron-1.webp\" alt=\"tourismus saint denis d oleron\"><\/div>\n\t<div class=\"ls-cta__title\">\n\t\tSaint Denis d&#8217;Ol\u00e9ron\t<\/div>\n\n\t\t\n<\/a><\/div><\/div><div class=\"wp-block-column\"><div id=\"destinations\" class=\"ls-cta\">\n\n<a href=\"https:\/\/monplaisir.geek-tonic.dev\/de\/camping-in-der-naehe-von-la-rochelle\/\" target=\"\" rel=\"noopener\" class=\"ls-cta__link\">\n\n\t<div class=\"ls-cta__image\"><img decoding=\"async\" src=\"https:\/\/monplaisir.geek-tonic.dev\/wp-content\/uploads\/sites\/12\/2024\/02\/tourisme-la-rochelle-1.webp\" alt=\"\"><\/div>\n\t<div class=\"ls-cta__title\">\n\t\tLa Rochelle\t<\/div>\n\n\t\t\n<\/a><\/div><\/div><\/div><\/div>\n\r\n    <\/div>\r\n<\/section>","protected":false},"excerpt":{"rendered":"","protected":false},"author":1,"featured_media":1184,"parent":0,"menu_order":0,"comment_status":"closed","ping_status":"closed","template":"","meta":{"_acf_changed":false,"footnotes":""},"sujet":[],"class_list":["post-1182","page","type-page","status-publish","has-post-thumbnail","hentry"],"acf":[],"yoast_head":"<!-- This site is optimized with the Yoast SEO plugin v23.9 - https:\/\/yoast.com\/wordpress\/plugins\/seo\/ -->\n<title>Entdecken Sie Saint-Trojan-les-Bains in der N\u00e4he des Campingplatzes: Tauchen, Schnorcheln<\/title>\n<meta name=\"description\" content=\"Auf Ihrem Campingplatz in der N\u00e4he von Saint-Trojan-les-Bains k\u00f6nnen Sie den Petite plage und die Atmosph\u00e4re eines authentischen Fischerdorfs genie\u00dfen.\" \/>\n<meta name=\"robots\" content=\"noindex, follow, max-snippet:-1, max-image-preview:large, max-video-preview:-1\" \/>\n<meta property=\"og:locale\" content=\"de_DE\" \/>\n<meta property=\"og:type\" content=\"article\" \/>\n<meta property=\"og:title\" content=\"Entdecken Sie Saint-Trojan-les-Bains in der N\u00e4he des Campingplatzes: Tauchen, Schnorcheln\" \/>\n<meta property=\"og:description\" content=\"Auf Ihrem Campingplatz in der N\u00e4he von Saint-Trojan-les-Bains k\u00f6nnen Sie den Petite plage und die Atmosph\u00e4re eines authentischen Fischerdorfs genie\u00dfen.\" \/>\n<meta property=\"og:url\" content=\"https:\/\/monplaisir.geek-tonic.dev\/de\/besichtigung-von-saint-trojan-les-bains\/\" \/>\n<meta property=\"og:site_name\" content=\"Camping Monplaisir\" \/>\n<meta property=\"article:modified_time\" content=\"2024-04-04T12:24:10+00:00\" \/>\n<meta property=\"og:image\" content=\"https:\/\/monplaisir.geek-tonic.dev\/wp-content\/uploads\/sites\/12\/2024\/02\/tourisme-saint-trojan-les-bains-1.webp\" \/>\n\t<meta property=\"og:image:width\" content=\"2000\" \/>\n\t<meta property=\"og:image:height\" content=\"1000\" \/>\n\t<meta property=\"og:image:type\" content=\"image\/webp\" \/>\n<meta name=\"twitter:card\" content=\"summary_large_image\" \/>\n<meta name=\"twitter:label1\" content=\"Gesch\u00e4tzte Lesezeit\" \/>\n\t<meta name=\"twitter:data1\" content=\"2\u00a0Minuten\" \/>\n<script type=\"application\/ld+json\" class=\"yoast-schema-graph\">{\"@context\":\"https:\/\/schema.org\",\"@graph\":[{\"@type\":\"WebPage\",\"@id\":\"https:\/\/monplaisir.geek-tonic.dev\/de\/besichtigung-von-saint-trojan-les-bains\/\",\"url\":\"https:\/\/monplaisir.geek-tonic.dev\/de\/besichtigung-von-saint-trojan-les-bains\/\",\"name\":\"Entdecken Sie Saint-Trojan-les-Bains in der N\u00e4he des Campingplatzes: Tauchen, Schnorcheln\",\"isPartOf\":{\"@id\":\"https:\/\/monplaisir.geek-tonic.dev\/de\/#website\"},\"primaryImageOfPage\":{\"@id\":\"https:\/\/monplaisir.geek-tonic.dev\/de\/besichtigung-von-saint-trojan-les-bains\/#primaryimage\"},\"image\":{\"@id\":\"https:\/\/monplaisir.geek-tonic.dev\/de\/besichtigung-von-saint-trojan-les-bains\/#primaryimage\"},\"thumbnailUrl\":\"https:\/\/monplaisir.geek-tonic.dev\/wp-content\/uploads\/sites\/12\/2024\/02\/tourisme-saint-trojan-les-bains-1.webp\",\"datePublished\":\"2024-02-23T10:10:15+00:00\",\"dateModified\":\"2024-04-04T12:24:10+00:00\",\"description\":\"Auf Ihrem Campingplatz in der N\u00e4he von Saint-Trojan-les-Bains k\u00f6nnen Sie den Petite plage und die Atmosph\u00e4re eines authentischen Fischerdorfs genie\u00dfen.\",\"breadcrumb\":{\"@id\":\"https:\/\/monplaisir.geek-tonic.dev\/de\/besichtigung-von-saint-trojan-les-bains\/#breadcrumb\"},\"inLanguage\":\"de\",\"potentialAction\":[{\"@type\":\"ReadAction\",\"target\":[\"https:\/\/monplaisir.geek-tonic.dev\/de\/besichtigung-von-saint-trojan-les-bains\/\"]}]},{\"@type\":\"ImageObject\",\"inLanguage\":\"de\",\"@id\":\"https:\/\/monplaisir.geek-tonic.dev\/de\/besichtigung-von-saint-trojan-les-bains\/#primaryimage\",\"url\":\"https:\/\/monplaisir.geek-tonic.dev\/wp-content\/uploads\/sites\/12\/2024\/02\/tourisme-saint-trojan-les-bains-1.webp\",\"contentUrl\":\"https:\/\/monplaisir.geek-tonic.dev\/wp-content\/uploads\/sites\/12\/2024\/02\/tourisme-saint-trojan-les-bains-1.webp\",\"width\":2000,\"height\":1000,\"caption\":\"tourismus saint trojan les bains\"},{\"@type\":\"BreadcrumbList\",\"@id\":\"https:\/\/monplaisir.geek-tonic.dev\/de\/besichtigung-von-saint-trojan-les-bains\/#breadcrumb\",\"itemListElement\":[{\"@type\":\"ListItem\",\"position\":1,\"name\":\"Camping sur l\u2019\u00cele d'Ol\u00e9ron\",\"item\":\"https:\/\/monplaisir.geek-tonic.dev\/de\/\"},{\"@type\":\"ListItem\",\"position\":2,\"name\":\"Besichtigung von Saint-Trojan-les-Bains\"}]},{\"@type\":\"WebSite\",\"@id\":\"https:\/\/monplaisir.geek-tonic.dev\/de\/#website\",\"url\":\"https:\/\/monplaisir.geek-tonic.dev\/de\/\",\"name\":\"Camping Monplaisir\",\"description\":\"\",\"publisher\":{\"@id\":\"https:\/\/monplaisir.geek-tonic.dev\/de\/#organization\"},\"potentialAction\":[{\"@type\":\"SearchAction\",\"target\":{\"@type\":\"EntryPoint\",\"urlTemplate\":\"https:\/\/monplaisir.geek-tonic.dev\/de\/?s={search_term_string}\"},\"query-input\":{\"@type\":\"PropertyValueSpecification\",\"valueRequired\":true,\"valueName\":\"search_term_string\"}}],\"inLanguage\":\"de\"},{\"@type\":\"Organization\",\"@id\":\"https:\/\/monplaisir.geek-tonic.dev\/de\/#organization\",\"name\":\"Camping Monplaisir\",\"url\":\"https:\/\/monplaisir.geek-tonic.dev\/de\/\",\"logo\":{\"@type\":\"ImageObject\",\"inLanguage\":\"de\",\"@id\":\"https:\/\/monplaisir.geek-tonic.dev\/de\/#\/schema\/logo\/image\/\",\"url\":\"https:\/\/monplaisir.geek-tonic.dev\/wp-content\/uploads\/sites\/12\/2024\/02\/cropped-logo-Flower-camping-Monplaisir.png\",\"contentUrl\":\"https:\/\/monplaisir.geek-tonic.dev\/wp-content\/uploads\/sites\/12\/2024\/02\/cropped-logo-Flower-camping-Monplaisir.png\",\"width\":500,\"height\":660,\"caption\":\"Camping Monplaisir\"},\"image\":{\"@id\":\"https:\/\/monplaisir.geek-tonic.dev\/de\/#\/schema\/logo\/image\/\"}}]}<\/script>\n<!-- \/ Yoast SEO plugin. -->","yoast_head_json":{"title":"Entdecken Sie Saint-Trojan-les-Bains in der N\u00e4he des Campingplatzes: Tauchen, Schnorcheln","description":"Auf Ihrem Campingplatz in der N\u00e4he von Saint-Trojan-les-Bains k\u00f6nnen Sie den Petite plage und die Atmosph\u00e4re eines authentischen Fischerdorfs genie\u00dfen.","robots":{"index":"noindex","follow":"follow","max-snippet":"max-snippet:-1","max-image-preview":"max-image-preview:large","max-video-preview":"max-video-preview:-1"},"og_locale":"de_DE","og_type":"article","og_title":"Entdecken Sie Saint-Trojan-les-Bains in der N\u00e4he des Campingplatzes: Tauchen, Schnorcheln","og_description":"Auf Ihrem Campingplatz in der N\u00e4he von Saint-Trojan-les-Bains k\u00f6nnen Sie den Petite plage und die Atmosph\u00e4re eines authentischen Fischerdorfs genie\u00dfen.","og_url":"https:\/\/monplaisir.geek-tonic.dev\/de\/besichtigung-von-saint-trojan-les-bains\/","og_site_name":"Camping Monplaisir","article_modified_time":"2024-04-04T12:24:10+00:00","og_image":[{"width":2000,"height":1000,"url":"https:\/\/monplaisir.geek-tonic.dev\/wp-content\/uploads\/sites\/12\/2024\/02\/tourisme-saint-trojan-les-bains-1.webp","type":"image\/webp"}],"twitter_card":"summary_large_image","twitter_misc":{"Gesch\u00e4tzte Lesezeit":"2\u00a0Minuten"},"schema":{"@context":"https:\/\/schema.org","@graph":[{"@type":"WebPage","@id":"https:\/\/monplaisir.geek-tonic.dev\/de\/besichtigung-von-saint-trojan-les-bains\/","url":"https:\/\/monplaisir.geek-tonic.dev\/de\/besichtigung-von-saint-trojan-les-bains\/","name":"Entdecken Sie Saint-Trojan-les-Bains in der N\u00e4he des Campingplatzes: Tauchen, Schnorcheln","isPartOf":{"@id":"https:\/\/monplaisir.geek-tonic.dev\/de\/#website"},"primaryImageOfPage":{"@id":"https:\/\/monplaisir.geek-tonic.dev\/de\/besichtigung-von-saint-trojan-les-bains\/#primaryimage"},"image":{"@id":"https:\/\/monplaisir.geek-tonic.dev\/de\/besichtigung-von-saint-trojan-les-bains\/#primaryimage"},"thumbnailUrl":"https:\/\/monplaisir.geek-tonic.dev\/wp-content\/uploads\/sites\/12\/2024\/02\/tourisme-saint-trojan-les-bains-1.webp","datePublished":"2024-02-23T10:10:15+00:00","dateModified":"2024-04-04T12:24:10+00:00","description":"Auf Ihrem Campingplatz in der N\u00e4he von Saint-Trojan-les-Bains k\u00f6nnen Sie den Petite plage und die Atmosph\u00e4re eines authentischen Fischerdorfs genie\u00dfen.","breadcrumb":{"@id":"https:\/\/monplaisir.geek-tonic.dev\/de\/besichtigung-von-saint-trojan-les-bains\/#breadcrumb"},"inLanguage":"de","potentialAction":[{"@type":"ReadAction","target":["https:\/\/monplaisir.geek-tonic.dev\/de\/besichtigung-von-saint-trojan-les-bains\/"]}]},{"@type":"ImageObject","inLanguage":"de","@id":"https:\/\/monplaisir.geek-tonic.dev\/de\/besichtigung-von-saint-trojan-les-bains\/#primaryimage","url":"https:\/\/monplaisir.geek-tonic.dev\/wp-content\/uploads\/sites\/12\/2024\/02\/tourisme-saint-trojan-les-bains-1.webp","contentUrl":"https:\/\/monplaisir.geek-tonic.dev\/wp-content\/uploads\/sites\/12\/2024\/02\/tourisme-saint-trojan-les-bains-1.webp","width":2000,"height":1000,"caption":"tourismus saint trojan les bains"},{"@type":"BreadcrumbList","@id":"https:\/\/monplaisir.geek-tonic.dev\/de\/besichtigung-von-saint-trojan-les-bains\/#breadcrumb","itemListElement":[{"@type":"ListItem","position":1,"name":"Camping sur l\u2019\u00cele d'Ol\u00e9ron","item":"https:\/\/monplaisir.geek-tonic.dev\/de\/"},{"@type":"ListItem","position":2,"name":"Besichtigung von Saint-Trojan-les-Bains"}]},{"@type":"WebSite","@id":"https:\/\/monplaisir.geek-tonic.dev\/de\/#website","url":"https:\/\/monplaisir.geek-tonic.dev\/de\/","name":"Camping Monplaisir","description":"","publisher":{"@id":"https:\/\/monplaisir.geek-tonic.dev\/de\/#organization"},"potentialAction":[{"@type":"SearchAction","target":{"@type":"EntryPoint","urlTemplate":"https:\/\/monplaisir.geek-tonic.dev\/de\/?s={search_term_string}"},"query-input":{"@type":"PropertyValueSpecification","valueRequired":true,"valueName":"search_term_string"}}],"inLanguage":"de"},{"@type":"Organization","@id":"https:\/\/monplaisir.geek-tonic.dev\/de\/#organization","name":"Camping Monplaisir","url":"https:\/\/monplaisir.geek-tonic.dev\/de\/","logo":{"@type":"ImageObject","inLanguage":"de","@id":"https:\/\/monplaisir.geek-tonic.dev\/de\/#\/schema\/logo\/image\/","url":"https:\/\/monplaisir.geek-tonic.dev\/wp-content\/uploads\/sites\/12\/2024\/02\/cropped-logo-Flower-camping-Monplaisir.png","contentUrl":"https:\/\/monplaisir.geek-tonic.dev\/wp-content\/uploads\/sites\/12\/2024\/02\/cropped-logo-Flower-camping-Monplaisir.png","width":500,"height":660,"caption":"Camping Monplaisir"},"image":{"@id":"https:\/\/monplaisir.geek-tonic.dev\/de\/#\/schema\/logo\/image\/"}}]}},"_links":{"self":[{"href":"https:\/\/monplaisir.geek-tonic.dev\/de\/wp-json\/wp\/v2\/pages\/1182","targetHints":{"allow":["GET"]}}],"collection":[{"href":"https:\/\/monplaisir.geek-tonic.dev\/de\/wp-json\/wp\/v2\/pages"}],"about":[{"href":"https:\/\/monplaisir.geek-tonic.dev\/de\/wp-json\/wp\/v2\/types\/page"}],"author":[{"embeddable":true,"href":"https:\/\/monplaisir.geek-tonic.dev\/de\/wp-json\/wp\/v2\/users\/1"}],"replies":[{"embeddable":true,"href":"https:\/\/monplaisir.geek-tonic.dev\/de\/wp-json\/wp\/v2\/comments?post=1182"}],"version-history":[{"count":1,"href":"https:\/\/monplaisir.geek-tonic.dev\/de\/wp-json\/wp\/v2\/pages\/1182\/revisions"}],"predecessor-version":[{"id":1197,"href":"https:\/\/monplaisir.geek-tonic.dev\/de\/wp-json\/wp\/v2\/pages\/1182\/revisions\/1197"}],"wp:featuredmedia":[{"embeddable":true,"href":"https:\/\/monplaisir.geek-tonic.dev\/de\/wp-json\/wp\/v2\/media\/1184"}],"wp:attachment":[{"href":"https:\/\/monplaisir.geek-tonic.dev\/de\/wp-json\/wp\/v2\/media?parent=1182"}],"wp:term":[{"taxonomy":"sujet","embeddable":true,"href":"https:\/\/monplaisir.geek-tonic.dev\/de\/wp-json\/wp\/v2\/sujet?post=1182"}],"curies":[{"name":"wp","href":"https:\/\/api.w.org\/{rel}","templated":true}]}}