{"id":1212,"date":"2024-02-23T11:10:48","date_gmt":"2024-02-23T10:10:48","guid":{"rendered":"https:\/\/www.monplaisir.geek-tonic.dev\/tourismus-in-saint-denis-doleron\/"},"modified":"2024-04-04T14:24:30","modified_gmt":"2024-04-04T12:24:30","slug":"tourismus-in-saint-denis-doleron","status":"publish","type":"page","link":"https:\/\/monplaisir.geek-tonic.dev\/de\/tourismus-in-saint-denis-doleron\/","title":{"rendered":"Saint Denis d&#8217;Ol\u00e9ron"},"content":{"rendered":"<section id=\"ls-section-block_e93853d23d55d2b882516020ee0f57f4\" class=\"ls-section  page-one has-background has-color-4-background-color has-m-t m-t-0 has-m-b m-b-0 has-p-t p-t-14 has-p-b p-b-14\" >\r\n        <div class=\"container container--wide\">\r\n        \n\n<div class=\"wp-block-columns is-layout-flex wp-container-core-columns-is-layout-1 wp-block-columns-is-layout-flex\">\n<div class=\"wp-block-column animated fadeInLeft delay-100ms slow is-layout-flow wp-block-column-is-layout-flow\" style=\"flex-basis:45%\">\n<figure class=\"wp-block-image size-full\"><a href=\"https:\/\/www.monplaisir.geek-tonic.dev\/wp-content\/uploads\/sites\/12\/2024\/02\/phare-chassiron-camping-ile-d-oleron-1.webp\"><img decoding=\"async\" width=\"1200\" height=\"800\" src=\"https:\/\/www.monplaisir.geek-tonic.dev\/wp-content\/uploads\/sites\/12\/2024\/02\/phare-chassiron-camping-ile-d-oleron-1.webp\" alt=\"leuchtturm chassiron camping ile d oleron 1\" class=\"wp-image-873\" srcset=\"https:\/\/monplaisir.geek-tonic.dev\/wp-content\/uploads\/sites\/12\/2024\/02\/phare-chassiron-camping-ile-d-oleron-1.webp 1200w, https:\/\/monplaisir.geek-tonic.dev\/wp-content\/uploads\/sites\/12\/2024\/02\/phare-chassiron-camping-ile-d-oleron-1-300x200.webp 300w, https:\/\/monplaisir.geek-tonic.dev\/wp-content\/uploads\/sites\/12\/2024\/02\/phare-chassiron-camping-ile-d-oleron-1-1024x683.webp 1024w, https:\/\/monplaisir.geek-tonic.dev\/wp-content\/uploads\/sites\/12\/2024\/02\/phare-chassiron-camping-ile-d-oleron-1-768x512.webp 768w\" sizes=\"(max-width: 1200px) 100vw, 1200px\" \/><\/a><\/figure>\n<\/div>\n\n\n\n<div class=\"wp-block-column is-vertically-aligned-center animated fadeInRight slow is-layout-flow wp-block-column-is-layout-flow\" style=\"flex-basis:55%\">\n<h1 class=\"ls__heading wp-block-heading\">Campingplatz in der N\u00e4he von Saint-Denis-d&#8217;Ol\u00e9ron<\/h1>\n\n\n\n<h2 class=\"ls__heading wp-block-heading\">Campingplatz 30 km vom Leuchtturm von Chassiron entfernt<\/h2>\n\n\n\n<p class=\"ls-paragraph\">Besuchen Sie den <strong>Leuchtturm<\/strong> <strong>von<\/strong> <strong>Chassiron<\/strong>. Dies ist ein <strong>Muss<\/strong>, wenn Sie sich auf der Insel Ol\u00e9ron befinden.<\/p>\n\n\n\n<p class=\"ls-paragraph\">Entdecken Sie diesen <strong>ikonischen<\/strong> <strong>Leuchtturm<\/strong> der Insel und steigen Sie bis zur Spitze hinauf, um die <strong>atemberaubende Aussicht auf den Atlantik <\/strong>und die Umgebung zu genie\u00dfen. Am Ende des Tages k\u00f6nnen Sie von der Spitze des Leuchtturms aus einen<strong> spektakul\u00e4ren Sonnenuntergang<\/strong> beobachten: ein besonders magischer Moment, den Sie w\u00e4hrend Ihres Aufenthalts am Meer erleben sollten.  <\/p>\n<\/div>\n<\/div>\n\n\r\n    <\/div>\r\n<\/section><section id=\"ls-section-block_47439030bffd8bdd5edb1486e656860d\" class=\"ls-section  home-gallery has-background has-color-4-background-color has-m-t m-t-0 has-p-t p-t-0\" >\r\n        <div class=\"container container--full\">\r\n        \n\n<figure class=\"wp-block-gallery has-nested-images columns-1 is-cropped galerie-slider-container wp-block-gallery-1 is-layout-flex wp-block-gallery-is-layout-flex\">\n<figure class=\"wp-block-image size-full\"><a href=\"https:\/\/www.monplaisir.geek-tonic.dev\/wp-content\/uploads\/sites\/12\/2024\/02\/tourisme-camping-ile-d-oleron.webp\"><img decoding=\"async\" width=\"1200\" height=\"800\" src=\"https:\/\/www.monplaisir.geek-tonic.dev\/wp-content\/uploads\/sites\/12\/2024\/02\/tourisme-camping-ile-d-oleron.webp\" alt=\"tourismus camping ile d'oleron\" class=\"wp-image-883\" srcset=\"https:\/\/monplaisir.geek-tonic.dev\/wp-content\/uploads\/sites\/12\/2024\/02\/tourisme-camping-ile-d-oleron.webp 1200w, https:\/\/monplaisir.geek-tonic.dev\/wp-content\/uploads\/sites\/12\/2024\/02\/tourisme-camping-ile-d-oleron-300x200.webp 300w, https:\/\/monplaisir.geek-tonic.dev\/wp-content\/uploads\/sites\/12\/2024\/02\/tourisme-camping-ile-d-oleron-1024x683.webp 1024w, https:\/\/monplaisir.geek-tonic.dev\/wp-content\/uploads\/sites\/12\/2024\/02\/tourisme-camping-ile-d-oleron-768x512.webp 768w\" sizes=\"(max-width: 1200px) 100vw, 1200px\" \/><\/a><\/figure>\n\n\n\n<figure class=\"wp-block-image size-full\"><a href=\"https:\/\/www.monplaisir.geek-tonic.dev\/wp-content\/uploads\/sites\/12\/2024\/01\/camping-famille-ile-d-oleron.webp\"><img decoding=\"async\" width=\"1500\" height=\"1000\" src=\"https:\/\/www.monplaisir.geek-tonic.dev\/wp-content\/uploads\/sites\/12\/2024\/01\/camping-famille-ile-d-oleron.webp\" alt=\"familiencamping ile d'oleron\" class=\"wp-image-586\" srcset=\"https:\/\/monplaisir.geek-tonic.dev\/wp-content\/uploads\/sites\/12\/2024\/01\/camping-famille-ile-d-oleron.webp 1500w, https:\/\/monplaisir.geek-tonic.dev\/wp-content\/uploads\/sites\/12\/2024\/01\/camping-famille-ile-d-oleron-300x200.webp 300w, https:\/\/monplaisir.geek-tonic.dev\/wp-content\/uploads\/sites\/12\/2024\/01\/camping-famille-ile-d-oleron-1024x683.webp 1024w, https:\/\/monplaisir.geek-tonic.dev\/wp-content\/uploads\/sites\/12\/2024\/01\/camping-famille-ile-d-oleron-768x512.webp 768w\" sizes=\"(max-width: 1500px) 100vw, 1500px\" \/><\/a><\/figure>\n\n\n\n<figure class=\"wp-block-image size-full\"><a href=\"https:\/\/www.monplaisir.geek-tonic.dev\/wp-content\/uploads\/sites\/12\/2024\/02\/famille-camping-ile-d-oleron.webp\"><img decoding=\"async\" width=\"1200\" height=\"800\" src=\"https:\/\/www.monplaisir.geek-tonic.dev\/wp-content\/uploads\/sites\/12\/2024\/02\/famille-camping-ile-d-oleron.webp\" alt=\"familie camping ile d'oleron\" class=\"wp-image-885\" srcset=\"https:\/\/monplaisir.geek-tonic.dev\/wp-content\/uploads\/sites\/12\/2024\/02\/famille-camping-ile-d-oleron.webp 1200w, https:\/\/monplaisir.geek-tonic.dev\/wp-content\/uploads\/sites\/12\/2024\/02\/famille-camping-ile-d-oleron-300x200.webp 300w, https:\/\/monplaisir.geek-tonic.dev\/wp-content\/uploads\/sites\/12\/2024\/02\/famille-camping-ile-d-oleron-1024x683.webp 1024w, https:\/\/monplaisir.geek-tonic.dev\/wp-content\/uploads\/sites\/12\/2024\/02\/famille-camping-ile-d-oleron-768x512.webp 768w\" sizes=\"(max-width: 1200px) 100vw, 1200px\" \/><\/a><\/figure>\n<\/figure>\n\n\r\n    <\/div>\r\n<\/section><section id=\"ls-section-block_37e12de04649306a7ef86a32118916b9\" class=\"ls-section  page-one aventure\" >\r\n        <div class=\"container container--wide\">\r\n        \n\n<div class=\"wp-block-columns is-layout-flex wp-container-core-columns-is-layout-2 wp-block-columns-is-layout-flex\">\n<div class=\"wp-block-column first animated fadeInLeft delay-100ms slow is-layout-flow wp-block-column-is-layout-flow\" style=\"flex-basis:45%\">\n<figure class=\"wp-block-image size-full\"><a href=\"https:\/\/www.monplaisir.geek-tonic.dev\/wp-content\/uploads\/sites\/12\/2024\/02\/plage-saint-denis-d-oleron-camping-1.webp\"><img decoding=\"async\" width=\"1200\" height=\"800\" src=\"https:\/\/www.monplaisir.geek-tonic.dev\/wp-content\/uploads\/sites\/12\/2024\/02\/plage-saint-denis-d-oleron-camping-1.webp\" alt=\"strand saint denis d oleron camping 1\" class=\"wp-image-871\" srcset=\"https:\/\/monplaisir.geek-tonic.dev\/wp-content\/uploads\/sites\/12\/2024\/02\/plage-saint-denis-d-oleron-camping-1.webp 1200w, https:\/\/monplaisir.geek-tonic.dev\/wp-content\/uploads\/sites\/12\/2024\/02\/plage-saint-denis-d-oleron-camping-1-300x200.webp 300w, https:\/\/monplaisir.geek-tonic.dev\/wp-content\/uploads\/sites\/12\/2024\/02\/plage-saint-denis-d-oleron-camping-1-1024x683.webp 1024w, https:\/\/monplaisir.geek-tonic.dev\/wp-content\/uploads\/sites\/12\/2024\/02\/plage-saint-denis-d-oleron-camping-1-768x512.webp 768w\" sizes=\"(max-width: 1200px) 100vw, 1200px\" \/><\/a><\/figure>\n<\/div>\n\n\n\n<div class=\"wp-block-column is-vertically-aligned-center second animated fadeInRight slow is-layout-flow wp-block-column-is-layout-flow\" style=\"flex-basis:55%\">\n<h2 class=\"ls__heading wp-block-heading has-text-align-left\">Was man in Saint-Denis-d&#8217;Ol\u00e9ron tun kann<\/h2>\n\n\n\n<p class=\"ls-paragraph\">Bevor Sie in Ihr Mobilheim auf dem Campingplatz Monplaisir (Empfang) zur\u00fcckkehren, sollten Sie die charmante Gemeinde Saint-Denis-d&#8217;Ol\u00e9ron erkunden.<\/p>\n\n\n\n<p class=\"ls-paragraph\">Der <strong>Yachthafen<\/strong> im Herzen der Stadt ist ein idealer Ausgangspunkt f\u00fcr die Erkundung der Atlantikk\u00fcste. Sie k\u00f6nnen<strong> an den Kais entlang schlendern <\/strong>und <strong>die bunten Boote bewundern<\/strong>, w\u00e4hrend Sie in den Restaurants einen atemberaubenden Blick auf den Hafen genie\u00dfen. <strong>Segelfans<\/strong> kommen hier voll auf ihre Kosten, denn es gibt <strong>einen<\/strong> <strong>Bootsverleih<\/strong> und <strong>Segelkurse<\/strong>.<\/p>\n\n\n\n<p class=\"ls-paragraph\">Im Stadtzentrum von <a href=\"https:\/\/www.ile-oleron-marennes.com\/decouvrir\/l-ile-d-oleron-et-le-bassin-de-marennes\/l-ile-d-oleron\/saint-denis-d-oleron\" target=\"_blank\" rel=\"noreferrer noopener\">Saint-Denis-d&#8217;Ol\u00e9ron<\/a> gibt es <strong>lebhafte lokale M\u00e4rkte<\/strong>, auf denen Sie <strong>regionale Produkte<\/strong> und<strong> kulinarische Spezialit\u00e4ten<\/strong> entdecken k\u00f6nnen. Es ist auch ein guter Ausgangspunkt f\u00fcr <strong>Ausfl\u00fcge<\/strong> zu anderen symboltr\u00e4chtigen Orten der Insel, wie dem Leuchtturm von Chassiron oder den Salzg\u00e4rten.<\/p>\n\n\n\n<p class=\"ls-paragraph\">Der nahe gelegene <strong>Strand La Boirie<\/strong> ist eine Oase aus goldenem Sand, ideal zum <strong>Schwimmen<\/strong>, <strong>Sonnenbaden<\/strong> und f\u00fcr <strong>Wassersport<\/strong>. Es ist ein perfekter Ort, um mit der Familie oder Freunden zu entspannen. Das<strong> seichte Wasser<\/strong> und der feine Sand machen ihn auch f\u00fcr j\u00fcngere Kinder geeignet.<br\/>Ob Sie nun auf der Suche nach<strong> Wassersportm\u00f6glichkeiten<\/strong>, <strong>kulinarischen K\u00f6stlichkeiten<\/strong> oder entspannenden Momenten am Strand sind, Saint-Denis-d&#8217;Ol\u00e9ron hat alles, was Besucher, die auf der Suche nach Entdeckungen auf der Insel Ol\u00e9ron sind, brauchen.<\/p>\n<\/div>\n<\/div>\n\n\r\n    <\/div>\r\n<\/section><section id=\"ls-section-block_3a1fb10d22b75801ea7aa8d50e80b5d7\" class=\"ls-section  page-maillage experience has-m-t m-t-0 has-p-t p-t-10\" >\r\n        <div class=\"container container--wide\">\r\n        \n\n<div id=\"ls-heading ls-titre-div-block_d8dd817b7e1bb47b6d27a54fd5e2b19a\" class=\"ls-titre-div aligncenter h2-like\" >\n    <strong>Entdecken Sie die<\/strong> Umgebung<\/div>\n\n\n<div id=\"ls-maillage-block_afe3ea895f25f439d6552af850145489\" class=\"ls-maillage cta-style-normal\" data-rows=\"3\">\n    <div class=\"wp-block-columns\"><div class=\"wp-block-column\"><div id=\"destinations\" class=\"ls-cta\">\n\n<a href=\"https:\/\/monplaisir.geek-tonic.dev\/de\/tourismus-ile-doleron\/\" target=\"\" rel=\"noopener\" class=\"ls-cta__link\">\n\n\t<div class=\"ls-cta__image\"><img decoding=\"async\" src=\"https:\/\/monplaisir.geek-tonic.dev\/wp-content\/uploads\/sites\/12\/2024\/02\/tourisme-ile-d-oleron-1.webp\" alt=\"tourismus ile d oleron\"><\/div>\n\t<div class=\"ls-cta__title\">\n\t\tBesuchen Sie die Insel Ol\u00e9ron\t<\/div>\n\n\t\t\n<\/a><\/div><\/div><div class=\"wp-block-column\"><div id=\"destinations\" class=\"ls-cta\">\n\n<a href=\"https:\/\/monplaisir.geek-tonic.dev\/de\/besichtigung-von-saint-trojan-les-bains\/\" target=\"\" rel=\"noopener\" class=\"ls-cta__link\">\n\n\t<div class=\"ls-cta__image\"><img decoding=\"async\" src=\"https:\/\/monplaisir.geek-tonic.dev\/wp-content\/uploads\/sites\/12\/2024\/02\/tourisme-saint-trojan-les-bains-1.webp\" alt=\"\"><\/div>\n\t<div class=\"ls-cta__title\">\n\t\tSaint-Trojan-les-Bains\t<\/div>\n\n\t\t\n<\/a><\/div><\/div><div class=\"wp-block-column\"><div id=\"destinations\" class=\"ls-cta\">\n\n<a href=\"https:\/\/monplaisir.geek-tonic.dev\/de\/camping-in-der-naehe-von-la-rochelle\/\" target=\"\" rel=\"noopener\" class=\"ls-cta__link\">\n\n\t<div class=\"ls-cta__image\"><img decoding=\"async\" src=\"https:\/\/monplaisir.geek-tonic.dev\/wp-content\/uploads\/sites\/12\/2024\/02\/tourisme-la-rochelle-1.webp\" alt=\"\"><\/div>\n\t<div class=\"ls-cta__title\">\n\t\tLa Rochelle\t<\/div>\n\n\t\t\n<\/a><\/div><\/div><\/div><\/div>\n\r\n    <\/div>\r\n<\/section>","protected":false},"excerpt":{"rendered":"","protected":false},"author":1,"featured_media":0,"parent":0,"menu_order":0,"comment_status":"closed","ping_status":"closed","template":"","meta":{"_acf_changed":false,"footnotes":""},"sujet":[],"class_list":["post-1212","page","type-page","status-publish","hentry"],"acf":[],"yoast_head":"<!-- This site is optimized with the Yoast SEO plugin v23.9 - https:\/\/yoast.com\/wordpress\/plugins\/seo\/ -->\n<title>Entdecken Sie Saint Denis d&#039;Ol\u00e9ron in der N\u00e4he des Campingplatzes: Yachthafen<\/title>\n<meta name=\"description\" content=\"Entdecken Sie Saint-Denis-d&#039;Ol\u00e9ron, seinen Jachthafen und den Leuchtturm von Chassiron, 25 km von Ihrem Campingplatz im Departement Charente-Maritime entfernt!\" \/>\n<meta name=\"robots\" content=\"noindex, follow, max-snippet:-1, max-image-preview:large, max-video-preview:-1\" \/>\n<meta property=\"og:locale\" content=\"de_DE\" \/>\n<meta property=\"og:type\" content=\"article\" \/>\n<meta property=\"og:title\" content=\"Entdecken Sie Saint Denis d&#039;Ol\u00e9ron in der N\u00e4he des Campingplatzes: Yachthafen\" \/>\n<meta property=\"og:description\" content=\"Entdecken Sie Saint-Denis-d&#039;Ol\u00e9ron, seinen Jachthafen und den Leuchtturm von Chassiron, 25 km von Ihrem Campingplatz im Departement Charente-Maritime entfernt!\" \/>\n<meta property=\"og:url\" content=\"https:\/\/monplaisir.geek-tonic.dev\/de\/tourismus-in-saint-denis-doleron\/\" \/>\n<meta property=\"og:site_name\" content=\"Camping Monplaisir\" \/>\n<meta property=\"article:modified_time\" content=\"2024-04-04T12:24:30+00:00\" \/>\n<meta property=\"og:image\" content=\"https:\/\/www.monplaisir.geek-tonic.dev\/wp-content\/uploads\/sites\/12\/2024\/02\/phare-chassiron-camping-ile-d-oleron-1.webp\" \/>\n<meta name=\"twitter:card\" content=\"summary_large_image\" \/>\n<meta name=\"twitter:label1\" content=\"Gesch\u00e4tzte Lesezeit\" \/>\n\t<meta name=\"twitter:data1\" content=\"2\u00a0Minuten\" \/>\n<script type=\"application\/ld+json\" class=\"yoast-schema-graph\">{\"@context\":\"https:\/\/schema.org\",\"@graph\":[{\"@type\":\"WebPage\",\"@id\":\"https:\/\/monplaisir.geek-tonic.dev\/de\/tourismus-in-saint-denis-doleron\/\",\"url\":\"https:\/\/monplaisir.geek-tonic.dev\/de\/tourismus-in-saint-denis-doleron\/\",\"name\":\"Entdecken Sie Saint Denis d'Ol\u00e9ron in der N\u00e4he des Campingplatzes: Yachthafen\",\"isPartOf\":{\"@id\":\"https:\/\/monplaisir.geek-tonic.dev\/de\/#website\"},\"primaryImageOfPage\":{\"@id\":\"https:\/\/monplaisir.geek-tonic.dev\/de\/tourismus-in-saint-denis-doleron\/#primaryimage\"},\"image\":{\"@id\":\"https:\/\/monplaisir.geek-tonic.dev\/de\/tourismus-in-saint-denis-doleron\/#primaryimage\"},\"thumbnailUrl\":\"https:\/\/www.monplaisir.geek-tonic.dev\/wp-content\/uploads\/sites\/12\/2024\/02\/phare-chassiron-camping-ile-d-oleron-1.webp\",\"datePublished\":\"2024-02-23T10:10:48+00:00\",\"dateModified\":\"2024-04-04T12:24:30+00:00\",\"description\":\"Entdecken Sie Saint-Denis-d'Ol\u00e9ron, seinen Jachthafen und den Leuchtturm von Chassiron, 25 km von Ihrem Campingplatz im Departement Charente-Maritime entfernt!\",\"breadcrumb\":{\"@id\":\"https:\/\/monplaisir.geek-tonic.dev\/de\/tourismus-in-saint-denis-doleron\/#breadcrumb\"},\"inLanguage\":\"de\",\"potentialAction\":[{\"@type\":\"ReadAction\",\"target\":[\"https:\/\/monplaisir.geek-tonic.dev\/de\/tourismus-in-saint-denis-doleron\/\"]}]},{\"@type\":\"ImageObject\",\"inLanguage\":\"de\",\"@id\":\"https:\/\/monplaisir.geek-tonic.dev\/de\/tourismus-in-saint-denis-doleron\/#primaryimage\",\"url\":\"https:\/\/www.monplaisir.geek-tonic.dev\/wp-content\/uploads\/sites\/12\/2024\/02\/phare-chassiron-camping-ile-d-oleron-1.webp\",\"contentUrl\":\"https:\/\/www.monplaisir.geek-tonic.dev\/wp-content\/uploads\/sites\/12\/2024\/02\/phare-chassiron-camping-ile-d-oleron-1.webp\"},{\"@type\":\"BreadcrumbList\",\"@id\":\"https:\/\/monplaisir.geek-tonic.dev\/de\/tourismus-in-saint-denis-doleron\/#breadcrumb\",\"itemListElement\":[{\"@type\":\"ListItem\",\"position\":1,\"name\":\"Camping sur l\u2019\u00cele d'Ol\u00e9ron\",\"item\":\"https:\/\/monplaisir.geek-tonic.dev\/de\/\"},{\"@type\":\"ListItem\",\"position\":2,\"name\":\"Tourismus in Saint Denis d'Ol\u00e9ron\"}]},{\"@type\":\"WebSite\",\"@id\":\"https:\/\/monplaisir.geek-tonic.dev\/de\/#website\",\"url\":\"https:\/\/monplaisir.geek-tonic.dev\/de\/\",\"name\":\"Camping Monplaisir\",\"description\":\"\",\"publisher\":{\"@id\":\"https:\/\/monplaisir.geek-tonic.dev\/de\/#organization\"},\"potentialAction\":[{\"@type\":\"SearchAction\",\"target\":{\"@type\":\"EntryPoint\",\"urlTemplate\":\"https:\/\/monplaisir.geek-tonic.dev\/de\/?s={search_term_string}\"},\"query-input\":{\"@type\":\"PropertyValueSpecification\",\"valueRequired\":true,\"valueName\":\"search_term_string\"}}],\"inLanguage\":\"de\"},{\"@type\":\"Organization\",\"@id\":\"https:\/\/monplaisir.geek-tonic.dev\/de\/#organization\",\"name\":\"Camping Monplaisir\",\"url\":\"https:\/\/monplaisir.geek-tonic.dev\/de\/\",\"logo\":{\"@type\":\"ImageObject\",\"inLanguage\":\"de\",\"@id\":\"https:\/\/monplaisir.geek-tonic.dev\/de\/#\/schema\/logo\/image\/\",\"url\":\"https:\/\/monplaisir.geek-tonic.dev\/wp-content\/uploads\/sites\/12\/2024\/02\/cropped-logo-Flower-camping-Monplaisir.png\",\"contentUrl\":\"https:\/\/monplaisir.geek-tonic.dev\/wp-content\/uploads\/sites\/12\/2024\/02\/cropped-logo-Flower-camping-Monplaisir.png\",\"width\":500,\"height\":660,\"caption\":\"Camping Monplaisir\"},\"image\":{\"@id\":\"https:\/\/monplaisir.geek-tonic.dev\/de\/#\/schema\/logo\/image\/\"}}]}<\/script>\n<!-- \/ Yoast SEO plugin. -->","yoast_head_json":{"title":"Entdecken Sie Saint Denis d'Ol\u00e9ron in der N\u00e4he des Campingplatzes: Yachthafen","description":"Entdecken Sie Saint-Denis-d'Ol\u00e9ron, seinen Jachthafen und den Leuchtturm von Chassiron, 25 km von Ihrem Campingplatz im Departement Charente-Maritime entfernt!","robots":{"index":"noindex","follow":"follow","max-snippet":"max-snippet:-1","max-image-preview":"max-image-preview:large","max-video-preview":"max-video-preview:-1"},"og_locale":"de_DE","og_type":"article","og_title":"Entdecken Sie Saint Denis d'Ol\u00e9ron in der N\u00e4he des Campingplatzes: Yachthafen","og_description":"Entdecken Sie Saint-Denis-d'Ol\u00e9ron, seinen Jachthafen und den Leuchtturm von Chassiron, 25 km von Ihrem Campingplatz im Departement Charente-Maritime entfernt!","og_url":"https:\/\/monplaisir.geek-tonic.dev\/de\/tourismus-in-saint-denis-doleron\/","og_site_name":"Camping Monplaisir","article_modified_time":"2024-04-04T12:24:30+00:00","og_image":[{"url":"https:\/\/www.monplaisir.geek-tonic.dev\/wp-content\/uploads\/sites\/12\/2024\/02\/phare-chassiron-camping-ile-d-oleron-1.webp"}],"twitter_card":"summary_large_image","twitter_misc":{"Gesch\u00e4tzte Lesezeit":"2\u00a0Minuten"},"schema":{"@context":"https:\/\/schema.org","@graph":[{"@type":"WebPage","@id":"https:\/\/monplaisir.geek-tonic.dev\/de\/tourismus-in-saint-denis-doleron\/","url":"https:\/\/monplaisir.geek-tonic.dev\/de\/tourismus-in-saint-denis-doleron\/","name":"Entdecken Sie Saint Denis d'Ol\u00e9ron in der N\u00e4he des Campingplatzes: Yachthafen","isPartOf":{"@id":"https:\/\/monplaisir.geek-tonic.dev\/de\/#website"},"primaryImageOfPage":{"@id":"https:\/\/monplaisir.geek-tonic.dev\/de\/tourismus-in-saint-denis-doleron\/#primaryimage"},"image":{"@id":"https:\/\/monplaisir.geek-tonic.dev\/de\/tourismus-in-saint-denis-doleron\/#primaryimage"},"thumbnailUrl":"https:\/\/www.monplaisir.geek-tonic.dev\/wp-content\/uploads\/sites\/12\/2024\/02\/phare-chassiron-camping-ile-d-oleron-1.webp","datePublished":"2024-02-23T10:10:48+00:00","dateModified":"2024-04-04T12:24:30+00:00","description":"Entdecken Sie Saint-Denis-d'Ol\u00e9ron, seinen Jachthafen und den Leuchtturm von Chassiron, 25 km von Ihrem Campingplatz im Departement Charente-Maritime entfernt!","breadcrumb":{"@id":"https:\/\/monplaisir.geek-tonic.dev\/de\/tourismus-in-saint-denis-doleron\/#breadcrumb"},"inLanguage":"de","potentialAction":[{"@type":"ReadAction","target":["https:\/\/monplaisir.geek-tonic.dev\/de\/tourismus-in-saint-denis-doleron\/"]}]},{"@type":"ImageObject","inLanguage":"de","@id":"https:\/\/monplaisir.geek-tonic.dev\/de\/tourismus-in-saint-denis-doleron\/#primaryimage","url":"https:\/\/www.monplaisir.geek-tonic.dev\/wp-content\/uploads\/sites\/12\/2024\/02\/phare-chassiron-camping-ile-d-oleron-1.webp","contentUrl":"https:\/\/www.monplaisir.geek-tonic.dev\/wp-content\/uploads\/sites\/12\/2024\/02\/phare-chassiron-camping-ile-d-oleron-1.webp"},{"@type":"BreadcrumbList","@id":"https:\/\/monplaisir.geek-tonic.dev\/de\/tourismus-in-saint-denis-doleron\/#breadcrumb","itemListElement":[{"@type":"ListItem","position":1,"name":"Camping sur l\u2019\u00cele d'Ol\u00e9ron","item":"https:\/\/monplaisir.geek-tonic.dev\/de\/"},{"@type":"ListItem","position":2,"name":"Tourismus in Saint Denis d'Ol\u00e9ron"}]},{"@type":"WebSite","@id":"https:\/\/monplaisir.geek-tonic.dev\/de\/#website","url":"https:\/\/monplaisir.geek-tonic.dev\/de\/","name":"Camping Monplaisir","description":"","publisher":{"@id":"https:\/\/monplaisir.geek-tonic.dev\/de\/#organization"},"potentialAction":[{"@type":"SearchAction","target":{"@type":"EntryPoint","urlTemplate":"https:\/\/monplaisir.geek-tonic.dev\/de\/?s={search_term_string}"},"query-input":{"@type":"PropertyValueSpecification","valueRequired":true,"valueName":"search_term_string"}}],"inLanguage":"de"},{"@type":"Organization","@id":"https:\/\/monplaisir.geek-tonic.dev\/de\/#organization","name":"Camping Monplaisir","url":"https:\/\/monplaisir.geek-tonic.dev\/de\/","logo":{"@type":"ImageObject","inLanguage":"de","@id":"https:\/\/monplaisir.geek-tonic.dev\/de\/#\/schema\/logo\/image\/","url":"https:\/\/monplaisir.geek-tonic.dev\/wp-content\/uploads\/sites\/12\/2024\/02\/cropped-logo-Flower-camping-Monplaisir.png","contentUrl":"https:\/\/monplaisir.geek-tonic.dev\/wp-content\/uploads\/sites\/12\/2024\/02\/cropped-logo-Flower-camping-Monplaisir.png","width":500,"height":660,"caption":"Camping Monplaisir"},"image":{"@id":"https:\/\/monplaisir.geek-tonic.dev\/de\/#\/schema\/logo\/image\/"}}]}},"_links":{"self":[{"href":"https:\/\/monplaisir.geek-tonic.dev\/de\/wp-json\/wp\/v2\/pages\/1212","targetHints":{"allow":["GET"]}}],"collection":[{"href":"https:\/\/monplaisir.geek-tonic.dev\/de\/wp-json\/wp\/v2\/pages"}],"about":[{"href":"https:\/\/monplaisir.geek-tonic.dev\/de\/wp-json\/wp\/v2\/types\/page"}],"author":[{"embeddable":true,"href":"https:\/\/monplaisir.geek-tonic.dev\/de\/wp-json\/wp\/v2\/users\/1"}],"replies":[{"embeddable":true,"href":"https:\/\/monplaisir.geek-tonic.dev\/de\/wp-json\/wp\/v2\/comments?post=1212"}],"version-history":[{"count":3,"href":"https:\/\/monplaisir.geek-tonic.dev\/de\/wp-json\/wp\/v2\/pages\/1212\/revisions"}],"predecessor-version":[{"id":1221,"href":"https:\/\/monplaisir.geek-tonic.dev\/de\/wp-json\/wp\/v2\/pages\/1212\/revisions\/1221"}],"wp:attachment":[{"href":"https:\/\/monplaisir.geek-tonic.dev\/de\/wp-json\/wp\/v2\/media?parent=1212"}],"wp:term":[{"taxonomy":"sujet","embeddable":true,"href":"https:\/\/monplaisir.geek-tonic.dev\/de\/wp-json\/wp\/v2\/sujet?post=1212"}],"curies":[{"name":"wp","href":"https:\/\/api.w.org\/{rel}","templated":true}]}}