{"id":1542,"date":"2024-02-23T11:11:19","date_gmt":"2024-02-23T10:11:19","guid":{"rendered":"https:\/\/www.monplaisir.geek-tonic.dev\/camping-in-der-naehe-von-la-rochelle\/"},"modified":"2024-04-04T14:47:58","modified_gmt":"2024-04-04T12:47:58","slug":"camping-in-der-naehe-von-la-rochelle","status":"publish","type":"page","link":"https:\/\/monplaisir.geek-tonic.dev\/de\/camping-in-der-naehe-von-la-rochelle\/","title":{"rendered":"La Rochelle"},"content":{"rendered":"<section id=\"ls-section-block_fd89bdad7637de10aebedccab13541f1\" class=\"ls-section  page-one has-background has-color-4-background-color has-m-t m-t-0 has-m-b m-b-0 has-p-t p-t-14 has-p-b p-b-14\" >\r\n        <div class=\"container container--wide\">\r\n        \n\n<div class=\"wp-block-columns is-layout-flex wp-container-core-columns-is-layout-1 wp-block-columns-is-layout-flex\">\n<div class=\"wp-block-column animated fadeInLeft delay-100ms slow is-layout-flow wp-block-column-is-layout-flow\" style=\"flex-basis:45%\">\n<figure class=\"wp-block-image size-full\"><a href=\"https:\/\/www.monplaisir.geek-tonic.dev\/wp-content\/uploads\/sites\/12\/2024\/02\/visite-la-rouchelle.webp\"><img decoding=\"async\" width=\"1200\" height=\"800\" src=\"https:\/\/www.monplaisir.geek-tonic.dev\/wp-content\/uploads\/sites\/12\/2024\/02\/visite-la-rouchelle.webp\" alt=\"besuch la rouchelle\" class=\"wp-image-889\" srcset=\"https:\/\/monplaisir.geek-tonic.dev\/wp-content\/uploads\/sites\/12\/2024\/02\/visite-la-rouchelle.webp 1200w, https:\/\/monplaisir.geek-tonic.dev\/wp-content\/uploads\/sites\/12\/2024\/02\/visite-la-rouchelle-300x200.webp 300w, https:\/\/monplaisir.geek-tonic.dev\/wp-content\/uploads\/sites\/12\/2024\/02\/visite-la-rouchelle-1024x683.webp 1024w, https:\/\/monplaisir.geek-tonic.dev\/wp-content\/uploads\/sites\/12\/2024\/02\/visite-la-rouchelle-768x512.webp 768w\" sizes=\"(max-width: 1200px) 100vw, 1200px\" \/><\/a><\/figure>\n<\/div>\n\n\n\n<div class=\"wp-block-column is-vertically-aligned-center animated fadeInRight slow is-layout-flow wp-block-column-is-layout-flow\" style=\"flex-basis:55%\">\n<h1 class=\"ls__heading wp-block-heading\">Tourismus in La Rochelle<\/h1>\n\n\n\n<p class=\"ls-paragraph\">Ihr <a href=\"https:\/\/www.monplaisir.geek-tonic.dev\/de\/\">2-Sterne-Campingplatz in Monplaisir<\/a> ist der ideale Ausgangspunkt, um <a href=\"https:\/\/www.larochelle-tourisme.com\/\" target=\"_blank\" rel=\"noreferrer noopener\">La Rochelle<\/a>, die <strong>symboltr\u00e4chtige K\u00fcstenstadt <\/strong>der Region Nouvelle-Aquitaine, zu <a href=\"https:\/\/www.larochelle-tourisme.com\/\" target=\"_blank\" rel=\"noreferrer noopener\">erkunden<\/a>. Der Hafen von La Rochelle ist einer der ber\u00fchmtesten an der Atlantikk\u00fcste, wo Sportboote neben historischen Segelschiffen liegen. Sie k\u00f6nnen <strong>durch die Altstadt schlendern<\/strong>, die gepflasterten Gassen erkunden, die mittelalterlichen T\u00fcrme besichtigen, die den Eingang zum Hafen bewachen, und in den Restaurants am Meer frische Meeresfr\u00fcchte genie\u00dfen.<\/p>\n\n\n\n<p class=\"ls-paragraph\">Seine Str\u00e4nde, wie der <strong>Plage<\/strong> <strong>des<\/strong> <strong>Minimes<\/strong>, sind bei <strong>Badeg\u00e4sten<\/strong> und <strong>Wassersportlern<\/strong> beliebt. Die Stadt ist auch ein Ausgangspunkt f\u00fcr <strong>Ausfl\u00fcge<\/strong> <strong>zu den<\/strong> umliegenden <strong>Inseln<\/strong>, insbesondere zur \u00cele de R\u00e9 und zur \u00cele d&#8217;Aix.<\/p>\n<\/div>\n<\/div>\n\n\r\n    <\/div>\r\n<\/section><section id=\"ls-section-block_49cdb0e0ead4b1d2746923061f38df8b\" class=\"ls-section  home-gallery has-background has-color-4-background-color has-m-t m-t-0 has-p-t p-t-0\" >\r\n        <div class=\"container container--full\">\r\n        \n\n<figure class=\"wp-block-gallery has-nested-images columns-1 is-cropped galerie-slider-container wp-block-gallery-1 is-layout-flex wp-block-gallery-is-layout-flex\">\n<figure class=\"wp-block-image size-full\"><a href=\"https:\/\/www.monplaisir.geek-tonic.dev\/wp-content\/uploads\/sites\/12\/2024\/02\/tourisme-camping-ile-d-oleron.webp\"><img decoding=\"async\" width=\"1200\" height=\"800\" src=\"https:\/\/www.monplaisir.geek-tonic.dev\/wp-content\/uploads\/sites\/12\/2024\/02\/tourisme-camping-ile-d-oleron.webp\" alt=\"tourismus camping ile d'oleron\" class=\"wp-image-883\" srcset=\"https:\/\/monplaisir.geek-tonic.dev\/wp-content\/uploads\/sites\/12\/2024\/02\/tourisme-camping-ile-d-oleron.webp 1200w, https:\/\/monplaisir.geek-tonic.dev\/wp-content\/uploads\/sites\/12\/2024\/02\/tourisme-camping-ile-d-oleron-300x200.webp 300w, https:\/\/monplaisir.geek-tonic.dev\/wp-content\/uploads\/sites\/12\/2024\/02\/tourisme-camping-ile-d-oleron-1024x683.webp 1024w, https:\/\/monplaisir.geek-tonic.dev\/wp-content\/uploads\/sites\/12\/2024\/02\/tourisme-camping-ile-d-oleron-768x512.webp 768w\" sizes=\"(max-width: 1200px) 100vw, 1200px\" \/><\/a><\/figure>\n\n\n\n<figure class=\"wp-block-image size-full\"><a href=\"https:\/\/www.monplaisir.geek-tonic.dev\/wp-content\/uploads\/sites\/12\/2024\/02\/piscine-camping-ile-d-oleron.webp\"><img decoding=\"async\" width=\"2000\" height=\"1276\" src=\"https:\/\/www.monplaisir.geek-tonic.dev\/wp-content\/uploads\/sites\/12\/2024\/02\/piscine-camping-ile-d-oleron.webp\" alt=\"schwimmbad camping ile d'oleron\" class=\"wp-image-724\" srcset=\"https:\/\/monplaisir.geek-tonic.dev\/wp-content\/uploads\/sites\/12\/2024\/02\/piscine-camping-ile-d-oleron.webp 2000w, https:\/\/monplaisir.geek-tonic.dev\/wp-content\/uploads\/sites\/12\/2024\/02\/piscine-camping-ile-d-oleron-300x191.webp 300w, https:\/\/monplaisir.geek-tonic.dev\/wp-content\/uploads\/sites\/12\/2024\/02\/piscine-camping-ile-d-oleron-1024x653.webp 1024w, https:\/\/monplaisir.geek-tonic.dev\/wp-content\/uploads\/sites\/12\/2024\/02\/piscine-camping-ile-d-oleron-768x490.webp 768w, https:\/\/monplaisir.geek-tonic.dev\/wp-content\/uploads\/sites\/12\/2024\/02\/piscine-camping-ile-d-oleron-1536x980.webp 1536w\" sizes=\"(max-width: 2000px) 100vw, 2000px\" \/><\/a><\/figure>\n\n\n\n<figure class=\"wp-block-image size-full\"><a href=\"https:\/\/www.monplaisir.geek-tonic.dev\/wp-content\/uploads\/sites\/12\/2024\/01\/temoignage-camping-oleron.webp\"><img decoding=\"async\" width=\"1200\" height=\"800\" src=\"https:\/\/www.monplaisir.geek-tonic.dev\/wp-content\/uploads\/sites\/12\/2024\/01\/temoignage-camping-oleron.webp\" alt=\"temoignage camping oleron\" class=\"wp-image-588\" srcset=\"https:\/\/monplaisir.geek-tonic.dev\/wp-content\/uploads\/sites\/12\/2024\/01\/temoignage-camping-oleron.webp 1200w, https:\/\/monplaisir.geek-tonic.dev\/wp-content\/uploads\/sites\/12\/2024\/01\/temoignage-camping-oleron-300x200.webp 300w, https:\/\/monplaisir.geek-tonic.dev\/wp-content\/uploads\/sites\/12\/2024\/01\/temoignage-camping-oleron-1024x683.webp 1024w, https:\/\/monplaisir.geek-tonic.dev\/wp-content\/uploads\/sites\/12\/2024\/01\/temoignage-camping-oleron-768x512.webp 768w\" sizes=\"(max-width: 1200px) 100vw, 1200px\" \/><\/a><\/figure>\n<\/figure>\n\n\r\n    <\/div>\r\n<\/section><section id=\"ls-section-block_788d29187d19d8ab33662f2d5f5c9aa4\" class=\"ls-section  page-one aventure\" >\r\n        <div class=\"container container--wide\">\r\n        \n\n<div class=\"wp-block-columns is-layout-flex wp-container-core-columns-is-layout-2 wp-block-columns-is-layout-flex\">\n<div class=\"wp-block-column first animated fadeInLeft delay-100ms slow is-layout-flow wp-block-column-is-layout-flow\" style=\"flex-basis:45%\">\n<figure class=\"wp-block-image size-full\"><a href=\"https:\/\/www.monplaisir.geek-tonic.dev\/wp-content\/uploads\/sites\/12\/2024\/02\/tour-saint-nicolas-la-rochelle.webp\"><img decoding=\"async\" width=\"1200\" height=\"800\" src=\"https:\/\/www.monplaisir.geek-tonic.dev\/wp-content\/uploads\/sites\/12\/2024\/02\/tour-saint-nicolas-la-rochelle.webp\" alt=\"tour saint nicolas la rochelle\" class=\"wp-image-891\" srcset=\"https:\/\/monplaisir.geek-tonic.dev\/wp-content\/uploads\/sites\/12\/2024\/02\/tour-saint-nicolas-la-rochelle.webp 1200w, https:\/\/monplaisir.geek-tonic.dev\/wp-content\/uploads\/sites\/12\/2024\/02\/tour-saint-nicolas-la-rochelle-300x200.webp 300w, https:\/\/monplaisir.geek-tonic.dev\/wp-content\/uploads\/sites\/12\/2024\/02\/tour-saint-nicolas-la-rochelle-1024x683.webp 1024w, https:\/\/monplaisir.geek-tonic.dev\/wp-content\/uploads\/sites\/12\/2024\/02\/tour-saint-nicolas-la-rochelle-768x512.webp 768w\" sizes=\"(max-width: 1200px) 100vw, 1200px\" \/><\/a><\/figure>\n<\/div>\n\n\n\n<div class=\"wp-block-column is-vertically-aligned-center second animated fadeInRight slow is-layout-flow wp-block-column-is-layout-flow\" style=\"flex-basis:55%\">\n<h2 class=\"ls__heading wp-block-heading has-text-align-left\">Sehenswertes in La Rochelle<\/h2>\n\n\n\n<p class=\"ls-paragraph\">Wenn Sie w\u00e4hrend Ihres Campingaufenthalts in La Rochelle auf der Durchreise sind, k\u00f6nnen Sie durch die Altstadt schlendern und die gepflasterten Gassen erkunden. Machen Sie einen Spaziergang entlang der <strong>Kais des alten Hafens <\/strong>und <strong>genie\u00dfen<\/strong> Sie in den<strong> Restaurants<\/strong> am Meer <strong>frische<\/strong> <strong>Meeresfr\u00fcchte<\/strong> <strong>.<\/strong> <\/p>\n\n\n\n<p class=\"ls-paragraph\">Die Stadt Rochelle ist eine Stadt mit menschlicher Gr\u00f6\u00dfe und eine charmante Botschafterin der Charente-Maritime. Besuchen Sie die <strong>drei mittelalterlichen T\u00fcrme<\/strong>, die die Hafeneinfahrt bewachen: den <strong>Tour de la Cha\u00eene<\/strong>, den Tour<strong> de La Lanterne<\/strong> und den <strong>Tour<\/strong> <strong>Saint-Nicolas<\/strong>.<\/p>\n\n\n\n<p class=\"ls-paragraph\">Sie werden sich zweifellos in diese Stadt, die nur eine Stunde von Ihrem Campingplatz mit beheiztem Schwimmbad entfernt liegt, dank ihres reichen und vielf\u00e4ltigen Kulturerbes verlieben. <strong>Kirchen<\/strong> und <strong>Kathedralen<\/strong>,<strong> Stra\u00dfen mit Arkaden<\/strong> und <strong>sch\u00f6ne<\/strong> <strong>B\u00fcrgerh\u00e4user<\/strong> werden ihren ganzen Charme entfalten, w\u00e4hrend Sie durch die Stadt schlendern.<\/p>\n<\/div>\n<\/div>\n\n\r\n    <\/div>\r\n<\/section><section id=\"ls-section-block_9bdf54067e34ebacf0867158c0aa8370\" class=\"ls-section  page-one has-background has-color-4-background-color has-m-b m-b-0 has-p-t p-t-14\" >\r\n        <div class=\"container container--wide\">\r\n        \n\n<div class=\"wp-block-columns is-layout-flex wp-container-core-columns-is-layout-3 wp-block-columns-is-layout-flex\">\n<div class=\"wp-block-column is-vertically-aligned-center first animated fadeInLeft slow is-layout-flow wp-block-column-is-layout-flow\" style=\"flex-basis:55%\">\n<h2 class=\"ls__heading wp-block-heading\">Was man in La Rochelle unternehmen kann<\/h2>\n\n\n\n<p class=\"ls-paragraph\">Bevor Sie Ihren 2-Sterne-Campingplatz erreichen, sollten Sie sich die Zeit nehmen, das kulturelle Erbe von La Rochelle zu erkunden. Das Aquarium von La Rochelle ist<strong> eines der gr\u00f6\u00dften Aquarien Europas<\/strong>. Er umfasst nicht weniger als 600 Arten und insgesamt 12 000 Meerestiere. Auf Ihrem Campingplatz auf der \u00cele d&#8217;Ol\u00e9ron gibt es einen Kartenverkauf mit Vorzugspreisen.<\/p>\n\n\n\n<p class=\"ls-paragraph\">Nachdem Sie die Str\u00e4nde in der N\u00e4he Ihres Campingplatzes auf der \u00cele d&#8217;Ol\u00e9ron entdeckt haben, genie\u00dfen Sie die Str\u00e4nde von La Rochelle, wie den Strand von Les Minimes oder etwas weiter entfernt den Strand von Chef de Baie, die bei Badeg\u00e4sten und Wassersportlern beliebt sind.<\/p>\n\n\n\n<p class=\"ls-paragraph\">Wenn Sie wieder im Hafen sind, nutzen Sie die Gelegenheit, um Ausfl\u00fcge zu den umliegenden Inseln zu organisieren, z. B. zur \u00cele de R\u00e9 und zur \u00cele d&#8217;Aix.<\/p>\n\n\n\n<p class=\"ls-paragraph\">Nehmen Sie w\u00e4hrend der Sommersaison an den<strong>  von der Stadt organisierte Veranstaltungen. Musikliebhaber<\/strong>Im Juli k\u00f6nnen Sie an den <strong>Francofolies<\/strong> teilnehmen, und als Bootsliebhaber werden Sie bei der <strong>Bootsmesse<\/strong> <strong>Le<\/strong> <strong>Grand<\/strong> <strong>Pavois<\/strong> im Oktober f\u00fcndig.<\/p>\n\n\n\n<p class=\"ls-paragraph\">Genie\u00dfen Sie also einen Urlaub fernab des saisonalen Trubels auf dem Campingplatz, indem Sie einen Aufenthalt in der Nebensaison buchen, in einem Mobilheim oder auf einem Stellplatz ohne Zelt.<\/p>\n<\/div>\n\n\n\n<div class=\"wp-block-column second animated fadeInRight delay-100ms slow is-layout-flow wp-block-column-is-layout-flow\" style=\"flex-basis:45%\">\n<figure class=\"wp-block-image size-full\"><a href=\"https:\/\/www.monplaisir.geek-tonic.dev\/wp-content\/uploads\/sites\/12\/2024\/02\/aquarium-la-rochelle.webp\"><img decoding=\"async\" width=\"1200\" height=\"800\" src=\"https:\/\/www.monplaisir.geek-tonic.dev\/wp-content\/uploads\/sites\/12\/2024\/02\/aquarium-la-rochelle.webp\" alt=\"aquarium la rochelle\" class=\"wp-image-893\" srcset=\"https:\/\/monplaisir.geek-tonic.dev\/wp-content\/uploads\/sites\/12\/2024\/02\/aquarium-la-rochelle.webp 1200w, https:\/\/monplaisir.geek-tonic.dev\/wp-content\/uploads\/sites\/12\/2024\/02\/aquarium-la-rochelle-300x200.webp 300w, https:\/\/monplaisir.geek-tonic.dev\/wp-content\/uploads\/sites\/12\/2024\/02\/aquarium-la-rochelle-1024x683.webp 1024w, https:\/\/monplaisir.geek-tonic.dev\/wp-content\/uploads\/sites\/12\/2024\/02\/aquarium-la-rochelle-768x512.webp 768w\" sizes=\"(max-width: 1200px) 100vw, 1200px\" \/><\/a><\/figure>\n<\/div>\n<\/div>\n\n\r\n    <\/div>\r\n<\/section><section id=\"ls-section-block_f16e1a9b544f08608707099bb3b52da8\" class=\"ls-section  page-maillage experience has-m-t m-t-0 has-p-t p-t-10\" >\r\n        <div class=\"container container--wide\">\r\n        \n\n<div id=\"ls-heading ls-titre-div-block_433fbf18c65b72ada0a11f52d9bcd4d2\" class=\"ls-titre-div aligncenter h2-like\" >\n    <strong>Entdecken Sie die<\/strong> Umgebung<\/div>\n\n\n<div id=\"ls-maillage-block_f3f258eaa584dc8f5f936da07e14f533\" class=\"ls-maillage cta-style-normal\" data-rows=\"3\">\n    <div class=\"wp-block-columns\"><div class=\"wp-block-column\"><div id=\"destinations\" class=\"ls-cta\">\n\n<a href=\"https:\/\/monplaisir.geek-tonic.dev\/de\/tourismus-ile-doleron\/\" target=\"\" rel=\"noopener\" class=\"ls-cta__link\">\n\n\t<div class=\"ls-cta__image\"><img decoding=\"async\" src=\"https:\/\/monplaisir.geek-tonic.dev\/wp-content\/uploads\/sites\/12\/2024\/02\/tourisme-ile-d-oleron-1.webp\" alt=\"tourismus ile d oleron\"><\/div>\n\t<div class=\"ls-cta__title\">\n\t\tBesuchen Sie die Insel Ol\u00e9ron\t<\/div>\n\n\t\t\n<\/a><\/div><\/div><div class=\"wp-block-column\"><div id=\"destinations\" class=\"ls-cta\">\n\n<a href=\"https:\/\/monplaisir.geek-tonic.dev\/de\/besichtigung-von-saint-trojan-les-bains\/\" target=\"\" rel=\"noopener\" class=\"ls-cta__link\">\n\n\t<div class=\"ls-cta__image\"><img decoding=\"async\" src=\"https:\/\/monplaisir.geek-tonic.dev\/wp-content\/uploads\/sites\/12\/2024\/02\/tourisme-saint-trojan-les-bains-1.webp\" alt=\"\"><\/div>\n\t<div class=\"ls-cta__title\">\n\t\tSaint-Trojan-les-Bains\t<\/div>\n\n\t\t\n<\/a><\/div><\/div><div class=\"wp-block-column\"><div id=\"destinations\" class=\"ls-cta\">\n\n<a href=\"https:\/\/monplaisir.geek-tonic.dev\/de\/tourismus-in-saint-denis-doleron\/\" target=\"\" rel=\"noopener\" class=\"ls-cta__link\">\n\n\t<div class=\"ls-cta__image\"><img decoding=\"async\" src=\"https:\/\/monplaisir.geek-tonic.dev\/wp-content\/uploads\/sites\/12\/2024\/02\/tourisme-saint-denis-d-oleron-1.webp\" alt=\"tourismus saint denis d oleron\"><\/div>\n\t<div class=\"ls-cta__title\">\n\t\tSaint Denis d&#8217;Ol\u00e9ron\t<\/div>\n\n\t\t\n<\/a><\/div><\/div><\/div><\/div>\n\r\n    <\/div>\r\n<\/section>","protected":false},"excerpt":{"rendered":"","protected":false},"author":1,"featured_media":1546,"parent":0,"menu_order":0,"comment_status":"closed","ping_status":"closed","template":"","meta":{"_acf_changed":false,"footnotes":""},"sujet":[],"class_list":["post-1542","page","type-page","status-publish","has-post-thumbnail","hentry"],"acf":[],"yoast_head":"<!-- This site is optimized with the Yoast SEO plugin v23.9 - https:\/\/yoast.com\/wordpress\/plugins\/seo\/ -->\n<title>Entdecken Sie La Rochelle in der N\u00e4he des Campingplatzes: Aquarium, alter Hafen<\/title>\n<meta name=\"description\" content=\"Besuchen Sie La Rochelle in der N\u00e4he des Campingplatzes und entdecken Sie den ber\u00fchmten Hafen, die Altstadt und eines der gr\u00f6\u00dften Aquarien Europas!\" \/>\n<meta name=\"robots\" content=\"noindex, follow, max-snippet:-1, max-image-preview:large, max-video-preview:-1\" \/>\n<meta property=\"og:locale\" content=\"de_DE\" \/>\n<meta property=\"og:type\" content=\"article\" \/>\n<meta property=\"og:title\" content=\"Entdecken Sie La Rochelle in der N\u00e4he des Campingplatzes: Aquarium, alter Hafen\" \/>\n<meta property=\"og:description\" content=\"Besuchen Sie La Rochelle in der N\u00e4he des Campingplatzes und entdecken Sie den ber\u00fchmten Hafen, die Altstadt und eines der gr\u00f6\u00dften Aquarien Europas!\" \/>\n<meta property=\"og:url\" content=\"https:\/\/monplaisir.geek-tonic.dev\/de\/camping-in-der-naehe-von-la-rochelle\/\" \/>\n<meta property=\"og:site_name\" content=\"Camping Monplaisir\" \/>\n<meta property=\"article:modified_time\" content=\"2024-04-04T12:47:58+00:00\" \/>\n<meta property=\"og:image\" content=\"https:\/\/monplaisir.geek-tonic.dev\/wp-content\/uploads\/sites\/12\/2024\/02\/tourisme-la-rochelle-1.webp\" \/>\n\t<meta property=\"og:image:width\" content=\"2000\" \/>\n\t<meta property=\"og:image:height\" content=\"1000\" \/>\n\t<meta property=\"og:image:type\" content=\"image\/webp\" \/>\n<meta name=\"twitter:card\" content=\"summary_large_image\" \/>\n<meta name=\"twitter:label1\" content=\"Gesch\u00e4tzte Lesezeit\" \/>\n\t<meta name=\"twitter:data1\" content=\"2\u00a0Minuten\" \/>\n<script type=\"application\/ld+json\" class=\"yoast-schema-graph\">{\"@context\":\"https:\/\/schema.org\",\"@graph\":[{\"@type\":\"WebPage\",\"@id\":\"https:\/\/monplaisir.geek-tonic.dev\/de\/camping-in-der-naehe-von-la-rochelle\/\",\"url\":\"https:\/\/monplaisir.geek-tonic.dev\/de\/camping-in-der-naehe-von-la-rochelle\/\",\"name\":\"Entdecken Sie La Rochelle in der N\u00e4he des Campingplatzes: Aquarium, alter Hafen\",\"isPartOf\":{\"@id\":\"https:\/\/monplaisir.geek-tonic.dev\/de\/#website\"},\"primaryImageOfPage\":{\"@id\":\"https:\/\/monplaisir.geek-tonic.dev\/de\/camping-in-der-naehe-von-la-rochelle\/#primaryimage\"},\"image\":{\"@id\":\"https:\/\/monplaisir.geek-tonic.dev\/de\/camping-in-der-naehe-von-la-rochelle\/#primaryimage\"},\"thumbnailUrl\":\"https:\/\/monplaisir.geek-tonic.dev\/wp-content\/uploads\/sites\/12\/2024\/02\/tourisme-la-rochelle-1.webp\",\"datePublished\":\"2024-02-23T10:11:19+00:00\",\"dateModified\":\"2024-04-04T12:47:58+00:00\",\"description\":\"Besuchen Sie La Rochelle in der N\u00e4he des Campingplatzes und entdecken Sie den ber\u00fchmten Hafen, die Altstadt und eines der gr\u00f6\u00dften Aquarien Europas!\",\"breadcrumb\":{\"@id\":\"https:\/\/monplaisir.geek-tonic.dev\/de\/camping-in-der-naehe-von-la-rochelle\/#breadcrumb\"},\"inLanguage\":\"de\",\"potentialAction\":[{\"@type\":\"ReadAction\",\"target\":[\"https:\/\/monplaisir.geek-tonic.dev\/de\/camping-in-der-naehe-von-la-rochelle\/\"]}]},{\"@type\":\"ImageObject\",\"inLanguage\":\"de\",\"@id\":\"https:\/\/monplaisir.geek-tonic.dev\/de\/camping-in-der-naehe-von-la-rochelle\/#primaryimage\",\"url\":\"https:\/\/monplaisir.geek-tonic.dev\/wp-content\/uploads\/sites\/12\/2024\/02\/tourisme-la-rochelle-1.webp\",\"contentUrl\":\"https:\/\/monplaisir.geek-tonic.dev\/wp-content\/uploads\/sites\/12\/2024\/02\/tourisme-la-rochelle-1.webp\",\"width\":2000,\"height\":1000,\"caption\":\"tourismus la rochelle\"},{\"@type\":\"BreadcrumbList\",\"@id\":\"https:\/\/monplaisir.geek-tonic.dev\/de\/camping-in-der-naehe-von-la-rochelle\/#breadcrumb\",\"itemListElement\":[{\"@type\":\"ListItem\",\"position\":1,\"name\":\"Camping sur l\u2019\u00cele d'Ol\u00e9ron\",\"item\":\"https:\/\/monplaisir.geek-tonic.dev\/de\/\"},{\"@type\":\"ListItem\",\"position\":2,\"name\":\"Camping in der N\u00e4he von La Rochelle\"}]},{\"@type\":\"WebSite\",\"@id\":\"https:\/\/monplaisir.geek-tonic.dev\/de\/#website\",\"url\":\"https:\/\/monplaisir.geek-tonic.dev\/de\/\",\"name\":\"Camping Monplaisir\",\"description\":\"\",\"publisher\":{\"@id\":\"https:\/\/monplaisir.geek-tonic.dev\/de\/#organization\"},\"potentialAction\":[{\"@type\":\"SearchAction\",\"target\":{\"@type\":\"EntryPoint\",\"urlTemplate\":\"https:\/\/monplaisir.geek-tonic.dev\/de\/?s={search_term_string}\"},\"query-input\":{\"@type\":\"PropertyValueSpecification\",\"valueRequired\":true,\"valueName\":\"search_term_string\"}}],\"inLanguage\":\"de\"},{\"@type\":\"Organization\",\"@id\":\"https:\/\/monplaisir.geek-tonic.dev\/de\/#organization\",\"name\":\"Camping Monplaisir\",\"url\":\"https:\/\/monplaisir.geek-tonic.dev\/de\/\",\"logo\":{\"@type\":\"ImageObject\",\"inLanguage\":\"de\",\"@id\":\"https:\/\/monplaisir.geek-tonic.dev\/de\/#\/schema\/logo\/image\/\",\"url\":\"https:\/\/monplaisir.geek-tonic.dev\/wp-content\/uploads\/sites\/12\/2024\/02\/cropped-logo-Flower-camping-Monplaisir.png\",\"contentUrl\":\"https:\/\/monplaisir.geek-tonic.dev\/wp-content\/uploads\/sites\/12\/2024\/02\/cropped-logo-Flower-camping-Monplaisir.png\",\"width\":500,\"height\":660,\"caption\":\"Camping Monplaisir\"},\"image\":{\"@id\":\"https:\/\/monplaisir.geek-tonic.dev\/de\/#\/schema\/logo\/image\/\"}}]}<\/script>\n<!-- \/ Yoast SEO plugin. -->","yoast_head_json":{"title":"Entdecken Sie La Rochelle in der N\u00e4he des Campingplatzes: Aquarium, alter Hafen","description":"Besuchen Sie La Rochelle in der N\u00e4he des Campingplatzes und entdecken Sie den ber\u00fchmten Hafen, die Altstadt und eines der gr\u00f6\u00dften Aquarien Europas!","robots":{"index":"noindex","follow":"follow","max-snippet":"max-snippet:-1","max-image-preview":"max-image-preview:large","max-video-preview":"max-video-preview:-1"},"og_locale":"de_DE","og_type":"article","og_title":"Entdecken Sie La Rochelle in der N\u00e4he des Campingplatzes: Aquarium, alter Hafen","og_description":"Besuchen Sie La Rochelle in der N\u00e4he des Campingplatzes und entdecken Sie den ber\u00fchmten Hafen, die Altstadt und eines der gr\u00f6\u00dften Aquarien Europas!","og_url":"https:\/\/monplaisir.geek-tonic.dev\/de\/camping-in-der-naehe-von-la-rochelle\/","og_site_name":"Camping Monplaisir","article_modified_time":"2024-04-04T12:47:58+00:00","og_image":[{"width":2000,"height":1000,"url":"https:\/\/monplaisir.geek-tonic.dev\/wp-content\/uploads\/sites\/12\/2024\/02\/tourisme-la-rochelle-1.webp","type":"image\/webp"}],"twitter_card":"summary_large_image","twitter_misc":{"Gesch\u00e4tzte Lesezeit":"2\u00a0Minuten"},"schema":{"@context":"https:\/\/schema.org","@graph":[{"@type":"WebPage","@id":"https:\/\/monplaisir.geek-tonic.dev\/de\/camping-in-der-naehe-von-la-rochelle\/","url":"https:\/\/monplaisir.geek-tonic.dev\/de\/camping-in-der-naehe-von-la-rochelle\/","name":"Entdecken Sie La Rochelle in der N\u00e4he des Campingplatzes: Aquarium, alter Hafen","isPartOf":{"@id":"https:\/\/monplaisir.geek-tonic.dev\/de\/#website"},"primaryImageOfPage":{"@id":"https:\/\/monplaisir.geek-tonic.dev\/de\/camping-in-der-naehe-von-la-rochelle\/#primaryimage"},"image":{"@id":"https:\/\/monplaisir.geek-tonic.dev\/de\/camping-in-der-naehe-von-la-rochelle\/#primaryimage"},"thumbnailUrl":"https:\/\/monplaisir.geek-tonic.dev\/wp-content\/uploads\/sites\/12\/2024\/02\/tourisme-la-rochelle-1.webp","datePublished":"2024-02-23T10:11:19+00:00","dateModified":"2024-04-04T12:47:58+00:00","description":"Besuchen Sie La Rochelle in der N\u00e4he des Campingplatzes und entdecken Sie den ber\u00fchmten Hafen, die Altstadt und eines der gr\u00f6\u00dften Aquarien Europas!","breadcrumb":{"@id":"https:\/\/monplaisir.geek-tonic.dev\/de\/camping-in-der-naehe-von-la-rochelle\/#breadcrumb"},"inLanguage":"de","potentialAction":[{"@type":"ReadAction","target":["https:\/\/monplaisir.geek-tonic.dev\/de\/camping-in-der-naehe-von-la-rochelle\/"]}]},{"@type":"ImageObject","inLanguage":"de","@id":"https:\/\/monplaisir.geek-tonic.dev\/de\/camping-in-der-naehe-von-la-rochelle\/#primaryimage","url":"https:\/\/monplaisir.geek-tonic.dev\/wp-content\/uploads\/sites\/12\/2024\/02\/tourisme-la-rochelle-1.webp","contentUrl":"https:\/\/monplaisir.geek-tonic.dev\/wp-content\/uploads\/sites\/12\/2024\/02\/tourisme-la-rochelle-1.webp","width":2000,"height":1000,"caption":"tourismus la rochelle"},{"@type":"BreadcrumbList","@id":"https:\/\/monplaisir.geek-tonic.dev\/de\/camping-in-der-naehe-von-la-rochelle\/#breadcrumb","itemListElement":[{"@type":"ListItem","position":1,"name":"Camping sur l\u2019\u00cele d'Ol\u00e9ron","item":"https:\/\/monplaisir.geek-tonic.dev\/de\/"},{"@type":"ListItem","position":2,"name":"Camping in der N\u00e4he von La Rochelle"}]},{"@type":"WebSite","@id":"https:\/\/monplaisir.geek-tonic.dev\/de\/#website","url":"https:\/\/monplaisir.geek-tonic.dev\/de\/","name":"Camping Monplaisir","description":"","publisher":{"@id":"https:\/\/monplaisir.geek-tonic.dev\/de\/#organization"},"potentialAction":[{"@type":"SearchAction","target":{"@type":"EntryPoint","urlTemplate":"https:\/\/monplaisir.geek-tonic.dev\/de\/?s={search_term_string}"},"query-input":{"@type":"PropertyValueSpecification","valueRequired":true,"valueName":"search_term_string"}}],"inLanguage":"de"},{"@type":"Organization","@id":"https:\/\/monplaisir.geek-tonic.dev\/de\/#organization","name":"Camping Monplaisir","url":"https:\/\/monplaisir.geek-tonic.dev\/de\/","logo":{"@type":"ImageObject","inLanguage":"de","@id":"https:\/\/monplaisir.geek-tonic.dev\/de\/#\/schema\/logo\/image\/","url":"https:\/\/monplaisir.geek-tonic.dev\/wp-content\/uploads\/sites\/12\/2024\/02\/cropped-logo-Flower-camping-Monplaisir.png","contentUrl":"https:\/\/monplaisir.geek-tonic.dev\/wp-content\/uploads\/sites\/12\/2024\/02\/cropped-logo-Flower-camping-Monplaisir.png","width":500,"height":660,"caption":"Camping Monplaisir"},"image":{"@id":"https:\/\/monplaisir.geek-tonic.dev\/de\/#\/schema\/logo\/image\/"}}]}},"_links":{"self":[{"href":"https:\/\/monplaisir.geek-tonic.dev\/de\/wp-json\/wp\/v2\/pages\/1542","targetHints":{"allow":["GET"]}}],"collection":[{"href":"https:\/\/monplaisir.geek-tonic.dev\/de\/wp-json\/wp\/v2\/pages"}],"about":[{"href":"https:\/\/monplaisir.geek-tonic.dev\/de\/wp-json\/wp\/v2\/types\/page"}],"author":[{"embeddable":true,"href":"https:\/\/monplaisir.geek-tonic.dev\/de\/wp-json\/wp\/v2\/users\/1"}],"replies":[{"embeddable":true,"href":"https:\/\/monplaisir.geek-tonic.dev\/de\/wp-json\/wp\/v2\/comments?post=1542"}],"version-history":[{"count":7,"href":"https:\/\/monplaisir.geek-tonic.dev\/de\/wp-json\/wp\/v2\/pages\/1542\/revisions"}],"predecessor-version":[{"id":1575,"href":"https:\/\/monplaisir.geek-tonic.dev\/de\/wp-json\/wp\/v2\/pages\/1542\/revisions\/1575"}],"wp:featuredmedia":[{"embeddable":true,"href":"https:\/\/monplaisir.geek-tonic.dev\/de\/wp-json\/wp\/v2\/media\/1546"}],"wp:attachment":[{"href":"https:\/\/monplaisir.geek-tonic.dev\/de\/wp-json\/wp\/v2\/media?parent=1542"}],"wp:term":[{"taxonomy":"sujet","embeddable":true,"href":"https:\/\/monplaisir.geek-tonic.dev\/de\/wp-json\/wp\/v2\/sujet?post=1542"}],"curies":[{"name":"wp","href":"https:\/\/api.w.org\/{rel}","templated":true}]}}