{"id":1608,"date":"2023-12-29T12:05:05","date_gmt":"2023-12-29T11:05:05","guid":{"rendered":"https:\/\/www.monplaisir.geek-tonic.dev\/gruppen-und-betriebsraete-ile-doleron\/"},"modified":"2024-04-04T14:51:01","modified_gmt":"2024-04-04T12:51:01","slug":"gruppen-und-betriebsraete-ile-doleron","status":"publish","type":"page","link":"https:\/\/monplaisir.geek-tonic.dev\/de\/gruppen-und-betriebsraete-ile-doleron\/","title":{"rendered":"Gruppen und Betriebsr\u00e4te"},"content":{"rendered":"<section id=\"ls-section-block_97d45c975aca4842ac442bbe16ae71e7\" class=\"ls-section  page-one has-background has-color-4-background-color has-m-t m-t-0 has-m-b m-b-0 has-p-t p-t-14 has-p-b p-b-14\" >\r\n        <div class=\"container container--wide\">\r\n        \n\n<div class=\"wp-block-columns is-layout-flex wp-container-core-columns-is-layout-1 wp-block-columns-is-layout-flex\">\n<div class=\"wp-block-column animated fadeInLeft delay-100ms slow is-layout-flow wp-block-column-is-layout-flow\" style=\"flex-basis:45%\">\n<figure class=\"wp-block-image size-full\"><a href=\"https:\/\/www.monplaisir.geek-tonic.dev\/wp-content\/uploads\/sites\/12\/2024\/02\/hebergement-groupe-camping-ile-d-oleron_1.webp\"><img decoding=\"async\" width=\"1200\" height=\"765\" src=\"https:\/\/www.monplaisir.geek-tonic.dev\/wp-content\/uploads\/sites\/12\/2024\/02\/hebergement-groupe-camping-ile-d-oleron_1.webp\" alt=\"gruppenunterkunft camping ile d oleron 1\" class=\"wp-image-711\" srcset=\"https:\/\/monplaisir.geek-tonic.dev\/wp-content\/uploads\/sites\/12\/2024\/02\/hebergement-groupe-camping-ile-d-oleron_1.webp 1200w, https:\/\/monplaisir.geek-tonic.dev\/wp-content\/uploads\/sites\/12\/2024\/02\/hebergement-groupe-camping-ile-d-oleron_1-300x191.webp 300w, https:\/\/monplaisir.geek-tonic.dev\/wp-content\/uploads\/sites\/12\/2024\/02\/hebergement-groupe-camping-ile-d-oleron_1-1024x653.webp 1024w, https:\/\/monplaisir.geek-tonic.dev\/wp-content\/uploads\/sites\/12\/2024\/02\/hebergement-groupe-camping-ile-d-oleron_1-768x490.webp 768w\" sizes=\"(max-width: 1200px) 100vw, 1200px\" \/><\/a><\/figure>\n<\/div>\n\n\n\n<div class=\"wp-block-column animated fadeInRight slow is-layout-flow wp-block-column-is-layout-flow\" style=\"flex-basis:55%\">\n<h1 class=\"ls__heading wp-block-heading\">Camping f\u00fcr Gruppen auf der Insel Ol\u00e9ron<\/h1>\n\n\n\n<h2 class=\"ls__heading wp-block-heading\">Unsere Gruppenangebote in Charente-Maritime<\/h2>\n\n\n\n<p class=\"ls-paragraph\">W\u00e4hlen Sie unseren <a href=\"https:\/\/www.monplaisir.geek-tonic.dev\/de\/\">Campingplatz Monplaisir<\/a> am Meer f\u00fcr Ihren <strong>Gruppenaufenthalt<\/strong> aus und buchen Sie die Unterk\u00fcnfte Ihrer Wahl aus unseren <a href=\"https:\/\/www.monplaisir.geek-tonic.dev\/de\/mobilheimvermietung-ile-doleron\/#emplacements\">Mietstellpl\u00e4tzen<\/a>. Was auch immer Sie wollen oder vorhaben, ein Familientreffen, ein Treffen mit Freunden oder ein Sportereignis, unser Team wird Sie an einem warmen Ort empfangen, der zum Entspannen einl\u00e4dt.<\/p>\n\n\n\n<p class=\"ls-paragraph\">Mit seiner gro\u00dfen Anzahl an Mietunterk\u00fcnften (Mobilheimen) w\u00e4hlen Sie unseren Campingplatz f\u00fcr einen Gruppenaufenthalt, und das schon ab <strong>2 N\u00e4chten in der Nebensaison<\/strong>.<strong> Bootsbesitzer und Reisende mit Motorr\u00e4dern<\/strong> k\u00f6nnen auf unserem Campingplatz \u00fcbernachten, der durch seine doppelten Schranken mit Identifikation vollst\u00e4ndig gesichert ist.<\/p>\n\n\n\n<p class=\"ls-paragraph\">Profitieren Sie von unseren <strong>Mietleistungen <\/strong>, bei denen Bettw\u00e4sche, Handt\u00fccher und Reinigungsmittel bereitgestellt werden. Entscheiden Sie sich auch f\u00fcr den Verleih von Babyausstattungen, Grills oder Fahrr\u00e4dern, um mit Leichtigkeit in den Urlaub zu kommen. Verw\u00f6hnen Sie Ihre G\u00e4ste in unserem<strong> Restaurant mit Snackbar<\/strong>. Auf der Speisekarte stehen <strong>angepasste Formeln<\/strong> und ein gro\u00dfer Innen- und Au\u00dfenbereich, um Ihre G\u00e4ste zu empfangen.<\/p>\n\n\n\n<p class=\"ls-paragraph\"><strong>Kontaktieren Sie unser Team f\u00fcr Ihren zuk\u00fcnftigen Gruppenaufenthalt in Monplaisir.<\/strong><\/p>\n<\/div>\n<\/div>\n\n\r\n    <\/div>\r\n<\/section><section id=\"ls-section-block_4574407361b2631efb34d6984a880b07\" class=\"ls-section  home-gallery has-background has-color-4-background-color has-m-t m-t-0 has-p-t p-t-0\" >\r\n        <div class=\"container container--full\">\r\n        \n\n<figure class=\"wp-block-gallery has-nested-images columns-1 is-cropped galerie-slider-container wp-block-gallery-1 is-layout-flex wp-block-gallery-is-layout-flex\">\n<figure class=\"wp-block-image size-full\"><a href=\"https:\/\/www.monplaisir.geek-tonic.dev\/wp-content\/uploads\/sites\/12\/2024\/01\/tourisme-saint-trojan-les-bains.webp\"><img decoding=\"async\" width=\"1200\" height=\"750\" src=\"https:\/\/www.monplaisir.geek-tonic.dev\/wp-content\/uploads\/sites\/12\/2024\/01\/tourisme-saint-trojan-les-bains.webp\" alt=\"tourismus saint trojan les bains\" class=\"wp-image-479\" srcset=\"https:\/\/monplaisir.geek-tonic.dev\/wp-content\/uploads\/sites\/12\/2024\/01\/tourisme-saint-trojan-les-bains.webp 1200w, https:\/\/monplaisir.geek-tonic.dev\/wp-content\/uploads\/sites\/12\/2024\/01\/tourisme-saint-trojan-les-bains-300x188.webp 300w, https:\/\/monplaisir.geek-tonic.dev\/wp-content\/uploads\/sites\/12\/2024\/01\/tourisme-saint-trojan-les-bains-1024x640.webp 1024w, https:\/\/monplaisir.geek-tonic.dev\/wp-content\/uploads\/sites\/12\/2024\/01\/tourisme-saint-trojan-les-bains-768x480.webp 768w\" sizes=\"(max-width: 1200px) 100vw, 1200px\" \/><\/a><\/figure>\n\n\n\n<figure class=\"wp-block-image size-full\"><a href=\"https:\/\/www.monplaisir.geek-tonic.dev\/wp-content\/uploads\/sites\/12\/2024\/01\/location-velo-ile-d-oleron.webp\"><img decoding=\"async\" width=\"1200\" height=\"765\" src=\"https:\/\/www.monplaisir.geek-tonic.dev\/wp-content\/uploads\/sites\/12\/2024\/01\/location-velo-ile-d-oleron.webp\" alt=\"vermietung von fahrr&#xE4;dern ile d oleron\" class=\"wp-image-447\" srcset=\"https:\/\/monplaisir.geek-tonic.dev\/wp-content\/uploads\/sites\/12\/2024\/01\/location-velo-ile-d-oleron.webp 1200w, https:\/\/monplaisir.geek-tonic.dev\/wp-content\/uploads\/sites\/12\/2024\/01\/location-velo-ile-d-oleron-300x191.webp 300w, https:\/\/monplaisir.geek-tonic.dev\/wp-content\/uploads\/sites\/12\/2024\/01\/location-velo-ile-d-oleron-1024x653.webp 1024w, https:\/\/monplaisir.geek-tonic.dev\/wp-content\/uploads\/sites\/12\/2024\/01\/location-velo-ile-d-oleron-768x490.webp 768w\" sizes=\"(max-width: 1200px) 100vw, 1200px\" \/><\/a><\/figure>\n\n\n\n<figure class=\"wp-block-image size-full\"><a href=\"https:\/\/www.monplaisir.geek-tonic.dev\/wp-content\/uploads\/sites\/12\/2024\/02\/plage-saint-denis-d-oleron-camping-1.webp\"><img decoding=\"async\" width=\"1200\" height=\"800\" src=\"https:\/\/www.monplaisir.geek-tonic.dev\/wp-content\/uploads\/sites\/12\/2024\/02\/plage-saint-denis-d-oleron-camping-1.webp\" alt=\"strand saint denis d oleron camping 1\" class=\"wp-image-871\" srcset=\"https:\/\/monplaisir.geek-tonic.dev\/wp-content\/uploads\/sites\/12\/2024\/02\/plage-saint-denis-d-oleron-camping-1.webp 1200w, https:\/\/monplaisir.geek-tonic.dev\/wp-content\/uploads\/sites\/12\/2024\/02\/plage-saint-denis-d-oleron-camping-1-300x200.webp 300w, https:\/\/monplaisir.geek-tonic.dev\/wp-content\/uploads\/sites\/12\/2024\/02\/plage-saint-denis-d-oleron-camping-1-1024x683.webp 1024w, https:\/\/monplaisir.geek-tonic.dev\/wp-content\/uploads\/sites\/12\/2024\/02\/plage-saint-denis-d-oleron-camping-1-768x512.webp 768w\" sizes=\"(max-width: 1200px) 100vw, 1200px\" \/><\/a><\/figure>\n<\/figure>\n\n\r\n    <\/div>\r\n<\/section><section id=\"ls-section-block_1372bd79cbf87f9235473e7a53391e4e\" class=\"ls-section  page-one aventure\" >\r\n        <div class=\"container container--wide\">\r\n        \n\n<div class=\"wp-block-columns is-layout-flex wp-container-core-columns-is-layout-2 wp-block-columns-is-layout-flex\">\n<div class=\"wp-block-column is-vertically-aligned-center first animated fadeInLeft delay-100ms slow is-layout-flow wp-block-column-is-layout-flow\" style=\"flex-basis:45%\">\n<figure class=\"wp-block-image size-full\"><a href=\"https:\/\/www.monplaisir.geek-tonic.dev\/wp-content\/uploads\/sites\/12\/2024\/01\/parc-aquatique-camping-ile-oleron.webp\"><img decoding=\"async\" width=\"1200\" height=\"765\" src=\"https:\/\/www.monplaisir.geek-tonic.dev\/wp-content\/uploads\/sites\/12\/2024\/01\/parc-aquatique-camping-ile-oleron.webp\" alt=\"wasserpark camping ile oleron\" class=\"wp-image-456\" srcset=\"https:\/\/monplaisir.geek-tonic.dev\/wp-content\/uploads\/sites\/12\/2024\/01\/parc-aquatique-camping-ile-oleron.webp 1200w, https:\/\/monplaisir.geek-tonic.dev\/wp-content\/uploads\/sites\/12\/2024\/01\/parc-aquatique-camping-ile-oleron-300x191.webp 300w, https:\/\/monplaisir.geek-tonic.dev\/wp-content\/uploads\/sites\/12\/2024\/01\/parc-aquatique-camping-ile-oleron-1024x653.webp 1024w, https:\/\/monplaisir.geek-tonic.dev\/wp-content\/uploads\/sites\/12\/2024\/01\/parc-aquatique-camping-ile-oleron-768x490.webp 768w\" sizes=\"(max-width: 1200px) 100vw, 1200px\" \/><\/a><\/figure>\n<\/div>\n\n\n\n<div class=\"wp-block-column second animated fadeInRight slow is-layout-flow wp-block-column-is-layout-flow\" style=\"flex-basis:55%\">\n<h2 class=\"ls__heading wp-block-heading has-text-align-left\">Die ESK-Formeln auf dem Campingplatz auf der Insel Ol\u00e9ron<\/h2>\n\n\n\n<p class=\"ls-paragraph\">Verw\u00f6hnen Sie Ihre Mitarbeiter mit einem der beliebtesten Reiseziele der Charente-Maritime und einem hochwertigen Campingplatz, der nur zehn Minuten vom Strand entfernt ist. Treffen Sie die Wahl des <strong>idealen Campingplatzes f\u00fcr Gruppen<\/strong><strong> <\/strong>um Ihre Mitarbeiter zu erf\u00fcllen.  <\/p>\n\n\n\n<p class=\"ls-paragraph\">W\u00e4hrend ihres Urlaubs in der Charente-Maritime werden Ihre Mitarbeiter die zahlreichen Vorteile unserer ideal gelegenen Anlage zu sch\u00e4tzen wissen: Strand 10 Gehminuten entfernt, Stadtzentrum von Saint-Trojan-les-Bains nur 700 Meter entfernt, Restaurant, Snackbar, Bar, Lebensmittelgesch\u00e4ft, beheizter Au\u00dfenpool, Kinderspielpl\u00e4tze, Sommeranimation, zahlreiche Aktivit\u00e4ten in der N\u00e4he: Angeln, Thalasso, Tennis, Wanderungen und Fahrradtouren.<br\/>Unser Campingplatz, der f\u00fcr die <strong>Aufnahme von Gruppen<\/strong> vorgesehen ist, passt sich perfekt an Ihre Bed\u00fcrfnisse und Ihre Struktur an. Profitieren Sie von <strong>Allokations- oder Linearformeln<\/strong> mit <a href=\"https:\/\/www.monplaisir.geek-tonic.dev\/de\/camping-sonderangebote-ile-doleron\/\">Sonderangeboten auf dem Campingplatz<\/a>.<\/p>\n\n\n\n<p class=\"ls-paragraph\">Kontaktieren Sie unser Team, um Ihnen alle Informationen \u00fcber unseren Campingplatz mitzuteilen und die Bedingungen f\u00fcr unsere <strong>CSE- und<\/strong> <strong>K\u00f6rperschafts-Pakete<\/strong> (Dauer und Zeitr\u00e4ume, Preise, R\u00fcck\u00fcbertragung) zu erfahren. M\u00f6chten Sie einen oder mehrere bestimmte Standorte mieten? Unser Team verpflichtet sich, alles zu tun, um Ihre Anfrage zu beantworten. F\u00fcgen Sie den Campingplatz Monplaisir zu Ihren <strong>ESC-Angeboten<\/strong> hinzu und bieten Sie einen angenehmen und \u00fcberschaubaren Urlaubsort an.<\/p>\n\n\n\n<p class=\"ls-paragraph\"><strong>Kontaktieren Sie unser Team per Telefon oder E-Mail f\u00fcr eine zuk\u00fcnftige Zusammenarbeit in der Charente.<\/strong><\/p>\n<\/div>\n<\/div>\n\n\r\n    <\/div>\r\n<\/section><section id=\"ls-section-block_4d35a1770b55e2167ba327dc5458329a\" class=\"ls-section  page-maillage experience has-p-t p-t-0\" >\r\n        <div class=\"container container--wide\">\r\n        \n\n<div id=\"ls-heading ls-titre-div-block_b86f97a215e0890dc67a14d0c6b68f01\" class=\"ls-titre-div aligncenter h2-like\" >\n    <strong>Entdecken <\/strong> Sie unsere Freizeitangebote, unsere Unterk\u00fcnfte und unseren Pool<\/div>\n\n\n<div id=\"ls-maillage-block_f8870a0e36086c7a30275c3ae828b680\" class=\"ls-maillage cta-style-normal\" data-rows=\"3\">\n    <div class=\"wp-block-columns\"><div class=\"wp-block-column\"><div id=\"destinations\" class=\"ls-cta\">\n\n<a href=\"https:\/\/monplaisir.geek-tonic.dev\/de\/mobilheimvermietung-ile-doleron\/\" target=\"\" rel=\"noopener\" class=\"ls-cta__link\">\n\n\t<div class=\"ls-cta__image\"><img decoding=\"async\" src=\"https:\/\/monplaisir.geek-tonic.dev\/wp-content\/uploads\/sites\/12\/2024\/01\/location-camping-ile-d-oleron-scaled.webp\" alt=\"vermietung zelten ile d'oleron\"><\/div>\n\t<div class=\"ls-cta__title\">\n\t\tUnsere Unterk\u00fcnfte\t<\/div>\n\n\t\t\n<\/a><\/div><\/div><div class=\"wp-block-column\"><div id=\"destinations\" class=\"ls-cta\">\n\n<a href=\"https:\/\/monplaisir.geek-tonic.dev\/de\/camping-wassersport-ile-doleron\/\" target=\"\" rel=\"noopener\" class=\"ls-cta__link\">\n\n\t<div class=\"ls-cta__image\"><img decoding=\"async\" src=\"https:\/\/monplaisir.geek-tonic.dev\/wp-content\/uploads\/sites\/12\/2024\/01\/piscine-camping-ile-oleron-scaled.webp\" alt=\"schwimmbad camping ile oleron\"><\/div>\n\t<div class=\"ls-cta__title\">\n\t\tUnser Swimmingpool\t<\/div>\n\n\t\t\n<\/a><\/div><\/div><div class=\"wp-block-column\"><div id=\"destinations\" class=\"ls-cta\">\n\n<a href=\"https:\/\/monplaisir.geek-tonic.dev\/de\/campingplatz-mit-animationen-ile-doleron\/\" target=\"\" rel=\"noopener\" class=\"ls-cta__link\">\n\n\t<div class=\"ls-cta__image\"><img decoding=\"async\" src=\"https:\/\/monplaisir.geek-tonic.dev\/wp-content\/uploads\/sites\/12\/2024\/02\/loisirs-camping-il-d-oleron-1.webp\" alt=\"\"><\/div>\n\t<div class=\"ls-cta__title\">\n\t\tFreizeit vor Ort\t<\/div>\n\n\t\t\n<\/a><\/div><\/div><\/div><\/div>\n\r\n    <\/div>\r\n<\/section>","protected":false},"excerpt":{"rendered":"","protected":false},"author":1,"featured_media":0,"parent":0,"menu_order":0,"comment_status":"closed","ping_status":"closed","template":"","meta":{"_acf_changed":false,"footnotes":""},"sujet":[],"class_list":["post-1608","page","type-page","status-publish","hentry"],"acf":[],"yoast_head":"<!-- This site is optimized with the Yoast SEO plugin v23.9 - https:\/\/yoast.com\/wordpress\/plugins\/seo\/ -->\n<title>Camping f\u00fcr Gruppen auf der Insel Ol\u00e9ron: CSE, K\u00f6rperschaften<\/title>\n<meta name=\"description\" content=\"Ihr Flower-Campingplatz empf\u00e4ngt Gruppen in der Charente-Maritime. Denken Sie an Camping Monplaisir auf der Insel Ol\u00e9ron f\u00fcr Ihre Veranstaltungen!\" \/>\n<meta name=\"robots\" content=\"noindex, follow, max-snippet:-1, max-image-preview:large, max-video-preview:-1\" \/>\n<meta property=\"og:locale\" content=\"de_DE\" \/>\n<meta property=\"og:type\" content=\"article\" \/>\n<meta property=\"og:title\" content=\"Camping f\u00fcr Gruppen auf der Insel Ol\u00e9ron: CSE, K\u00f6rperschaften\" \/>\n<meta property=\"og:description\" content=\"Ihr Flower-Campingplatz empf\u00e4ngt Gruppen in der Charente-Maritime. Denken Sie an Camping Monplaisir auf der Insel Ol\u00e9ron f\u00fcr Ihre Veranstaltungen!\" \/>\n<meta property=\"og:url\" content=\"https:\/\/monplaisir.geek-tonic.dev\/de\/gruppen-und-betriebsraete-ile-doleron\/\" \/>\n<meta property=\"og:site_name\" content=\"Camping Monplaisir\" \/>\n<meta property=\"article:modified_time\" content=\"2024-04-04T12:51:01+00:00\" \/>\n<meta property=\"og:image\" content=\"https:\/\/www.monplaisir.geek-tonic.dev\/wp-content\/uploads\/sites\/12\/2024\/02\/hebergement-groupe-camping-ile-d-oleron_1.webp\" \/>\n<meta name=\"twitter:card\" content=\"summary_large_image\" \/>\n<meta name=\"twitter:label1\" content=\"Gesch\u00e4tzte Lesezeit\" \/>\n\t<meta name=\"twitter:data1\" content=\"2\u00a0Minuten\" \/>\n<script type=\"application\/ld+json\" class=\"yoast-schema-graph\">{\"@context\":\"https:\/\/schema.org\",\"@graph\":[{\"@type\":\"WebPage\",\"@id\":\"https:\/\/monplaisir.geek-tonic.dev\/de\/gruppen-und-betriebsraete-ile-doleron\/\",\"url\":\"https:\/\/monplaisir.geek-tonic.dev\/de\/gruppen-und-betriebsraete-ile-doleron\/\",\"name\":\"Camping f\u00fcr Gruppen auf der Insel Ol\u00e9ron: CSE, K\u00f6rperschaften\",\"isPartOf\":{\"@id\":\"https:\/\/monplaisir.geek-tonic.dev\/de\/#website\"},\"primaryImageOfPage\":{\"@id\":\"https:\/\/monplaisir.geek-tonic.dev\/de\/gruppen-und-betriebsraete-ile-doleron\/#primaryimage\"},\"image\":{\"@id\":\"https:\/\/monplaisir.geek-tonic.dev\/de\/gruppen-und-betriebsraete-ile-doleron\/#primaryimage\"},\"thumbnailUrl\":\"https:\/\/www.monplaisir.geek-tonic.dev\/wp-content\/uploads\/sites\/12\/2024\/02\/hebergement-groupe-camping-ile-d-oleron_1.webp\",\"datePublished\":\"2023-12-29T11:05:05+00:00\",\"dateModified\":\"2024-04-04T12:51:01+00:00\",\"description\":\"Ihr Flower-Campingplatz empf\u00e4ngt Gruppen in der Charente-Maritime. Denken Sie an Camping Monplaisir auf der Insel Ol\u00e9ron f\u00fcr Ihre Veranstaltungen!\",\"breadcrumb\":{\"@id\":\"https:\/\/monplaisir.geek-tonic.dev\/de\/gruppen-und-betriebsraete-ile-doleron\/#breadcrumb\"},\"inLanguage\":\"de\",\"potentialAction\":[{\"@type\":\"ReadAction\",\"target\":[\"https:\/\/monplaisir.geek-tonic.dev\/de\/gruppen-und-betriebsraete-ile-doleron\/\"]}]},{\"@type\":\"ImageObject\",\"inLanguage\":\"de\",\"@id\":\"https:\/\/monplaisir.geek-tonic.dev\/de\/gruppen-und-betriebsraete-ile-doleron\/#primaryimage\",\"url\":\"https:\/\/www.monplaisir.geek-tonic.dev\/wp-content\/uploads\/sites\/12\/2024\/02\/hebergement-groupe-camping-ile-d-oleron_1.webp\",\"contentUrl\":\"https:\/\/www.monplaisir.geek-tonic.dev\/wp-content\/uploads\/sites\/12\/2024\/02\/hebergement-groupe-camping-ile-d-oleron_1.webp\"},{\"@type\":\"BreadcrumbList\",\"@id\":\"https:\/\/monplaisir.geek-tonic.dev\/de\/gruppen-und-betriebsraete-ile-doleron\/#breadcrumb\",\"itemListElement\":[{\"@type\":\"ListItem\",\"position\":1,\"name\":\"Camping sur l\u2019\u00cele d'Ol\u00e9ron\",\"item\":\"https:\/\/monplaisir.geek-tonic.dev\/de\/\"},{\"@type\":\"ListItem\",\"position\":2,\"name\":\"Camping f\u00fcr Gruppen in Charente-Maritime\"}]},{\"@type\":\"WebSite\",\"@id\":\"https:\/\/monplaisir.geek-tonic.dev\/de\/#website\",\"url\":\"https:\/\/monplaisir.geek-tonic.dev\/de\/\",\"name\":\"Camping Monplaisir\",\"description\":\"\",\"publisher\":{\"@id\":\"https:\/\/monplaisir.geek-tonic.dev\/de\/#organization\"},\"potentialAction\":[{\"@type\":\"SearchAction\",\"target\":{\"@type\":\"EntryPoint\",\"urlTemplate\":\"https:\/\/monplaisir.geek-tonic.dev\/de\/?s={search_term_string}\"},\"query-input\":{\"@type\":\"PropertyValueSpecification\",\"valueRequired\":true,\"valueName\":\"search_term_string\"}}],\"inLanguage\":\"de\"},{\"@type\":\"Organization\",\"@id\":\"https:\/\/monplaisir.geek-tonic.dev\/de\/#organization\",\"name\":\"Camping Monplaisir\",\"url\":\"https:\/\/monplaisir.geek-tonic.dev\/de\/\",\"logo\":{\"@type\":\"ImageObject\",\"inLanguage\":\"de\",\"@id\":\"https:\/\/monplaisir.geek-tonic.dev\/de\/#\/schema\/logo\/image\/\",\"url\":\"https:\/\/monplaisir.geek-tonic.dev\/wp-content\/uploads\/sites\/12\/2024\/02\/cropped-logo-Flower-camping-Monplaisir.png\",\"contentUrl\":\"https:\/\/monplaisir.geek-tonic.dev\/wp-content\/uploads\/sites\/12\/2024\/02\/cropped-logo-Flower-camping-Monplaisir.png\",\"width\":500,\"height\":660,\"caption\":\"Camping Monplaisir\"},\"image\":{\"@id\":\"https:\/\/monplaisir.geek-tonic.dev\/de\/#\/schema\/logo\/image\/\"}}]}<\/script>\n<!-- \/ Yoast SEO plugin. -->","yoast_head_json":{"title":"Camping f\u00fcr Gruppen auf der Insel Ol\u00e9ron: CSE, K\u00f6rperschaften","description":"Ihr Flower-Campingplatz empf\u00e4ngt Gruppen in der Charente-Maritime. Denken Sie an Camping Monplaisir auf der Insel Ol\u00e9ron f\u00fcr Ihre Veranstaltungen!","robots":{"index":"noindex","follow":"follow","max-snippet":"max-snippet:-1","max-image-preview":"max-image-preview:large","max-video-preview":"max-video-preview:-1"},"og_locale":"de_DE","og_type":"article","og_title":"Camping f\u00fcr Gruppen auf der Insel Ol\u00e9ron: CSE, K\u00f6rperschaften","og_description":"Ihr Flower-Campingplatz empf\u00e4ngt Gruppen in der Charente-Maritime. Denken Sie an Camping Monplaisir auf der Insel Ol\u00e9ron f\u00fcr Ihre Veranstaltungen!","og_url":"https:\/\/monplaisir.geek-tonic.dev\/de\/gruppen-und-betriebsraete-ile-doleron\/","og_site_name":"Camping Monplaisir","article_modified_time":"2024-04-04T12:51:01+00:00","og_image":[{"url":"https:\/\/www.monplaisir.geek-tonic.dev\/wp-content\/uploads\/sites\/12\/2024\/02\/hebergement-groupe-camping-ile-d-oleron_1.webp"}],"twitter_card":"summary_large_image","twitter_misc":{"Gesch\u00e4tzte Lesezeit":"2\u00a0Minuten"},"schema":{"@context":"https:\/\/schema.org","@graph":[{"@type":"WebPage","@id":"https:\/\/monplaisir.geek-tonic.dev\/de\/gruppen-und-betriebsraete-ile-doleron\/","url":"https:\/\/monplaisir.geek-tonic.dev\/de\/gruppen-und-betriebsraete-ile-doleron\/","name":"Camping f\u00fcr Gruppen auf der Insel Ol\u00e9ron: CSE, K\u00f6rperschaften","isPartOf":{"@id":"https:\/\/monplaisir.geek-tonic.dev\/de\/#website"},"primaryImageOfPage":{"@id":"https:\/\/monplaisir.geek-tonic.dev\/de\/gruppen-und-betriebsraete-ile-doleron\/#primaryimage"},"image":{"@id":"https:\/\/monplaisir.geek-tonic.dev\/de\/gruppen-und-betriebsraete-ile-doleron\/#primaryimage"},"thumbnailUrl":"https:\/\/www.monplaisir.geek-tonic.dev\/wp-content\/uploads\/sites\/12\/2024\/02\/hebergement-groupe-camping-ile-d-oleron_1.webp","datePublished":"2023-12-29T11:05:05+00:00","dateModified":"2024-04-04T12:51:01+00:00","description":"Ihr Flower-Campingplatz empf\u00e4ngt Gruppen in der Charente-Maritime. Denken Sie an Camping Monplaisir auf der Insel Ol\u00e9ron f\u00fcr Ihre Veranstaltungen!","breadcrumb":{"@id":"https:\/\/monplaisir.geek-tonic.dev\/de\/gruppen-und-betriebsraete-ile-doleron\/#breadcrumb"},"inLanguage":"de","potentialAction":[{"@type":"ReadAction","target":["https:\/\/monplaisir.geek-tonic.dev\/de\/gruppen-und-betriebsraete-ile-doleron\/"]}]},{"@type":"ImageObject","inLanguage":"de","@id":"https:\/\/monplaisir.geek-tonic.dev\/de\/gruppen-und-betriebsraete-ile-doleron\/#primaryimage","url":"https:\/\/www.monplaisir.geek-tonic.dev\/wp-content\/uploads\/sites\/12\/2024\/02\/hebergement-groupe-camping-ile-d-oleron_1.webp","contentUrl":"https:\/\/www.monplaisir.geek-tonic.dev\/wp-content\/uploads\/sites\/12\/2024\/02\/hebergement-groupe-camping-ile-d-oleron_1.webp"},{"@type":"BreadcrumbList","@id":"https:\/\/monplaisir.geek-tonic.dev\/de\/gruppen-und-betriebsraete-ile-doleron\/#breadcrumb","itemListElement":[{"@type":"ListItem","position":1,"name":"Camping sur l\u2019\u00cele d'Ol\u00e9ron","item":"https:\/\/monplaisir.geek-tonic.dev\/de\/"},{"@type":"ListItem","position":2,"name":"Camping f\u00fcr Gruppen in Charente-Maritime"}]},{"@type":"WebSite","@id":"https:\/\/monplaisir.geek-tonic.dev\/de\/#website","url":"https:\/\/monplaisir.geek-tonic.dev\/de\/","name":"Camping Monplaisir","description":"","publisher":{"@id":"https:\/\/monplaisir.geek-tonic.dev\/de\/#organization"},"potentialAction":[{"@type":"SearchAction","target":{"@type":"EntryPoint","urlTemplate":"https:\/\/monplaisir.geek-tonic.dev\/de\/?s={search_term_string}"},"query-input":{"@type":"PropertyValueSpecification","valueRequired":true,"valueName":"search_term_string"}}],"inLanguage":"de"},{"@type":"Organization","@id":"https:\/\/monplaisir.geek-tonic.dev\/de\/#organization","name":"Camping Monplaisir","url":"https:\/\/monplaisir.geek-tonic.dev\/de\/","logo":{"@type":"ImageObject","inLanguage":"de","@id":"https:\/\/monplaisir.geek-tonic.dev\/de\/#\/schema\/logo\/image\/","url":"https:\/\/monplaisir.geek-tonic.dev\/wp-content\/uploads\/sites\/12\/2024\/02\/cropped-logo-Flower-camping-Monplaisir.png","contentUrl":"https:\/\/monplaisir.geek-tonic.dev\/wp-content\/uploads\/sites\/12\/2024\/02\/cropped-logo-Flower-camping-Monplaisir.png","width":500,"height":660,"caption":"Camping Monplaisir"},"image":{"@id":"https:\/\/monplaisir.geek-tonic.dev\/de\/#\/schema\/logo\/image\/"}}]}},"_links":{"self":[{"href":"https:\/\/monplaisir.geek-tonic.dev\/de\/wp-json\/wp\/v2\/pages\/1608","targetHints":{"allow":["GET"]}}],"collection":[{"href":"https:\/\/monplaisir.geek-tonic.dev\/de\/wp-json\/wp\/v2\/pages"}],"about":[{"href":"https:\/\/monplaisir.geek-tonic.dev\/de\/wp-json\/wp\/v2\/types\/page"}],"author":[{"embeddable":true,"href":"https:\/\/monplaisir.geek-tonic.dev\/de\/wp-json\/wp\/v2\/users\/1"}],"replies":[{"embeddable":true,"href":"https:\/\/monplaisir.geek-tonic.dev\/de\/wp-json\/wp\/v2\/comments?post=1608"}],"version-history":[{"count":6,"href":"https:\/\/monplaisir.geek-tonic.dev\/de\/wp-json\/wp\/v2\/pages\/1608\/revisions"}],"predecessor-version":[{"id":1631,"href":"https:\/\/monplaisir.geek-tonic.dev\/de\/wp-json\/wp\/v2\/pages\/1608\/revisions\/1631"}],"wp:attachment":[{"href":"https:\/\/monplaisir.geek-tonic.dev\/de\/wp-json\/wp\/v2\/media?parent=1608"}],"wp:term":[{"taxonomy":"sujet","embeddable":true,"href":"https:\/\/monplaisir.geek-tonic.dev\/de\/wp-json\/wp\/v2\/sujet?post=1608"}],"curies":[{"name":"wp","href":"https:\/\/api.w.org\/{rel}","templated":true}]}}