{"id":1416,"date":"2023-12-29T12:04:36","date_gmt":"2023-12-29T11:04:36","guid":{"rendered":"https:\/\/www.monplaisir.geek-tonic.dev\/camping-flower-on-the-ile-doleron\/"},"modified":"2024-08-19T15:07:16","modified_gmt":"2024-08-19T13:07:16","slug":"camping-flower-on-the-ile-doleron","status":"publish","type":"page","link":"https:\/\/monplaisir.geek-tonic.dev\/en\/camping-flower-on-the-ile-doleron\/","title":{"rendered":"Our commitments"},"content":{"rendered":"<section id=\"ls-section-block_122249e6c3f8ac07eefce3327622b374\" class=\"ls-section  page-one has-background has-color-4-background-color has-m-t m-t-0 has-m-b m-b-0 has-p-t p-t-14 has-p-b p-b-14\" >\r\n        <div class=\"container container--wide\">\r\n        \n\n<div class=\"wp-block-columns is-layout-flex wp-container-core-columns-is-layout-1 wp-block-columns-is-layout-flex\">\n<div class=\"wp-block-column animated fadeInLeft delay-100ms slow is-layout-flow wp-block-column-is-layout-flow\" style=\"flex-basis:45%\">\n<figure class=\"wp-block-image size-full\"><a href=\"https:\/\/www.monplaisir.geek-tonic.dev\/wp-content\/uploads\/sites\/12\/2024\/08\/Flower_Saint_Trojan_Camping_MonPlaisir-29_1-scaled.jpg\"><img decoding=\"async\" width=\"2560\" height=\"1920\" src=\"https:\/\/www.monplaisir.geek-tonic.dev\/wp-content\/uploads\/sites\/12\/2024\/08\/Flower_Saint_Trojan_Camping_MonPlaisir-29_1-scaled.jpg\" alt=\"Flower Saint Trojan Camping MonPlaisir 29 1\" class=\"wp-image-2354\" srcset=\"https:\/\/monplaisir.geek-tonic.dev\/wp-content\/uploads\/sites\/12\/2024\/08\/Flower_Saint_Trojan_Camping_MonPlaisir-29_1-scaled.jpg 2560w, https:\/\/monplaisir.geek-tonic.dev\/wp-content\/uploads\/sites\/12\/2024\/08\/Flower_Saint_Trojan_Camping_MonPlaisir-29_1-300x225.jpg 300w, https:\/\/monplaisir.geek-tonic.dev\/wp-content\/uploads\/sites\/12\/2024\/08\/Flower_Saint_Trojan_Camping_MonPlaisir-29_1-1024x768.jpg 1024w, https:\/\/monplaisir.geek-tonic.dev\/wp-content\/uploads\/sites\/12\/2024\/08\/Flower_Saint_Trojan_Camping_MonPlaisir-29_1-768x576.jpg 768w, https:\/\/monplaisir.geek-tonic.dev\/wp-content\/uploads\/sites\/12\/2024\/08\/Flower_Saint_Trojan_Camping_MonPlaisir-29_1-1536x1152.jpg 1536w, https:\/\/monplaisir.geek-tonic.dev\/wp-content\/uploads\/sites\/12\/2024\/08\/Flower_Saint_Trojan_Camping_MonPlaisir-29_1-2048x1536.jpg 2048w\" sizes=\"(max-width: 2560px) 100vw, 2560px\" \/><\/a><\/figure>\n<\/div>\n\n\n\n<div class=\"wp-block-column animated fadeInRight slow is-layout-flow wp-block-column-is-layout-flow\" style=\"flex-basis:55%\">\n<h1 class=\"ls__heading wp-block-heading\">Committed camping on the Ile d&#8217;Ol\u00e9ron<\/h1>\n\n\n\n<h2 class=\"ls__heading wp-block-heading\">Flower Campings in Charente-Maritime<\/h2>\n\n\n\n<p class=\"ls-paragraph\">Our <strong>campsite is part of the Flower Campings network<\/strong>. Present in Ol\u00e9ron, the Flower Campings brand is the<strong> first chain of independent franchised campsites in France<\/strong>. A key player in small-scale camping holidays, we <strong>offer<\/strong> <strong>over<\/strong> <strong>120 destinations<\/strong> throughout France. <\/p>\n\n\n\n<p class=\"ls-paragraph\">Nous partageons avec Flower Campings des <strong>valeurs<\/strong> <strong>communes :<\/strong> placer <strong>l\u2019humain au centre de nos attentions<\/strong>. Through the many Flower Campings prerequisites, we are committed every day to guaranteeing :<\/p>\n\n\n\n<div class=\"ls-lire-plus\">\n    <input id=\"ls-lire-plus-block_61737f3c466f3e835c0756da1d13bd9e69e7c9b6d5bd3\" type=\"checkbox\" class=\"ls-lire-plus__toggle\"  \/>\n    <label for=\"ls-lire-plus-block_61737f3c466f3e835c0756da1d13bd9e69e7c9b6d5bd3\" class=\"ls-lire-plus__toggle-label\">\n        <span>Lire plus<\/span>\n        <span>Lire moins<\/span>\n    <\/label>\n    <div class=\"ls-lire-plus__content\">\n        \n\n<ul class=\"ls-list wp-block-list\">\n\n<li>a <strong>personalized<\/strong> <strong>welcome<\/strong> and an ability to listen on the part of all our staff,<\/li>\n\n\n<li>un <strong>niveau d\u2019exigence \u00e9lev\u00e9 sur la qualit\u00e9 de nos services<\/strong> et de nos infrastructures \u00e0 travers<strong> le label Qualit\u00e9 Tourisme<\/strong>,<\/li>\n\n\n<li><strong>promoting<\/strong> <strong>the<\/strong> <strong>terroir<\/strong> and the <strong>destination<\/strong>,<\/li>\n\n\n<li>a <strong>program<\/strong> of summer <strong>activities<\/strong> for all,<\/li>\n\n\n<li>benefits for our most loyal holidaymakers through the <strong>My Flower loyalty program<\/strong>,<\/li>\n\n\n<li>le<strong> respect<\/strong> <strong>de<\/strong> <strong>la<\/strong> <strong>nature<\/strong> et de la <strong>biodiversit\u00e9<\/strong> <\/li>\n\n<\/ul>\n\n\n\n<p class=\"ls-paragraph\">At the Flower campsite on the Ile d&#8217;Ol\u00e9ron, <strong>entertainment is at its best!<\/strong> During your summer vacations, enjoy a varied entertainment program for all, with<strong> 5 days and evenings of entertainment per week<\/strong>. Your children aged <strong>5 to 12 <\/strong>will have fun at the<strong> mini club<\/strong> every morning from Monday to Friday. On the programme: fun and educational activities. Dino, <strong>the iconic mascot of Flower Campings<\/strong>, will regularly come to the campsite to entertain young and old.<\/p>\n\n        <div class=\"ls-lire-plus__gradient\" style=\"background: linear-gradient(to bottom,rgba(255,235,204,0) 0%,rgba(255,235,204,1) 100%);\"><\/div>\n    <\/div>\n<\/div><\/div>\n<\/div>\n\n\r\n    <\/div>\r\n<\/section><section id=\"ls-section-block_99c8bf6c7e5f208c9083fb01fe5e1b06\" class=\"ls-section  home-gallery has-background has-color-4-background-color has-m-t m-t-0 has-p-t p-t-0\" >\r\n        <div class=\"container container--full\">\r\n        \n\n<figure class=\"wp-block-gallery has-nested-images columns-1 is-cropped galerie-slider-container wp-block-gallery-1 is-layout-flex wp-block-gallery-is-layout-flex\">\n<figure class=\"wp-block-image size-full\"><a href=\"https:\/\/www.monplaisir.geek-tonic.dev\/wp-content\/uploads\/sites\/12\/2024\/08\/Flower_Saint_Trojan_Camping_MonPlaisir-24_0-scaled.jpg\"><img decoding=\"async\" width=\"2560\" height=\"1920\" src=\"https:\/\/www.monplaisir.geek-tonic.dev\/wp-content\/uploads\/sites\/12\/2024\/08\/Flower_Saint_Trojan_Camping_MonPlaisir-24_0-scaled.jpg\" alt=\"Flower Saint Trojan Camping MonPlaisir 24 0\" class=\"wp-image-2193\" srcset=\"https:\/\/monplaisir.geek-tonic.dev\/wp-content\/uploads\/sites\/12\/2024\/08\/Flower_Saint_Trojan_Camping_MonPlaisir-24_0-scaled.jpg 2560w, https:\/\/monplaisir.geek-tonic.dev\/wp-content\/uploads\/sites\/12\/2024\/08\/Flower_Saint_Trojan_Camping_MonPlaisir-24_0-300x225.jpg 300w, https:\/\/monplaisir.geek-tonic.dev\/wp-content\/uploads\/sites\/12\/2024\/08\/Flower_Saint_Trojan_Camping_MonPlaisir-24_0-1024x768.jpg 1024w, https:\/\/monplaisir.geek-tonic.dev\/wp-content\/uploads\/sites\/12\/2024\/08\/Flower_Saint_Trojan_Camping_MonPlaisir-24_0-768x576.jpg 768w, https:\/\/monplaisir.geek-tonic.dev\/wp-content\/uploads\/sites\/12\/2024\/08\/Flower_Saint_Trojan_Camping_MonPlaisir-24_0-1536x1152.jpg 1536w, https:\/\/monplaisir.geek-tonic.dev\/wp-content\/uploads\/sites\/12\/2024\/08\/Flower_Saint_Trojan_Camping_MonPlaisir-24_0-2048x1536.jpg 2048w\" sizes=\"(max-width: 2560px) 100vw, 2560px\" \/><\/a><\/figure>\n\n\n\n<figure class=\"wp-block-image size-full\"><a href=\"https:\/\/www.monplaisir.geek-tonic.dev\/wp-content\/uploads\/sites\/12\/2024\/03\/tourisme-la-tremblade-camping-ile-d-oleron.webp\"><img decoding=\"async\" width=\"1200\" height=\"800\" src=\"https:\/\/www.monplaisir.geek-tonic.dev\/wp-content\/uploads\/sites\/12\/2024\/03\/tourisme-la-tremblade-camping-ile-d-oleron.webp\" alt=\"tourism la tremblade camping ile d oleron\" class=\"wp-image-977\" srcset=\"https:\/\/monplaisir.geek-tonic.dev\/wp-content\/uploads\/sites\/12\/2024\/03\/tourisme-la-tremblade-camping-ile-d-oleron.webp 1200w, https:\/\/monplaisir.geek-tonic.dev\/wp-content\/uploads\/sites\/12\/2024\/03\/tourisme-la-tremblade-camping-ile-d-oleron-300x200.webp 300w, https:\/\/monplaisir.geek-tonic.dev\/wp-content\/uploads\/sites\/12\/2024\/03\/tourisme-la-tremblade-camping-ile-d-oleron-1024x683.webp 1024w, https:\/\/monplaisir.geek-tonic.dev\/wp-content\/uploads\/sites\/12\/2024\/03\/tourisme-la-tremblade-camping-ile-d-oleron-768x512.webp 768w\" sizes=\"(max-width: 1200px) 100vw, 1200px\" \/><\/a><\/figure>\n\n\n\n<figure class=\"wp-block-image size-full\"><a href=\"https:\/\/www.monplaisir.geek-tonic.dev\/wp-content\/uploads\/sites\/12\/2024\/08\/Flower_Saint_Trojan_Camping_MonPlaisir-90_0-scaled.jpg\"><img decoding=\"async\" width=\"2560\" height=\"1920\" src=\"https:\/\/www.monplaisir.geek-tonic.dev\/wp-content\/uploads\/sites\/12\/2024\/08\/Flower_Saint_Trojan_Camping_MonPlaisir-90_0-scaled.jpg\" alt=\"Flower Saint Trojan Camping MonPlaisir 90 0\" class=\"wp-image-2346\" srcset=\"https:\/\/monplaisir.geek-tonic.dev\/wp-content\/uploads\/sites\/12\/2024\/08\/Flower_Saint_Trojan_Camping_MonPlaisir-90_0-scaled.jpg 2560w, https:\/\/monplaisir.geek-tonic.dev\/wp-content\/uploads\/sites\/12\/2024\/08\/Flower_Saint_Trojan_Camping_MonPlaisir-90_0-300x225.jpg 300w, https:\/\/monplaisir.geek-tonic.dev\/wp-content\/uploads\/sites\/12\/2024\/08\/Flower_Saint_Trojan_Camping_MonPlaisir-90_0-1024x768.jpg 1024w, https:\/\/monplaisir.geek-tonic.dev\/wp-content\/uploads\/sites\/12\/2024\/08\/Flower_Saint_Trojan_Camping_MonPlaisir-90_0-768x576.jpg 768w, https:\/\/monplaisir.geek-tonic.dev\/wp-content\/uploads\/sites\/12\/2024\/08\/Flower_Saint_Trojan_Camping_MonPlaisir-90_0-1536x1152.jpg 1536w, https:\/\/monplaisir.geek-tonic.dev\/wp-content\/uploads\/sites\/12\/2024\/08\/Flower_Saint_Trojan_Camping_MonPlaisir-90_0-2048x1536.jpg 2048w\" sizes=\"(max-width: 2560px) 100vw, 2560px\" \/><\/a><\/figure>\n<\/figure>\n\n\r\n    <\/div>\r\n<\/section><section id=\"ls-section-block_6630bf3127e99efba1169a1c02467d83\" class=\"ls-section  page-one aventure\" >\r\n        <div class=\"container container--wide\">\r\n        \n\n<div class=\"wp-block-columns is-layout-flex wp-container-core-columns-is-layout-2 wp-block-columns-is-layout-flex\">\n<div class=\"wp-block-column is-vertically-aligned-center first animated fadeInLeft delay-100ms slow is-layout-flow wp-block-column-is-layout-flow\" style=\"flex-basis:45%\">\n<figure class=\"wp-block-image size-full\"><a href=\"https:\/\/www.monplaisir.geek-tonic.dev\/wp-content\/uploads\/sites\/12\/2024\/08\/Flower_Saint_Trojan_Camping_MonPlaisir-81_0-scaled.jpg\"><img decoding=\"async\" width=\"2560\" height=\"1920\" src=\"https:\/\/www.monplaisir.geek-tonic.dev\/wp-content\/uploads\/sites\/12\/2024\/08\/Flower_Saint_Trojan_Camping_MonPlaisir-81_0-scaled.jpg\" alt=\"Flower Saint Trojan Camping MonPlaisir 81 0\" class=\"wp-image-2358\" srcset=\"https:\/\/monplaisir.geek-tonic.dev\/wp-content\/uploads\/sites\/12\/2024\/08\/Flower_Saint_Trojan_Camping_MonPlaisir-81_0-scaled.jpg 2560w, https:\/\/monplaisir.geek-tonic.dev\/wp-content\/uploads\/sites\/12\/2024\/08\/Flower_Saint_Trojan_Camping_MonPlaisir-81_0-300x225.jpg 300w, https:\/\/monplaisir.geek-tonic.dev\/wp-content\/uploads\/sites\/12\/2024\/08\/Flower_Saint_Trojan_Camping_MonPlaisir-81_0-1024x768.jpg 1024w, https:\/\/monplaisir.geek-tonic.dev\/wp-content\/uploads\/sites\/12\/2024\/08\/Flower_Saint_Trojan_Camping_MonPlaisir-81_0-768x576.jpg 768w, https:\/\/monplaisir.geek-tonic.dev\/wp-content\/uploads\/sites\/12\/2024\/08\/Flower_Saint_Trojan_Camping_MonPlaisir-81_0-1536x1152.jpg 1536w, https:\/\/monplaisir.geek-tonic.dev\/wp-content\/uploads\/sites\/12\/2024\/08\/Flower_Saint_Trojan_Camping_MonPlaisir-81_0-2048x1536.jpg 2048w\" sizes=\"(max-width: 2560px) 100vw, 2560px\" \/><\/a><\/figure>\n<\/div>\n\n\n\n<div class=\"wp-block-column second animated fadeInRight slow is-layout-flow wp-block-column-is-layout-flow\" style=\"flex-basis:55%\">\n<h2 class=\"ls__heading wp-block-heading has-text-align-left\">Our ecological commitments at the campsite<\/h2>\n\n\n\n<p class=\"ls-paragraph\">At Flower Camping in Charente-Maritime, <strong>sustainable<\/strong> <strong>development<\/strong> and <strong>biodiversity<\/strong> are an integral part of our daily routine. On <strong>land managed by the Office National des For\u00eats<\/strong>, the <a href=\"https:\/\/www.monplaisir.geek-tonic.dev\/en\/\">Flower Monplaisir campsite on the Ile d&#8217;Ol\u00e9ron<\/a> is committed to offering a preserved, wooded environment, an ideal place to enjoy a vacation in harmony with nature on the Ile d&#8217;Ol\u00e9ron.<\/p>\n\n\n\n<p class=\"ls-paragraph\">Every day, we work to promote more sustainable tourism through a wide range of actions and facilities. We have set up low-energy <strong>equipment <\/strong>and <strong>facilities<\/strong>, in favor of the <strong>ecology<\/strong>: rental bicycles, tools on battery, solar lamps, LED bulbs, a majority of eco-friendly mobile homes and classified Green Key, selective sorting, double flush flushing in the accommodation, water-saving spumantifiers on taps, printing on drafts and in black and white favoured, maximum limitation of document and customer invoice printing.<\/p>\n\n\n\n<p class=\"ls-paragraph\">Find our<strong> digital welcome booklet<\/strong> and information about <a href=\"https:\/\/www.flowercampings.com\/page\/application-mobile\" target=\"_blank\" rel=\"noreferrer noopener\">Flower Campings on the mobile app<\/a>. <\/p>\n<\/div>\n<\/div>\n\n\r\n    <\/div>\r\n<\/section><section id=\"ls-section-block_d04952e62ce1939d6d55ff0d765a2476\" class=\"ls-section  page-maillage experience has-p-t p-t-0\" >\r\n        <div class=\"container container--wide\">\r\n        \n\n<div id=\"ls-heading ls-titre-div-block_5d60ce83c6f717f78aca2c7dccffa3e6\" class=\"ls-titre-div aligncenter h2-like\" >\n    <strong>Find out more about <\/strong> our services, accommodation and facilities for groups<\/div>\n\n\n<div id=\"ls-maillage-block_416a0fb25c3a995b0fba9929fbb61934\" class=\"ls-maillage cta-style-normal\" data-rows=\"3\">\n    <div class=\"wp-block-columns\"><div class=\"wp-block-column\"><div id=\"destinations\" class=\"ls-cta\">\n\n<a href=\"https:\/\/monplaisir.geek-tonic.dev\/en\/mobile-home-rental-ile-doleron\/\" target=\"\" rel=\"noopener\" class=\"ls-cta__link\">\n\n\t<div class=\"ls-cta__image\"><img decoding=\"async\" src=\"https:\/\/monplaisir.geek-tonic.dev\/wp-content\/uploads\/sites\/12\/2024\/01\/location-camping-ile-d-oleron-scaled.webp\" alt=\"rental camping ile d oleron\"><\/div>\n\t<div class=\"ls-cta__title\">\n\t\tOur accommodations\t<\/div>\n\n\t\t\n<\/a><\/div><\/div><div class=\"wp-block-column\"><div id=\"destinations\" class=\"ls-cta\">\n\n<a href=\"https:\/\/monplaisir.geek-tonic.dev\/en\/camping-services-ile-doleron\/\" target=\"\" rel=\"noopener\" class=\"ls-cta__link\">\n\n\t<div class=\"ls-cta__image\"><img decoding=\"async\" src=\"https:\/\/monplaisir.geek-tonic.dev\/wp-content\/uploads\/sites\/12\/2024\/02\/services-camping-ile-d-oleron_1-scaled.webp\" alt=\"services camping ile d oleron 1\"><\/div>\n\t<div class=\"ls-cta__title\">\n\t\tServices\t<\/div>\n\n\t\t\n<\/a><\/div><\/div><div class=\"wp-block-column\"><div id=\"destinations\" class=\"ls-cta\">\n\n<a href=\"https:\/\/monplaisir.geek-tonic.dev\/en\/camping-for-groups-ile-doleron\/\" target=\"\" rel=\"noopener\" class=\"ls-cta__link\">\n\n\t<div class=\"ls-cta__image\"><img decoding=\"async\" src=\"https:\/\/monplaisir.geek-tonic.dev\/wp-content\/uploads\/sites\/12\/2024\/02\/groupe-seminaire-camping-ile-d-oleron_1.webp\" alt=\"groupe seminaire camping ile d oleron 1\"><\/div>\n\t<div class=\"ls-cta__title\">\n\t\tGroups and Works Councils\t<\/div>\n\n\t\t\n<\/a><\/div><\/div><\/div><\/div>\n\r\n    <\/div>\r\n<\/section>","protected":false},"excerpt":{"rendered":"","protected":false},"author":1,"featured_media":2372,"parent":0,"menu_order":0,"comment_status":"closed","ping_status":"closed","template":"","meta":{"_acf_changed":false,"footnotes":""},"sujet":[],"class_list":["post-1416","page","type-page","status-publish","has-post-thumbnail","hentry"],"acf":[],"yoast_head":"<!-- This site is optimized with the Yoast SEO plugin v23.9 - https:\/\/yoast.com\/wordpress\/plugins\/seo\/ -->\n<title>Camping Flower on the Ile d&#039;Ol\u00e9ron: ecological commitments<\/title>\n<meta name=\"description\" content=\"Discover the ecological commitments of your Flower Monplaisir campsite for green tourism on the Ile d&#039;Ol\u00e9ron\" \/>\n<meta name=\"robots\" content=\"noindex, follow, max-snippet:-1, max-image-preview:large, max-video-preview:-1\" \/>\n<meta property=\"og:locale\" content=\"en_US\" \/>\n<meta property=\"og:type\" content=\"article\" \/>\n<meta property=\"og:title\" content=\"Camping Flower on the Ile d&#039;Ol\u00e9ron: ecological commitments\" \/>\n<meta property=\"og:description\" content=\"Discover the ecological commitments of your Flower Monplaisir campsite for green tourism on the Ile d&#039;Ol\u00e9ron\" \/>\n<meta property=\"og:url\" content=\"https:\/\/monplaisir.geek-tonic.dev\/en\/camping-flower-on-the-ile-doleron\/\" \/>\n<meta property=\"og:site_name\" content=\"Camping Monplaisir\" \/>\n<meta property=\"article:modified_time\" content=\"2024-08-19T13:07:16+00:00\" \/>\n<meta property=\"og:image\" content=\"https:\/\/monplaisir.geek-tonic.dev\/wp-content\/uploads\/sites\/12\/2024\/08\/Flower_Saint_Trojan_Camping_MonPlaisir-82_0-scaled.jpg\" \/>\n\t<meta property=\"og:image:width\" content=\"2560\" \/>\n\t<meta property=\"og:image:height\" content=\"1920\" \/>\n\t<meta property=\"og:image:type\" content=\"image\/jpeg\" \/>\n<meta name=\"twitter:card\" content=\"summary_large_image\" \/>\n<meta name=\"twitter:label1\" content=\"Est. reading time\" \/>\n\t<meta name=\"twitter:data1\" content=\"2 minutes\" \/>\n<script type=\"application\/ld+json\" class=\"yoast-schema-graph\">{\"@context\":\"https:\/\/schema.org\",\"@graph\":[{\"@type\":\"WebPage\",\"@id\":\"https:\/\/monplaisir.geek-tonic.dev\/en\/camping-flower-on-the-ile-doleron\/\",\"url\":\"https:\/\/monplaisir.geek-tonic.dev\/en\/camping-flower-on-the-ile-doleron\/\",\"name\":\"Camping Flower on the Ile d'Ol\u00e9ron: ecological commitments\",\"isPartOf\":{\"@id\":\"https:\/\/monplaisir.geek-tonic.dev\/en\/#website\"},\"primaryImageOfPage\":{\"@id\":\"https:\/\/monplaisir.geek-tonic.dev\/en\/camping-flower-on-the-ile-doleron\/#primaryimage\"},\"image\":{\"@id\":\"https:\/\/monplaisir.geek-tonic.dev\/en\/camping-flower-on-the-ile-doleron\/#primaryimage\"},\"thumbnailUrl\":\"https:\/\/monplaisir.geek-tonic.dev\/wp-content\/uploads\/sites\/12\/2024\/08\/Flower_Saint_Trojan_Camping_MonPlaisir-82_0-scaled.jpg\",\"datePublished\":\"2023-12-29T11:04:36+00:00\",\"dateModified\":\"2024-08-19T13:07:16+00:00\",\"description\":\"Discover the ecological commitments of your Flower Monplaisir campsite for green tourism on the Ile d'Ol\u00e9ron\",\"breadcrumb\":{\"@id\":\"https:\/\/monplaisir.geek-tonic.dev\/en\/camping-flower-on-the-ile-doleron\/#breadcrumb\"},\"inLanguage\":\"en-US\",\"potentialAction\":[{\"@type\":\"ReadAction\",\"target\":[\"https:\/\/monplaisir.geek-tonic.dev\/en\/camping-flower-on-the-ile-doleron\/\"]}]},{\"@type\":\"ImageObject\",\"inLanguage\":\"en-US\",\"@id\":\"https:\/\/monplaisir.geek-tonic.dev\/en\/camping-flower-on-the-ile-doleron\/#primaryimage\",\"url\":\"https:\/\/monplaisir.geek-tonic.dev\/wp-content\/uploads\/sites\/12\/2024\/08\/Flower_Saint_Trojan_Camping_MonPlaisir-82_0-scaled.jpg\",\"contentUrl\":\"https:\/\/monplaisir.geek-tonic.dev\/wp-content\/uploads\/sites\/12\/2024\/08\/Flower_Saint_Trojan_Camping_MonPlaisir-82_0-scaled.jpg\",\"width\":2560,\"height\":1920,\"caption\":\"Flower Saint Trojan Camping MonPlaisir 82 0\"},{\"@type\":\"BreadcrumbList\",\"@id\":\"https:\/\/monplaisir.geek-tonic.dev\/en\/camping-flower-on-the-ile-doleron\/#breadcrumb\",\"itemListElement\":[{\"@type\":\"ListItem\",\"position\":1,\"name\":\"Camping sur l\u2019\u00cele d'Ol\u00e9ron\",\"item\":\"https:\/\/monplaisir.geek-tonic.dev\/en\/\"},{\"@type\":\"ListItem\",\"position\":2,\"name\":\"Camping Flower in Charente-Maritime\"}]},{\"@type\":\"WebSite\",\"@id\":\"https:\/\/monplaisir.geek-tonic.dev\/en\/#website\",\"url\":\"https:\/\/monplaisir.geek-tonic.dev\/en\/\",\"name\":\"Camping Monplaisir\",\"description\":\"\",\"publisher\":{\"@id\":\"https:\/\/monplaisir.geek-tonic.dev\/en\/#organization\"},\"potentialAction\":[{\"@type\":\"SearchAction\",\"target\":{\"@type\":\"EntryPoint\",\"urlTemplate\":\"https:\/\/monplaisir.geek-tonic.dev\/en\/?s={search_term_string}\"},\"query-input\":{\"@type\":\"PropertyValueSpecification\",\"valueRequired\":true,\"valueName\":\"search_term_string\"}}],\"inLanguage\":\"en-US\"},{\"@type\":\"Organization\",\"@id\":\"https:\/\/monplaisir.geek-tonic.dev\/en\/#organization\",\"name\":\"Camping Monplaisir\",\"url\":\"https:\/\/monplaisir.geek-tonic.dev\/en\/\",\"logo\":{\"@type\":\"ImageObject\",\"inLanguage\":\"en-US\",\"@id\":\"https:\/\/monplaisir.geek-tonic.dev\/en\/#\/schema\/logo\/image\/\",\"url\":\"https:\/\/monplaisir.geek-tonic.dev\/wp-content\/uploads\/sites\/12\/2024\/02\/cropped-logo-Flower-camping-Monplaisir.png\",\"contentUrl\":\"https:\/\/monplaisir.geek-tonic.dev\/wp-content\/uploads\/sites\/12\/2024\/02\/cropped-logo-Flower-camping-Monplaisir.png\",\"width\":500,\"height\":660,\"caption\":\"Camping Monplaisir\"},\"image\":{\"@id\":\"https:\/\/monplaisir.geek-tonic.dev\/en\/#\/schema\/logo\/image\/\"}}]}<\/script>\n<!-- \/ Yoast SEO plugin. -->","yoast_head_json":{"title":"Camping Flower on the Ile d'Ol\u00e9ron: ecological commitments","description":"Discover the ecological commitments of your Flower Monplaisir campsite for green tourism on the Ile d'Ol\u00e9ron","robots":{"index":"noindex","follow":"follow","max-snippet":"max-snippet:-1","max-image-preview":"max-image-preview:large","max-video-preview":"max-video-preview:-1"},"og_locale":"en_US","og_type":"article","og_title":"Camping Flower on the Ile d'Ol\u00e9ron: ecological commitments","og_description":"Discover the ecological commitments of your Flower Monplaisir campsite for green tourism on the Ile d'Ol\u00e9ron","og_url":"https:\/\/monplaisir.geek-tonic.dev\/en\/camping-flower-on-the-ile-doleron\/","og_site_name":"Camping Monplaisir","article_modified_time":"2024-08-19T13:07:16+00:00","og_image":[{"width":2560,"height":1920,"url":"https:\/\/monplaisir.geek-tonic.dev\/wp-content\/uploads\/sites\/12\/2024\/08\/Flower_Saint_Trojan_Camping_MonPlaisir-82_0-scaled.jpg","type":"image\/jpeg"}],"twitter_card":"summary_large_image","twitter_misc":{"Est. reading time":"2 minutes"},"schema":{"@context":"https:\/\/schema.org","@graph":[{"@type":"WebPage","@id":"https:\/\/monplaisir.geek-tonic.dev\/en\/camping-flower-on-the-ile-doleron\/","url":"https:\/\/monplaisir.geek-tonic.dev\/en\/camping-flower-on-the-ile-doleron\/","name":"Camping Flower on the Ile d'Ol\u00e9ron: ecological commitments","isPartOf":{"@id":"https:\/\/monplaisir.geek-tonic.dev\/en\/#website"},"primaryImageOfPage":{"@id":"https:\/\/monplaisir.geek-tonic.dev\/en\/camping-flower-on-the-ile-doleron\/#primaryimage"},"image":{"@id":"https:\/\/monplaisir.geek-tonic.dev\/en\/camping-flower-on-the-ile-doleron\/#primaryimage"},"thumbnailUrl":"https:\/\/monplaisir.geek-tonic.dev\/wp-content\/uploads\/sites\/12\/2024\/08\/Flower_Saint_Trojan_Camping_MonPlaisir-82_0-scaled.jpg","datePublished":"2023-12-29T11:04:36+00:00","dateModified":"2024-08-19T13:07:16+00:00","description":"Discover the ecological commitments of your Flower Monplaisir campsite for green tourism on the Ile d'Ol\u00e9ron","breadcrumb":{"@id":"https:\/\/monplaisir.geek-tonic.dev\/en\/camping-flower-on-the-ile-doleron\/#breadcrumb"},"inLanguage":"en-US","potentialAction":[{"@type":"ReadAction","target":["https:\/\/monplaisir.geek-tonic.dev\/en\/camping-flower-on-the-ile-doleron\/"]}]},{"@type":"ImageObject","inLanguage":"en-US","@id":"https:\/\/monplaisir.geek-tonic.dev\/en\/camping-flower-on-the-ile-doleron\/#primaryimage","url":"https:\/\/monplaisir.geek-tonic.dev\/wp-content\/uploads\/sites\/12\/2024\/08\/Flower_Saint_Trojan_Camping_MonPlaisir-82_0-scaled.jpg","contentUrl":"https:\/\/monplaisir.geek-tonic.dev\/wp-content\/uploads\/sites\/12\/2024\/08\/Flower_Saint_Trojan_Camping_MonPlaisir-82_0-scaled.jpg","width":2560,"height":1920,"caption":"Flower Saint Trojan Camping MonPlaisir 82 0"},{"@type":"BreadcrumbList","@id":"https:\/\/monplaisir.geek-tonic.dev\/en\/camping-flower-on-the-ile-doleron\/#breadcrumb","itemListElement":[{"@type":"ListItem","position":1,"name":"Camping sur l\u2019\u00cele d'Ol\u00e9ron","item":"https:\/\/monplaisir.geek-tonic.dev\/en\/"},{"@type":"ListItem","position":2,"name":"Camping Flower in Charente-Maritime"}]},{"@type":"WebSite","@id":"https:\/\/monplaisir.geek-tonic.dev\/en\/#website","url":"https:\/\/monplaisir.geek-tonic.dev\/en\/","name":"Camping Monplaisir","description":"","publisher":{"@id":"https:\/\/monplaisir.geek-tonic.dev\/en\/#organization"},"potentialAction":[{"@type":"SearchAction","target":{"@type":"EntryPoint","urlTemplate":"https:\/\/monplaisir.geek-tonic.dev\/en\/?s={search_term_string}"},"query-input":{"@type":"PropertyValueSpecification","valueRequired":true,"valueName":"search_term_string"}}],"inLanguage":"en-US"},{"@type":"Organization","@id":"https:\/\/monplaisir.geek-tonic.dev\/en\/#organization","name":"Camping Monplaisir","url":"https:\/\/monplaisir.geek-tonic.dev\/en\/","logo":{"@type":"ImageObject","inLanguage":"en-US","@id":"https:\/\/monplaisir.geek-tonic.dev\/en\/#\/schema\/logo\/image\/","url":"https:\/\/monplaisir.geek-tonic.dev\/wp-content\/uploads\/sites\/12\/2024\/02\/cropped-logo-Flower-camping-Monplaisir.png","contentUrl":"https:\/\/monplaisir.geek-tonic.dev\/wp-content\/uploads\/sites\/12\/2024\/02\/cropped-logo-Flower-camping-Monplaisir.png","width":500,"height":660,"caption":"Camping Monplaisir"},"image":{"@id":"https:\/\/monplaisir.geek-tonic.dev\/en\/#\/schema\/logo\/image\/"}}]}},"_links":{"self":[{"href":"https:\/\/monplaisir.geek-tonic.dev\/en\/wp-json\/wp\/v2\/pages\/1416","targetHints":{"allow":["GET"]}}],"collection":[{"href":"https:\/\/monplaisir.geek-tonic.dev\/en\/wp-json\/wp\/v2\/pages"}],"about":[{"href":"https:\/\/monplaisir.geek-tonic.dev\/en\/wp-json\/wp\/v2\/types\/page"}],"author":[{"embeddable":true,"href":"https:\/\/monplaisir.geek-tonic.dev\/en\/wp-json\/wp\/v2\/users\/1"}],"replies":[{"embeddable":true,"href":"https:\/\/monplaisir.geek-tonic.dev\/en\/wp-json\/wp\/v2\/comments?post=1416"}],"version-history":[{"count":4,"href":"https:\/\/monplaisir.geek-tonic.dev\/en\/wp-json\/wp\/v2\/pages\/1416\/revisions"}],"predecessor-version":[{"id":2408,"href":"https:\/\/monplaisir.geek-tonic.dev\/en\/wp-json\/wp\/v2\/pages\/1416\/revisions\/2408"}],"wp:featuredmedia":[{"embeddable":true,"href":"https:\/\/monplaisir.geek-tonic.dev\/en\/wp-json\/wp\/v2\/media\/2372"}],"wp:attachment":[{"href":"https:\/\/monplaisir.geek-tonic.dev\/en\/wp-json\/wp\/v2\/media?parent=1416"}],"wp:term":[{"taxonomy":"sujet","embeddable":true,"href":"https:\/\/monplaisir.geek-tonic.dev\/en\/wp-json\/wp\/v2\/sujet?post=1416"}],"curies":[{"name":"wp","href":"https:\/\/api.w.org\/{rel}","templated":true}]}}