{"id":1550,"date":"2024-02-23T12:08:25","date_gmt":"2024-02-23T11:08:25","guid":{"rendered":"https:\/\/www.monplaisir.geek-tonic.dev\/contact-op\/"},"modified":"2024-08-19T14:20:35","modified_gmt":"2024-08-19T12:20:35","slug":"contact-op","status":"publish","type":"page","link":"https:\/\/monplaisir.geek-tonic.dev\/nl\/contact-op\/","title":{"rendered":"INFO EN CONTACT"},"content":{"rendered":"<section id=\"ls-section-block_c1d13e01ad80295d2c12d4730ceceb28\" class=\"ls-section  page-one has-background has-color-4-background-color has-m-t m-t-0 has-m-b m-b-0 has-p-t p-t-14 has-p-b p-b-14\" >\r\n        <div class=\"container container--wide\">\r\n        \n\n<div class=\"wp-block-columns is-layout-flex wp-container-core-columns-is-layout-1 wp-block-columns-is-layout-flex\">\n<div class=\"wp-block-column is-vertically-aligned-center animated fadeInLeft delay-100ms slow is-layout-flow wp-block-column-is-layout-flow\" style=\"flex-basis:45%\">\n<iframe src=\"https:\/\/www.google.com\/maps\/embed?pb=!1m18!1m12!1m3!1d88973.46934480015!2d-1.235808660839797!3d45.82285469620742!2m3!1f0!2f0!3f0!3m2!1i1024!2i768!4f13.1!3m3!1m2!1s0x48016184c857560d%3A0xbd79661312ad9f4b!2sFlower%20Camping%20Monplaisir%20%7C%20Camping%20Ol%C3%A9ron%202%20%C3%A9toiles!5e0!3m2!1sfr!2sfr!4v1708686598885!5m2!1sfr!2sfr\" width=\"100%\" height=\"500\" style=\"border:0;\" allowfullscreen=\"\" loading=\"lazy\" referrerpolicy=\"no-referrer-when-downgrade\"><\/iframe>\n<\/div>\n\n\n\n<div class=\"wp-block-column is-vertically-aligned-center animated fadeInRight slow is-layout-flow wp-block-column-is-layout-flow\" style=\"flex-basis:55%\">\n<h1 class=\"ls__heading wp-block-heading\">Contact en routebeschrijving<\/h1>\n\n\n\n<h2 class=\"ls__heading wp-block-heading\">Naar de camping komen<\/h2>\n\n\n\n<p class=\"ls-paragraph\"><a href=\"https:\/\/www.bel-air-camping.com\/#pdf-6\">Download hier je volledige mobiliteitsdossier!<\/a><\/p>\n\n\n\n<p class=\"ls-paragraph\">Neem een exotische route om je <a href=\"https:\/\/www.monplaisir.geek-tonic.dev\/nl\/\"> 4-sterrencamping op het Ile d&#8217;Ol\u00e9ron<\/a> te bereiken. De meest gebruikelijke methode is om naar het eiland te rijden. Je kunt de A837 vanuit Bordeaux of de A10 vanuit Parijs nemen naar Rochefort (een brug verbindt het eiland met het vasteland vanuit Rochefort), volg dan de borden naar Ile d&#8217;Ol\u00e9ron. Volg dan de borden naar Saint-Trojan-les-Bains.<\/p>\n\n\n\n<p class=\"ls-paragraph\">Voer <strong>ons<\/strong> <strong>adres<\/strong> in uw GPS in: 8 Avenue des Bris, 17370 Saint-Trojan-les-Bains<\/p>\n\n\n\n<p class=\"ls-paragraph\">  Of onze <strong>GPS-co\u00f6rdinaten<\/strong>:  <\/p>\n\n\n\n<ul class=\"ls-list wp-block-list\">\n\n<li>N : 45.83368266123076,  <\/li>\n\n\n<li>O : -1.212903478474012<\/li>\n\n<\/ul>\n<\/div>\n<\/div>\n\n\r\n    <\/div>\r\n<\/section><section id=\"ls-section-block_3996c476340aa86317b7e7693ccf2fbd\" class=\"ls-section  page-one has-m-t m-t-0 has-m-b m-b-0 has-p-t p-t-14 has-p-b p-b-0\" >\r\n        <div class=\"container container--wide\">\r\n        \n\n<div class=\"wp-block-columns is-layout-flex wp-container-core-columns-is-layout-2 wp-block-columns-is-layout-flex\">\n<div class=\"wp-block-column first  animated fadeInLeft slow is-layout-flow wp-block-column-is-layout-flow\" style=\"flex-basis:55%\">\n<h2 class=\"ls__heading wp-block-heading\">Neem contact met ons op<\/h2>\n\n\n\n<p class=\"ls-paragraph\">Alycia en het receptieteam helpen je graag het hele jaar door,<strong> telefonisch op +33 (0)5 46 76 01 03<\/strong>, elke dag van 9 tot 19 uur. Als je niet beschikbaar bent, kun je een bericht achterlaten. We nemen dan zo snel mogelijk contact met je op.<\/p>\n\n\n\n<p class=\"ls-paragraph\">Stuur ons je schriftelijke verzoek per post naar het adres van de camping of<strong> per e-mail <\/strong>naar <a href=\"mailto:camping.monplaisir@flowercampings.com\">monplaisir@flowercampings.com.<\/a> U kunt ook contact met ons opnemen door dit formulier in te vullen.  <\/p>\n\n\n\n<p class=\"ls-paragraph\">Je kunt ook contact met ons opnemen via onze sociale netwerken. Volg ons nieuws en onze speciale aanbiedingen op <a href=\"https:\/\/www.instagram.com\/flowercampingmonplaisir\/\" target=\"_blank\" rel=\"noreferrer noopener\">Instagram<\/a> en <a href=\"https:\/\/www.facebook.com\/people\/Flower-Camping-Monplaisir\/61556212483169\/\" target=\"_blank\" rel=\"noreferrer noopener\">Facebook<\/a>.<\/p>\n<\/div>\n\n\n\n<div class=\"wp-block-column second animated fadeInRight delay-100ms slow is-layout-flow wp-block-column-is-layout-flow\" style=\"flex-basis:45%\">\n<div class=\"wp-block-contact-form-7-contact-form-selector\">\n<div class=\"wpcf7 no-js\" id=\"wpcf7-f1109-o1\" lang=\"nl-NL\" dir=\"ltr\" data-wpcf7-id=\"1109\">\n<div class=\"screen-reader-response\"><p role=\"status\" aria-live=\"polite\" aria-atomic=\"true\"><\/p> <ul><\/ul><\/div>\n<form action=\"\/nl\/wp-json\/wp\/v2\/pages\/1550#wpcf7-f1109-o1\" method=\"post\" class=\"wpcf7-form init\" aria-label=\"Contactformulier\" novalidate=\"novalidate\" data-status=\"init\">\n<div style=\"display: none;\">\n<input type=\"hidden\" name=\"_wpcf7\" value=\"1109\" \/>\n<input type=\"hidden\" name=\"_wpcf7_version\" value=\"6.0\" \/>\n<input type=\"hidden\" name=\"_wpcf7_locale\" value=\"nl_NL\" \/>\n<input type=\"hidden\" name=\"_wpcf7_unit_tag\" value=\"wpcf7-f1109-o1\" \/>\n<input type=\"hidden\" name=\"_wpcf7_container_post\" value=\"0\" \/>\n<input type=\"hidden\" name=\"_wpcf7_posted_data_hash\" value=\"\" \/>\n<input type=\"hidden\" name=\"_wpcf7_recaptcha_response\" value=\"\" \/>\n<\/div>\n<p><label> Uw naam<br \/>\n<span class=\"wpcf7-form-control-wrap\" data-name=\"your-name\"><input size=\"40\" maxlength=\"400\" class=\"wpcf7-form-control wpcf7-text wpcf7-validates-as-required\" autocomplete=\"name\" aria-required=\"true\" aria-invalid=\"false\" value=\"\" type=\"text\" name=\"your-name\" \/><\/span> <\/label>\n<\/p>\n<p><label> Uw e-mail<br \/>\n<span class=\"wpcf7-form-control-wrap\" data-name=\"your-email\"><input size=\"40\" maxlength=\"400\" class=\"wpcf7-form-control wpcf7-email wpcf7-validates-as-required wpcf7-text wpcf7-validates-as-email\" autocomplete=\"email\" aria-required=\"true\" aria-invalid=\"false\" value=\"\" type=\"email\" name=\"your-email\" \/><\/span> <\/label>\n<\/p>\n<p><label> Object<br \/>\n<span class=\"wpcf7-form-control-wrap\" data-name=\"your-subject\"><input size=\"40\" maxlength=\"400\" class=\"wpcf7-form-control wpcf7-text wpcf7-validates-as-required\" aria-required=\"true\" aria-invalid=\"false\" value=\"\" type=\"text\" name=\"your-subject\" \/><\/span> <\/label>\n<\/p>\n<p><label> Uw bericht<br \/>\n<span class=\"wpcf7-form-control-wrap\" data-name=\"your-message\"><textarea cols=\"40\" rows=\"10\" maxlength=\"2000\" class=\"wpcf7-form-control wpcf7-textarea\" aria-invalid=\"false\" name=\"your-message\"><\/textarea><\/span> <\/label>\n<\/p>\n<p><span class=\"wpcf7-form-control-wrap\" data-name=\"acceptance-194\"><span class=\"wpcf7-form-control wpcf7-acceptance\"><span class=\"wpcf7-list-item\"><label><input type=\"checkbox\" name=\"acceptance-194\" value=\"1\" aria-invalid=\"false\" \/><span class=\"wpcf7-list-item-label\">Door dit vakje aan te vinken, accepteer ik het <a href=\"\/nl\/privacybeleid\/\" rel=\"nofollow\" target=\"_blank\">Privacybeleid<\/a> van deze site.<\/span><\/label><\/span><\/span><\/span>\n<\/p>\n<p><input class=\"wpcf7-form-control wpcf7-submit has-spinner\" type=\"submit\" value=\"Versturen\" \/>\n<\/p><input type='hidden' class='wpcf7-pum' value='{\"closepopup\":false,\"closedelay\":0,\"openpopup\":false,\"openpopup_id\":0}' \/><div class=\"wpcf7-response-output\" aria-hidden=\"true\"><\/div>\n<\/form>\n<\/div>\n<\/div>\n<\/div>\n<\/div>\n\n\r\n    <\/div>\r\n<\/section><section id=\"ls-section-block_4b3a8f1cfc2590d8115fb8e53b734b7d\" class=\"ls-section  page-one has-background has-color-3-background-color has-p-t p-t-14\" >\r\n        <div class=\"container container--wide\">\r\n        \n\n<div class=\"wp-block-columns is-layout-flex wp-container-core-columns-is-layout-3 wp-block-columns-is-layout-flex\">\n<div class=\"wp-block-column is-vertically-aligned-center first  animated fadeInLeft slow is-layout-flow wp-block-column-is-layout-flow\" style=\"flex-basis:45%\">\n<figure class=\"wp-block-image size-full\"><a href=\"https:\/\/www.monplaisir.geek-tonic.dev\/wp-content\/uploads\/sites\/12\/2024\/08\/Flower_Saint_Trojan_Camping_MonPlaisir-5_1-scaled.jpg\"><img decoding=\"async\" width=\"2560\" height=\"1920\" src=\"https:\/\/www.monplaisir.geek-tonic.dev\/wp-content\/uploads\/sites\/12\/2024\/08\/Flower_Saint_Trojan_Camping_MonPlaisir-5_1-scaled.jpg\" alt=\"Flower Saint Trojan Camping MonPlaisir 5 1\" class=\"wp-image-2198\" srcset=\"https:\/\/monplaisir.geek-tonic.dev\/wp-content\/uploads\/sites\/12\/2024\/08\/Flower_Saint_Trojan_Camping_MonPlaisir-5_1-scaled.jpg 2560w, https:\/\/monplaisir.geek-tonic.dev\/wp-content\/uploads\/sites\/12\/2024\/08\/Flower_Saint_Trojan_Camping_MonPlaisir-5_1-300x225.jpg 300w, https:\/\/monplaisir.geek-tonic.dev\/wp-content\/uploads\/sites\/12\/2024\/08\/Flower_Saint_Trojan_Camping_MonPlaisir-5_1-1024x768.jpg 1024w, https:\/\/monplaisir.geek-tonic.dev\/wp-content\/uploads\/sites\/12\/2024\/08\/Flower_Saint_Trojan_Camping_MonPlaisir-5_1-768x576.jpg 768w, https:\/\/monplaisir.geek-tonic.dev\/wp-content\/uploads\/sites\/12\/2024\/08\/Flower_Saint_Trojan_Camping_MonPlaisir-5_1-1536x1152.jpg 1536w, https:\/\/monplaisir.geek-tonic.dev\/wp-content\/uploads\/sites\/12\/2024\/08\/Flower_Saint_Trojan_Camping_MonPlaisir-5_1-2048x1536.jpg 2048w\" sizes=\"(max-width: 2560px) 100vw, 2560px\" \/><\/a><\/figure>\n<\/div>\n\n\n\n<div class=\"wp-block-column is-vertically-aligned-center second animated fadeInRight delay-100ms slow is-layout-flow wp-block-column-is-layout-flow\" style=\"flex-basis:55%\">\n<h2 class=\"ls__heading wp-block-heading\">Praktische informatie<\/h2>\n\n\n\n<p class=\"ls-paragraph has-color-black-color has-text-color has-link-color wp-elements-d2b3370972cd6c380b661ce14c227b39\">Onze camping ligt op een bebost terrein en biedt in totaal 129 staanplaatsen. Onze camping is toegankelijk voor mensen met beperkte mobiliteit.<\/p>\n\n\n\n<p class=\"ls-paragraph\">Ons receptieteam spreekt Frans en Engels en Spaans.<\/p>\n\n\n\n<p class=\"ls-paragraph\">Honden welkom onder bepaalde voorwaarden. Neem contact op met de camping voor meer informatie.<\/p>\n<\/div>\n<\/div>\n\n\r\n    <\/div>\r\n<\/section><section id=\"ls-section-block_914014482844340173387823a8e9d72f\" class=\"ls-section  page-one has-m-t m-t-0 has-m-b m-b-0 has-p-t p-t-14 has-p-b p-b-14\" >\r\n        <div class=\"container container--wide\">\r\n        \n\n<div class=\"wp-block-columns is-layout-flex wp-container-core-columns-is-layout-4 wp-block-columns-is-layout-flex\">\n<div class=\"wp-block-column first  animated fadeInLeft slow is-layout-flow wp-block-column-is-layout-flow\" style=\"flex-basis:55%\">\n<h3 class=\"ls__heading wp-block-heading\"><strong>Openingstijden van de camping en diensten<\/strong><\/h3>\n\n\n\n<p class=\"ls-paragraph\">Sie profitieren von unserem Campingplatz von Mitte Mai bis einschlie\u00dflich September, also vom 18. Mai bis zum 29. September 2024 und von April bis September f\u00fcr das Jahr 2025. In dieser Zeit k\u00f6nnen Sie die Dienstleistungen vor Ort nutzen: Empfang, Sanit\u00e4ranlagen, Kinderspielpl\u00e4tze, Fahrradverleih, Planchas, Bettw\u00e4sche und Handt\u00fccher sowie den <a href=\"https:\/\/www.monplaisir.geek-tonic.dev\/nl\/camping-met-waterpark-ile-doleron\/\">Wasserbereich <\/a>und das Restaurant <\/p>\n\n\n\n<p class=\"ls-paragraph\">De receptie is het hele seizoen geopend op de volgende tijden (ter informatie, onder voorbehoud van wijzigingen):<\/p>\n\n\n\n<div class=\"ls-lire-plus\">\n    <input id=\"ls-lire-plus-block_c954758c6885f238189f021b2f3303eb69e7c8418213c\" type=\"checkbox\" class=\"ls-lire-plus__toggle\"  \/>\n    <label for=\"ls-lire-plus-block_c954758c6885f238189f021b2f3303eb69e7c8418213c\" class=\"ls-lire-plus__toggle-label\">\n        <span>Lire plus<\/span>\n        <span>Lire moins<\/span>\n    <\/label>\n    <div class=\"ls-lire-plus__content\">\n        \n\n<p class=\"ls-paragraph\">Laagseizoen: 9u-12u \/ 14u-19u<br\/>Hoogseizoen: 8.30-20<\/p>\n\n\n\n<p class=\"ls-paragraph\">Komt u aan nadat de receptie gesloten is? Maak je geen zorgen, bij <a href=\"https:\/\/www.monplaisir.geek-tonic.dev\/nl\/\">Monplaisir<\/a> hebben we aan alles gedacht! Laat ons receptieteam weten hoe laat je aankomt. We sturen je per e-mail of telefoon alle informatie die je nodig hebt voor je late aankomst: waar je je sleutel of badge kunt ophalen, plattegrond van de camping, dienstregeling en restaurantmenu.<\/p>\n\n\n\n<p class=\"ls-paragraph\">Dit zijn onze aankomst- en vertrektijden voor uw kampeervakantie op het Ile d&#8217;Ol\u00e9ron :<\/p>\n\n\n\n<p class=\"ls-paragraph\">verhuur: aankomst na 16.00 uur en vertrek voor 10.00 uur<\/p>\n\n\n\n<p class=\"ls-paragraph\">verblijf op een kale kampeerplaats: na 15.00 uur en vertrek voor 12.00 uur<\/p>\n\n\n\n<p class=\"ls-paragraph\">Geniet in de zomer van ons <a href=\"https:\/\/www.monplaisir.geek-tonic.dev\/nl\/camping-animaties-ile-doleron\/\">entertainmentprogramma <\/a>van 8 juli tot 30 augustus. Bezoek de <a href=\"https:\/\/www.monplaisir.geek-tonic.dev\/nl\/camping-animaties-ile-doleron\/\">speciale pagina <\/a>voor meer informatie over onze evenementen.<\/p>\n\n        <div class=\"ls-lire-plus__gradient\" style=\"background: linear-gradient(to bottom,rgba(255,255,255,0) 0%,rgba(255,255,255,1) 100%);\"><\/div>\n    <\/div>\n<\/div><\/div>\n\n\n\n<div class=\"wp-block-column second animated fadeInRight delay-100ms slow is-layout-flow wp-block-column-is-layout-flow\" style=\"flex-basis:45%\">\n<h3 class=\"ls__heading wp-block-heading\"><strong>Veiligheid en borg<\/strong><\/h3>\n\n\n\n<p class=\"ls-paragraph\">Op Camping Monplaisir staat ieders gemoedsrust voorop. Onze in- en uitgangspoorten zijn &#8217;s nachts niet beschikbaar en zijn toegankelijk met een badge van 7 uur &#8217;s ochtends tot 11 uur &#8217;s avonds. Voor vakantiegangers die na sluitingstijd arriveren, zijn er parkeerplaatsen beschikbaar rond de camping. De camping is 24 uur per dag toegankelijk voor voetgangers en fietsers, vlakbij de poorten.<\/p>\n\n\n\n<div class=\"ls-lire-plus\">\n    <input id=\"ls-lire-plus-block_c954758c6885f238189f021b2f3303eb69e7c84182997\" type=\"checkbox\" class=\"ls-lire-plus__toggle\"  \/>\n    <label for=\"ls-lire-plus-block_c954758c6885f238189f021b2f3303eb69e7c84182997\" class=\"ls-lire-plus__toggle-label\">\n        <span>Lire plus<\/span>\n        <span>Lire moins<\/span>\n    <\/label>\n    <div class=\"ls-lire-plus__content\">\n        \n\n<p class=\"ls-paragraph\">Bovendien wordt onze camping in de zomer &#8217;s nachts bewaakt. Onze conci\u00ebrge maakt verschillende rondes en zorgt ervoor dat de huisregels worden toegepast en dat de vakantiegangers volledig stil blijven. In het geval van een incident of geluidsoverlast, kun je dit melden bij de bewaker of contact opnemen met een noodnummer dat je bij aankomst wordt gegeven.<\/p>\n\n\n\n<p class=\"ls-paragraph\">Bij aankomst vragen we een borg voor de toegangsbadge, ongeacht de duur van je verblijf:<\/p>\n\n\n\n<p class=\"ls-paragraph\"><br\/>20\u20ac voor staanplaatsen, vanaf 300\u20ac voorhuuraccommodaties. <\/p>\n\n\n\n<p class=\"ls-paragraph\">Vind alle informatie die je nodig hebt op deze pagina.<\/p>\n\n\n\n<p class=\"ls-paragraph\">Ons team voert een systematische eindcontrole uit voor de huuraccommodaties. Meld je aan voor het uitcheckschema en bereid je met een gerust hart voor op het einde van je verblijf. Monplaisir voert geen ingangscontroles uit. Deze worden vooraf uitgevoerd door onze hygi\u00ebneteams.<\/p>\n\n\n\n<p class=\"ls-paragraph\">Ontdek meer over onze camping door onze algemene verkoopvoorwaarden te downloaden of op <a href=\"https:\/\/www.flowercampings.com\/page\/application-mobile\" target=\"_blank\" rel=\"noreferrer noopener\">onze My Flower applicatie<\/a>.<\/p>\n\n\n\n<p class=\"ls-paragraph\">Kies voor <a href=\"https:\/\/www.monplaisir.geek-tonic.dev\/nl\/verhuur-van-stacaravans-ile-doleron\/\">camping Monplaisir <\/a>voor uw kampeervakantie op het Ile d&#8217;Ol\u00e9ron en profiteer van onze speciale <a href=\"https:\/\/www.monplaisir.geek-tonic.dev\/nl\/camping-promotie-ile-doleron\/\">aanbiedingen <\/a>voor een droomvakantie in een huuraccommodatie of op <a href=\"https:\/\/www.monplaisir.geek-tonic.dev\/nl\/verhuur-van-stacaravans-ile-doleron\/\">een staanplaats<\/a>.<\/p>\n\n        <div class=\"ls-lire-plus__gradient\" style=\"background: linear-gradient(to bottom,rgba(255,255,255,0) 0%,rgba(255,255,255,1) 100%);\"><\/div>\n    <\/div>\n<\/div><\/div>\n<\/div>\n\n\r\n    <\/div>\r\n<\/section>","protected":false},"excerpt":{"rendered":"","protected":false},"author":1,"featured_media":1551,"parent":0,"menu_order":0,"comment_status":"closed","ping_status":"closed","template":"","meta":{"_acf_changed":false,"footnotes":""},"sujet":[],"class_list":["post-1550","page","type-page","status-publish","has-post-thumbnail","hentry"],"acf":[],"yoast_head":"<!-- This site is optimized with the Yoast SEO plugin v23.9 - https:\/\/yoast.com\/wordpress\/plugins\/seo\/ -->\n<title>Contact opnemen met de camping Monplaisir | Routebeschrijving camping \u00eele d&#039;Ol\u00e9ron<\/title>\n<meta name=\"robots\" content=\"noindex, follow, max-snippet:-1, max-image-preview:large, max-video-preview:-1\" \/>\n<meta property=\"og:locale\" content=\"nl_NL\" \/>\n<meta property=\"og:type\" content=\"article\" \/>\n<meta property=\"og:title\" content=\"Contact opnemen met de camping Monplaisir | Routebeschrijving camping \u00eele d&#039;Ol\u00e9ron\" \/>\n<meta property=\"og:url\" content=\"https:\/\/monplaisir.geek-tonic.dev\/nl\/contact-op\/\" \/>\n<meta property=\"og:site_name\" content=\"Camping Monplaisir\" \/>\n<meta property=\"article:modified_time\" content=\"2024-08-19T12:20:35+00:00\" \/>\n<meta property=\"og:image\" content=\"https:\/\/monplaisir.geek-tonic.dev\/wp-content\/uploads\/sites\/12\/2024\/02\/contact-acces-camping-il-d-oleron.webp\" \/>\n\t<meta property=\"og:image:width\" content=\"2000\" \/>\n\t<meta property=\"og:image:height\" content=\"1201\" \/>\n\t<meta property=\"og:image:type\" content=\"image\/webp\" \/>\n<meta name=\"twitter:card\" content=\"summary_large_image\" \/>\n<meta name=\"twitter:label1\" content=\"Geschatte leestijd\" \/>\n\t<meta name=\"twitter:data1\" content=\"4 minuten\" \/>\n<script type=\"application\/ld+json\" class=\"yoast-schema-graph\">{\"@context\":\"https:\/\/schema.org\",\"@graph\":[{\"@type\":\"WebPage\",\"@id\":\"https:\/\/monplaisir.geek-tonic.dev\/nl\/contact-op\/\",\"url\":\"https:\/\/monplaisir.geek-tonic.dev\/nl\/contact-op\/\",\"name\":\"Contact opnemen met de camping Monplaisir | Routebeschrijving camping \u00eele d'Ol\u00e9ron\",\"isPartOf\":{\"@id\":\"https:\/\/monplaisir.geek-tonic.dev\/nl\/#website\"},\"primaryImageOfPage\":{\"@id\":\"https:\/\/monplaisir.geek-tonic.dev\/nl\/contact-op\/#primaryimage\"},\"image\":{\"@id\":\"https:\/\/monplaisir.geek-tonic.dev\/nl\/contact-op\/#primaryimage\"},\"thumbnailUrl\":\"https:\/\/monplaisir.geek-tonic.dev\/wp-content\/uploads\/sites\/12\/2024\/02\/contact-acces-camping-il-d-oleron.webp\",\"datePublished\":\"2024-02-23T11:08:25+00:00\",\"dateModified\":\"2024-08-19T12:20:35+00:00\",\"breadcrumb\":{\"@id\":\"https:\/\/monplaisir.geek-tonic.dev\/nl\/contact-op\/#breadcrumb\"},\"inLanguage\":\"nl-NL\",\"potentialAction\":[{\"@type\":\"ReadAction\",\"target\":[\"https:\/\/monplaisir.geek-tonic.dev\/nl\/contact-op\/\"]}]},{\"@type\":\"ImageObject\",\"inLanguage\":\"nl-NL\",\"@id\":\"https:\/\/monplaisir.geek-tonic.dev\/nl\/contact-op\/#primaryimage\",\"url\":\"https:\/\/monplaisir.geek-tonic.dev\/wp-content\/uploads\/sites\/12\/2024\/02\/contact-acces-camping-il-d-oleron.webp\",\"contentUrl\":\"https:\/\/monplaisir.geek-tonic.dev\/wp-content\/uploads\/sites\/12\/2024\/02\/contact-acces-camping-il-d-oleron.webp\",\"width\":2000,\"height\":1201,\"caption\":\"contact opnemen met camping il d oleron\"},{\"@type\":\"BreadcrumbList\",\"@id\":\"https:\/\/monplaisir.geek-tonic.dev\/nl\/contact-op\/#breadcrumb\",\"itemListElement\":[{\"@type\":\"ListItem\",\"position\":1,\"name\":\"Camping sur l\u2019\u00cele d'Ol\u00e9ron\",\"item\":\"https:\/\/monplaisir.geek-tonic.dev\/nl\/\"},{\"@type\":\"ListItem\",\"position\":2,\"name\":\"Contact en routebeschrijving, kamperen op het Ile d'Ol\u00e9ron\"}]},{\"@type\":\"WebSite\",\"@id\":\"https:\/\/monplaisir.geek-tonic.dev\/nl\/#website\",\"url\":\"https:\/\/monplaisir.geek-tonic.dev\/nl\/\",\"name\":\"Camping Monplaisir\",\"description\":\"\",\"publisher\":{\"@id\":\"https:\/\/monplaisir.geek-tonic.dev\/nl\/#organization\"},\"potentialAction\":[{\"@type\":\"SearchAction\",\"target\":{\"@type\":\"EntryPoint\",\"urlTemplate\":\"https:\/\/monplaisir.geek-tonic.dev\/nl\/?s={search_term_string}\"},\"query-input\":{\"@type\":\"PropertyValueSpecification\",\"valueRequired\":true,\"valueName\":\"search_term_string\"}}],\"inLanguage\":\"nl-NL\"},{\"@type\":\"Organization\",\"@id\":\"https:\/\/monplaisir.geek-tonic.dev\/nl\/#organization\",\"name\":\"Camping Monplaisir\",\"url\":\"https:\/\/monplaisir.geek-tonic.dev\/nl\/\",\"logo\":{\"@type\":\"ImageObject\",\"inLanguage\":\"nl-NL\",\"@id\":\"https:\/\/monplaisir.geek-tonic.dev\/nl\/#\/schema\/logo\/image\/\",\"url\":\"https:\/\/monplaisir.geek-tonic.dev\/wp-content\/uploads\/sites\/12\/2024\/02\/cropped-logo-Flower-camping-Monplaisir.png\",\"contentUrl\":\"https:\/\/monplaisir.geek-tonic.dev\/wp-content\/uploads\/sites\/12\/2024\/02\/cropped-logo-Flower-camping-Monplaisir.png\",\"width\":500,\"height\":660,\"caption\":\"Camping Monplaisir\"},\"image\":{\"@id\":\"https:\/\/monplaisir.geek-tonic.dev\/nl\/#\/schema\/logo\/image\/\"}}]}<\/script>\n<!-- \/ Yoast SEO plugin. -->","yoast_head_json":{"title":"Contact opnemen met de camping Monplaisir | Routebeschrijving camping \u00eele d'Ol\u00e9ron","robots":{"index":"noindex","follow":"follow","max-snippet":"max-snippet:-1","max-image-preview":"max-image-preview:large","max-video-preview":"max-video-preview:-1"},"og_locale":"nl_NL","og_type":"article","og_title":"Contact opnemen met de camping Monplaisir | Routebeschrijving camping \u00eele d'Ol\u00e9ron","og_url":"https:\/\/monplaisir.geek-tonic.dev\/nl\/contact-op\/","og_site_name":"Camping Monplaisir","article_modified_time":"2024-08-19T12:20:35+00:00","og_image":[{"width":2000,"height":1201,"url":"https:\/\/monplaisir.geek-tonic.dev\/wp-content\/uploads\/sites\/12\/2024\/02\/contact-acces-camping-il-d-oleron.webp","type":"image\/webp"}],"twitter_card":"summary_large_image","twitter_misc":{"Geschatte leestijd":"4 minuten"},"schema":{"@context":"https:\/\/schema.org","@graph":[{"@type":"WebPage","@id":"https:\/\/monplaisir.geek-tonic.dev\/nl\/contact-op\/","url":"https:\/\/monplaisir.geek-tonic.dev\/nl\/contact-op\/","name":"Contact opnemen met de camping Monplaisir | Routebeschrijving camping \u00eele d'Ol\u00e9ron","isPartOf":{"@id":"https:\/\/monplaisir.geek-tonic.dev\/nl\/#website"},"primaryImageOfPage":{"@id":"https:\/\/monplaisir.geek-tonic.dev\/nl\/contact-op\/#primaryimage"},"image":{"@id":"https:\/\/monplaisir.geek-tonic.dev\/nl\/contact-op\/#primaryimage"},"thumbnailUrl":"https:\/\/monplaisir.geek-tonic.dev\/wp-content\/uploads\/sites\/12\/2024\/02\/contact-acces-camping-il-d-oleron.webp","datePublished":"2024-02-23T11:08:25+00:00","dateModified":"2024-08-19T12:20:35+00:00","breadcrumb":{"@id":"https:\/\/monplaisir.geek-tonic.dev\/nl\/contact-op\/#breadcrumb"},"inLanguage":"nl-NL","potentialAction":[{"@type":"ReadAction","target":["https:\/\/monplaisir.geek-tonic.dev\/nl\/contact-op\/"]}]},{"@type":"ImageObject","inLanguage":"nl-NL","@id":"https:\/\/monplaisir.geek-tonic.dev\/nl\/contact-op\/#primaryimage","url":"https:\/\/monplaisir.geek-tonic.dev\/wp-content\/uploads\/sites\/12\/2024\/02\/contact-acces-camping-il-d-oleron.webp","contentUrl":"https:\/\/monplaisir.geek-tonic.dev\/wp-content\/uploads\/sites\/12\/2024\/02\/contact-acces-camping-il-d-oleron.webp","width":2000,"height":1201,"caption":"contact opnemen met camping il d oleron"},{"@type":"BreadcrumbList","@id":"https:\/\/monplaisir.geek-tonic.dev\/nl\/contact-op\/#breadcrumb","itemListElement":[{"@type":"ListItem","position":1,"name":"Camping sur l\u2019\u00cele d'Ol\u00e9ron","item":"https:\/\/monplaisir.geek-tonic.dev\/nl\/"},{"@type":"ListItem","position":2,"name":"Contact en routebeschrijving, kamperen op het Ile d'Ol\u00e9ron"}]},{"@type":"WebSite","@id":"https:\/\/monplaisir.geek-tonic.dev\/nl\/#website","url":"https:\/\/monplaisir.geek-tonic.dev\/nl\/","name":"Camping Monplaisir","description":"","publisher":{"@id":"https:\/\/monplaisir.geek-tonic.dev\/nl\/#organization"},"potentialAction":[{"@type":"SearchAction","target":{"@type":"EntryPoint","urlTemplate":"https:\/\/monplaisir.geek-tonic.dev\/nl\/?s={search_term_string}"},"query-input":{"@type":"PropertyValueSpecification","valueRequired":true,"valueName":"search_term_string"}}],"inLanguage":"nl-NL"},{"@type":"Organization","@id":"https:\/\/monplaisir.geek-tonic.dev\/nl\/#organization","name":"Camping Monplaisir","url":"https:\/\/monplaisir.geek-tonic.dev\/nl\/","logo":{"@type":"ImageObject","inLanguage":"nl-NL","@id":"https:\/\/monplaisir.geek-tonic.dev\/nl\/#\/schema\/logo\/image\/","url":"https:\/\/monplaisir.geek-tonic.dev\/wp-content\/uploads\/sites\/12\/2024\/02\/cropped-logo-Flower-camping-Monplaisir.png","contentUrl":"https:\/\/monplaisir.geek-tonic.dev\/wp-content\/uploads\/sites\/12\/2024\/02\/cropped-logo-Flower-camping-Monplaisir.png","width":500,"height":660,"caption":"Camping Monplaisir"},"image":{"@id":"https:\/\/monplaisir.geek-tonic.dev\/nl\/#\/schema\/logo\/image\/"}}]}},"_links":{"self":[{"href":"https:\/\/monplaisir.geek-tonic.dev\/nl\/wp-json\/wp\/v2\/pages\/1550","targetHints":{"allow":["GET"]}}],"collection":[{"href":"https:\/\/monplaisir.geek-tonic.dev\/nl\/wp-json\/wp\/v2\/pages"}],"about":[{"href":"https:\/\/monplaisir.geek-tonic.dev\/nl\/wp-json\/wp\/v2\/types\/page"}],"author":[{"embeddable":true,"href":"https:\/\/monplaisir.geek-tonic.dev\/nl\/wp-json\/wp\/v2\/users\/1"}],"replies":[{"embeddable":true,"href":"https:\/\/monplaisir.geek-tonic.dev\/nl\/wp-json\/wp\/v2\/comments?post=1550"}],"version-history":[{"count":16,"href":"https:\/\/monplaisir.geek-tonic.dev\/nl\/wp-json\/wp\/v2\/pages\/1550\/revisions"}],"predecessor-version":[{"id":2398,"href":"https:\/\/monplaisir.geek-tonic.dev\/nl\/wp-json\/wp\/v2\/pages\/1550\/revisions\/2398"}],"wp:featuredmedia":[{"embeddable":true,"href":"https:\/\/monplaisir.geek-tonic.dev\/nl\/wp-json\/wp\/v2\/media\/1551"}],"wp:attachment":[{"href":"https:\/\/monplaisir.geek-tonic.dev\/nl\/wp-json\/wp\/v2\/media?parent=1550"}],"wp:term":[{"taxonomy":"sujet","embeddable":true,"href":"https:\/\/monplaisir.geek-tonic.dev\/nl\/wp-json\/wp\/v2\/sujet?post=1550"}],"curies":[{"name":"wp","href":"https:\/\/api.w.org\/{rel}","templated":true}]}}